{"id":10132,"date":"2024-08-21T20:46:53","date_gmt":"2024-08-21T19:46:53","guid":{"rendered":"https:\/\/tremunpiercing.com\/?post_type=product&#038;p=10132"},"modified":"2026-04-14T11:28:28","modified_gmt":"2026-04-14T10:28:28","slug":"vanessa","status":"publish","type":"product","link":"https:\/\/tremunpiercing.com\/ro\/product\/vanessa\/","title":{"rendered":"Vanessa"},"content":{"rendered":"<p>Topul filetat Vanessa de la Shanga Jewellery este conceput pentru cei care doresc s\u0103 aib\u0103 o elegan\u021b\u0103 impresionant\u0103. Superbul top din aur masiv de 18k are dimensiunea de 7,5 mm \u0219i prezint\u0103 o piatr\u0103 central\u0103 superb\u0103 din zirconiu cubic. Designul cu filet de 14G asigur\u0103 o potrivire sigur\u0103 \u0219i un aspect profesional; func\u021bioneaz\u0103 perfect cu st\u00e2lpii labret de 14G. Partea de sus cu filet Vanessa este potrivit\u0103 pentru piercingurile \u00een cartilajul urechii sau piercingurile \u00een buze \u0219i are o dimensiune \u00eendr\u0103znea\u021b\u0103 a pietrei pre\u021bioase, \u00eempreun\u0103 cu un finisaj curat \u0219i confortabil. Aceast\u0103 pies\u0103 este creat\u0103 pentru studiourile de piercing \u0219i magazinele de bijuterii, oferind o asigurare de confort hipoalergenic pe care clien\u021bii o pot purta \u0219i \u00een care pot avea \u00eencredere pentru longevitate.<\/p>\n<p>Piatra pre\u021bioas\u0103 str\u0103lucitoare din zirconiu cubic se potrive\u0219te minunat cu aurul cald, f\u0103c\u00e2nd aceast\u0103 pies\u0103 interesant\u0103, dar extrem de u\u0219or de purtat, fie c\u0103 este pentru zi cu zi sau pentru o ocazie special\u0103. V\u00e2rful cu filet Vanessa este un accesoriu luxos pentru orice colec\u021bie de bijuterii; este tipul de bijuterie care se adreseaz\u0103 \u00een special clien\u021bilor care se bucur\u0103 de un piercing statement, av\u00e2nd \u00een acela\u0219i timp o pies\u0103 confortabil\u0103 \u0219i durabil\u0103.<\/p>","protected":false},"excerpt":{"rendered":"<ul>\n<li>Partea superioar\u0103 filetat\u0103<\/li>\n<li>Material: Aur galben 18k<\/li>\n<li>Gauge: 14G<\/li>\n<li>Dimensiune: 7,5 mm<\/li>\n<li>Gem\u0103: Zirconiu cubic<\/li>\n<li>Compatibil cu st\u00e2lpi labret 14G<\/li>\n<li>Brand: Shanga Bijuterii<\/li>\n<\/ul>","protected":false},"featured_media":10133,"comment_status":"closed","ping_status":"closed","template":"","meta":{"_acf_changed":false},"product_brand":[],"product_cat":[337,398],"product_tag":[187,188,189,205,206,212,190,183,213,184,207],"class_list":{"0":"post-10132","1":"product","2":"type-product","3":"status-publish","4":"has-post-thumbnail","6":"product_cat-gold-jewelry","7":"product_cat-shanga","8":"product_tag-conch","9":"product_tag-ear","10":"product_tag-helix","11":"product_tag-lobe","12":"product_tag-lobulo","13":"product_tag-medusa","14":"product_tag-oreja","15":"product_tag-perforacion","16":"product_tag-philtrum","17":"product_tag-piercing","18":"product_tag-tragus","20":"first","21":"instock","22":"taxable","23":"shipping-taxable","24":"purchasable","25":"product-type-simple"},"acf":[],"gallery_images":[29624,29625],"_links":{"self":[{"href":"https:\/\/tremunpiercing.com\/ro\/wp-json\/wp\/v2\/product\/10132","targetHints":{"allow":["GET"]}}],"collection":[{"href":"https:\/\/tremunpiercing.com\/ro\/wp-json\/wp\/v2\/product"}],"about":[{"href":"https:\/\/tremunpiercing.com\/ro\/wp-json\/wp\/v2\/types\/product"}],"replies":[{"embeddable":true,"href":"https:\/\/tremunpiercing.com\/ro\/wp-json\/wp\/v2\/comments?post=10132"}],"version-history":[{"count":1,"href":"https:\/\/tremunpiercing.com\/ro\/wp-json\/wp\/v2\/product\/10132\/revisions"}],"predecessor-version":[{"id":29626,"href":"https:\/\/tremunpiercing.com\/ro\/wp-json\/wp\/v2\/product\/10132\/revisions\/29626"}],"wp:featuredmedia":[{"embeddable":true,"href":"https:\/\/tremunpiercing.com\/ro\/wp-json\/wp\/v2\/media\/10133"}],"wp:attachment":[{"href":"https:\/\/tremunpiercing.com\/ro\/wp-json\/wp\/v2\/media?parent=10132"}],"wp:term":[{"taxonomy":"product_brand","embeddable":true,"href":"https:\/\/tremunpiercing.com\/ro\/wp-json\/wp\/v2\/product_brand?post=10132"},{"taxonomy":"product_cat","embeddable":true,"href":"https:\/\/tremunpiercing.com\/ro\/wp-json\/wp\/v2\/product_cat?post=10132"},{"taxonomy":"product_tag","embeddable":true,"href":"https:\/\/tremunpiercing.com\/ro\/wp-json\/wp\/v2\/product_tag?post=10132"}],"curies":[{"name":"wp","href":"https:\/\/api.w.org\/{rel}","templated":true}]}}