{"id":10139,"date":"2024-08-21T21:07:20","date_gmt":"2024-08-21T20:07:20","guid":{"rendered":"https:\/\/tremunpiercing.com\/?post_type=product&#038;p=10139"},"modified":"2026-04-14T13:11:28","modified_gmt":"2026-04-14T12:11:28","slug":"alisea-4-with-bullets-copy","status":"publish","type":"product","link":"https:\/\/tremunpiercing.com\/ro\/product\/alisea-4-with-bullets-copy\/","title":{"rendered":"Panarea"},"content":{"rendered":"<p>Introduce\u021bi elegan\u021ba de inspira\u021bie italian\u0103 \u00een ofertele dvs. de piercing cu Panarea de la Shanga Jewellery! Acest top filetat este realizat din aur galben de 18k de \u00eenalt\u0103 calitate \u0219i are pietre frumoase de zirconiu cubic care vor str\u0103luci \u00een orice lumin\u0103 sau scen\u0103! Disponibil \u00een mai multe m\u0103rimi-Panarea ofer\u0103 flexibilitate pentru diverse op\u021biuni de plasare, de la cartilajul urechii la n\u0103ri sau piercing-uri la buze. Panarea este fabricat\u0103 pentru a se potrivi \u00een siguran\u021b\u0103 cu st\u00e2lpii labret cu filet at\u00e2t \u00een dimensiunea 16G, c\u00e2t \u0219i 14G, asigur\u00e2nd at\u00e2t o potrivire profesional\u0103, c\u00e2t \u0219i fiabilitate, \u00een plus este u\u0219oar\u0103 \u0219i confortabil\u0103 pentru clien\u021bii dvs. Stilul f\u0103r\u0103 filet v\u0103 permite confortul de a schimba bijuteriile \u00een timp ce r\u0103m\u00e2ne\u021bi \u00een siguran\u021b\u0103.<\/p>\n<p>Materialele luxoase \u0219i designul elegant al Panarea \u00eel fac un element de design important \u00een orice studio de piercing \u0219i\/sau retailer de bijuterii care le ofer\u0103 clien\u021bilor o modalitate de a ad\u0103uga elegan\u021b\u0103 sau ceva special bijuteriilor lor pentru corp. Robust\u0103, hipoalergenic\u0103 \u0219i elegant\u0103, aceast\u0103 pies\u0103 este la fel de versatil\u0103 pe c\u00e2t este de simpl\u0103!<\/p>","protected":false},"excerpt":{"rendered":"<ul>\n<li>Partea superioar\u0103 filetat\u0103<\/li>\n<li>Material: Aur galben 18k<\/li>\n<li>Gem\u0103: Zirconiu cubic<\/li>\n<li>Compatibil cu st\u00e2lpii labret 16G \u0219i 14G<\/li>\n<li>M\u0103rime: Mare - Mic<\/li>\n<li>Brand: Shanga Bijuterii<\/li>\n<\/ul>","protected":false},"featured_media":10142,"comment_status":"closed","ping_status":"closed","template":"","meta":{"_acf_changed":false},"product_brand":[],"product_cat":[337,398],"product_tag":[187,188,189,205,206,212,190,183,213,184,207],"class_list":{"0":"post-10139","1":"product","2":"type-product","3":"status-publish","4":"has-post-thumbnail","6":"product_cat-gold-jewelry","7":"product_cat-shanga","8":"product_tag-conch","9":"product_tag-ear","10":"product_tag-helix","11":"product_tag-lobe","12":"product_tag-lobulo","13":"product_tag-medusa","14":"product_tag-oreja","15":"product_tag-perforacion","16":"product_tag-philtrum","17":"product_tag-piercing","18":"product_tag-tragus","20":"first","21":"instock","22":"featured","23":"taxable","24":"shipping-taxable","25":"purchasable","26":"product-type-variable"},"acf":[],"gallery_images":[29636,29635],"_links":{"self":[{"href":"https:\/\/tremunpiercing.com\/ro\/wp-json\/wp\/v2\/product\/10139","targetHints":{"allow":["GET"]}}],"collection":[{"href":"https:\/\/tremunpiercing.com\/ro\/wp-json\/wp\/v2\/product"}],"about":[{"href":"https:\/\/tremunpiercing.com\/ro\/wp-json\/wp\/v2\/types\/product"}],"replies":[{"embeddable":true,"href":"https:\/\/tremunpiercing.com\/ro\/wp-json\/wp\/v2\/comments?post=10139"}],"version-history":[{"count":1,"href":"https:\/\/tremunpiercing.com\/ro\/wp-json\/wp\/v2\/product\/10139\/revisions"}],"predecessor-version":[{"id":29637,"href":"https:\/\/tremunpiercing.com\/ro\/wp-json\/wp\/v2\/product\/10139\/revisions\/29637"}],"wp:featuredmedia":[{"embeddable":true,"href":"https:\/\/tremunpiercing.com\/ro\/wp-json\/wp\/v2\/media\/10142"}],"wp:attachment":[{"href":"https:\/\/tremunpiercing.com\/ro\/wp-json\/wp\/v2\/media?parent=10139"}],"wp:term":[{"taxonomy":"product_brand","embeddable":true,"href":"https:\/\/tremunpiercing.com\/ro\/wp-json\/wp\/v2\/product_brand?post=10139"},{"taxonomy":"product_cat","embeddable":true,"href":"https:\/\/tremunpiercing.com\/ro\/wp-json\/wp\/v2\/product_cat?post=10139"},{"taxonomy":"product_tag","embeddable":true,"href":"https:\/\/tremunpiercing.com\/ro\/wp-json\/wp\/v2\/product_tag?post=10139"}],"curies":[{"name":"wp","href":"https:\/\/api.w.org\/{rel}","templated":true}]}}