{"id":10168,"date":"2024-08-22T16:17:26","date_gmt":"2024-08-22T15:17:26","guid":{"rendered":"https:\/\/tremunpiercing.com\/?post_type=product&#038;p=10168"},"modified":"2025-12-04T13:22:32","modified_gmt":"2025-12-04T12:22:32","slug":"pear-chevron-2","status":"publish","type":"product","link":"https:\/\/tremunpiercing.com\/ro\/product\/pear-chevron-2\/","title":{"rendered":"Pere Chevron"},"content":{"rendered":"<p>Pear Chevron este un top de bijuterie frumos \u0219i adaptabil de la Shanga Jewellery pentru piercerii profesioni\u0219ti. Fabricat din aur galben de 18k, v\u00e2rful f\u0103r\u0103 filet include o piatr\u0103 de zirconiu cubic t\u0103iat \u00een form\u0103 de par\u0103. Este v\u00e2ndut \u00een 2 dimensiuni, una mare de 3,3 mm x 5,5 mm \u0219i una mic\u0103 de 2,2 mm x 4,5 mm, pentru a permite flexibilitate \u00een plasarea \u00een piercing-uri helix, tragus, nar\u0103 \u0219i lob. Stilul chevron al v\u00e2rfului de bijuterie scoate \u00een eviden\u021b\u0103 str\u0103lucirea pietrei pre\u021bioase, oferind \u00een acela\u0219i timp un stil angular, modern \u0219i t\u0103ios. Este versatil pentru st\u00e2lpii de labret f\u0103r\u0103 filet de 16G \u0219i 14G, oferind profesioni\u0219tilor \u00een piercing o potrivire confortabil\u0103 \u0219i sigur\u0103.<\/p>\n<p>Natura sa elegant\u0103, dar practic\u0103, v\u0103 ofer\u0103 suficient\u0103 flexibilitate pentru a v\u0103 adresa deopotriv\u0103 clien\u021bilor cu stil minimalist \u0219i \u00eendr\u0103zne\u021b, motiv pentru care profesioni\u0219tii o ador\u0103. Aceast\u0103 pies\u0103 este util\u0103 \u00een special pentru clien\u021bii en-gros \u0219i magazinele de bijuterii datorit\u0103 siluetei sale unice care adaug\u0103 diversitate bijuteriilor de \u00eenalt\u0103 calitate dintr-o colec\u021bie de piercing.<\/p>","protected":false},"excerpt":{"rendered":"<ul>\n<li>Top f\u0103r\u0103 filet - pin inoxidabil 25ga<\/li>\n<li>Material: Aur galben 18k<\/li>\n<li>Gem\u0103: Zirconiu cubic<\/li>\n<li>Compatibil cu st\u00e2lpi labret f\u0103r\u0103 filet 16G \u0219i 14G<\/li>\n<li>Dimensiuni: Mare 3,3mm x 5,5mm - Mic 2,2mm x 4,5mm<\/li>\n<li>Brand: Shanga Bijuterii<\/li>\n<\/ul>","protected":false},"featured_media":10171,"comment_status":"closed","ping_status":"closed","template":"","meta":{"_acf_changed":false},"product_brand":[],"product_cat":[337,398],"product_tag":[187,188,189,205,206,212,190,183,213,184,207],"class_list":{"0":"post-10168","1":"product","2":"type-product","3":"status-publish","4":"has-post-thumbnail","6":"product_cat-gold-jewelry","7":"product_cat-shanga","8":"product_tag-conch","9":"product_tag-ear","10":"product_tag-helix","11":"product_tag-lobe","12":"product_tag-lobulo","13":"product_tag-medusa","14":"product_tag-oreja","15":"product_tag-perforacion","16":"product_tag-philtrum","17":"product_tag-piercing","18":"product_tag-tragus","20":"first","21":"instock","22":"featured","23":"taxable","24":"shipping-taxable","25":"product-type-variable"},"acf":[],"gallery_images":[10172],"_links":{"self":[{"href":"https:\/\/tremunpiercing.com\/ro\/wp-json\/wp\/v2\/product\/10168","targetHints":{"allow":["GET"]}}],"collection":[{"href":"https:\/\/tremunpiercing.com\/ro\/wp-json\/wp\/v2\/product"}],"about":[{"href":"https:\/\/tremunpiercing.com\/ro\/wp-json\/wp\/v2\/types\/product"}],"replies":[{"embeddable":true,"href":"https:\/\/tremunpiercing.com\/ro\/wp-json\/wp\/v2\/comments?post=10168"}],"version-history":[{"count":0,"href":"https:\/\/tremunpiercing.com\/ro\/wp-json\/wp\/v2\/product\/10168\/revisions"}],"wp:featuredmedia":[{"embeddable":true,"href":"https:\/\/tremunpiercing.com\/ro\/wp-json\/wp\/v2\/media\/10171"}],"wp:attachment":[{"href":"https:\/\/tremunpiercing.com\/ro\/wp-json\/wp\/v2\/media?parent=10168"}],"wp:term":[{"taxonomy":"product_brand","embeddable":true,"href":"https:\/\/tremunpiercing.com\/ro\/wp-json\/wp\/v2\/product_brand?post=10168"},{"taxonomy":"product_cat","embeddable":true,"href":"https:\/\/tremunpiercing.com\/ro\/wp-json\/wp\/v2\/product_cat?post=10168"},{"taxonomy":"product_tag","embeddable":true,"href":"https:\/\/tremunpiercing.com\/ro\/wp-json\/wp\/v2\/product_tag?post=10168"}],"curies":[{"name":"wp","href":"https:\/\/api.w.org\/{rel}","templated":true}]}}