{"id":10177,"date":"2024-08-22T20:26:05","date_gmt":"2024-08-22T19:26:05","guid":{"rendered":"https:\/\/tremunpiercing.com\/?post_type=product&#038;p=10177"},"modified":"2026-04-14T10:59:52","modified_gmt":"2026-04-14T09:59:52","slug":"baguette-with-bullets","status":"publish","type":"product","link":"https:\/\/tremunpiercing.com\/ro\/product\/baguette-with-bullets\/","title":{"rendered":"Baghet\u0103 cu gloan\u021be"},"content":{"rendered":"<p>Baguette With Bullets de la Shanga Jewellery prezint\u0103 un design elegant \u0219i \u00eendr\u0103zne\u021b \u00een materie de bijuterii premium pentru corp. Fabricat din aur galben de 18k, v\u00e2rful f\u0103r\u0103 fir are dimensiunea de 2,9 mm x 6,9 mm \u0219i prezint\u0103 \u00een centru un cristal de zirconiu cubic \u00een form\u0103 de baguet\u0103. Fiecare parte a bijuteriei are detalii de glon\u021b pentru un pic de margine, fiind \u00een acela\u0219i timp o pies\u0103 de bijuterie corporal\u0103 luxoas\u0103. Partea de sus se potrive\u0219te cu st\u00e2lpii labret 16G sau 14G push pin \u0219i r\u0103m\u00e2ne de calitate profesional\u0103. Este destinat bijuteriilor pentru helix, tragus, lobi sau n\u0103ri \u0219i \u00eendepline\u0219te dorin\u021ba clien\u021bilor pentru bijuterii care ies \u00een eviden\u021b\u0103 prin stil \u0219i sofisticare.<\/p>\n<p>Clien\u021bii care doresc s\u0103 cumpere en-gros vor adora calitatea me\u0219te\u0219ugului acestei bijuterii pentru corp, precum \u0219i stilul s\u0103u modern, care se adaug\u0103 colec\u021biilor oric\u0103rui designer. Bagheta cu gloan\u021be are precizie, durabilitate \u0219i un design de mod\u0103 avansat\u0103, ceea ce o face o alegere pentru studiouri \u0219i comercian\u021bi cu am\u0103nuntul deopotriv\u0103.<\/p>","protected":false},"excerpt":{"rendered":"<ul>\n<li>Top f\u0103r\u0103 filet - pin inoxidabil 25ga<\/li>\n<li>Material: Aur galben 18k<\/li>\n<li>Dimensiuni: 2,9mm x 6,9mm<\/li>\n<li>Gem\u0103: Zirconiu cubic<\/li>\n<li>Compatibil cu labrete f\u0103r\u0103 filet 16G \u0219i 14G<\/li>\n<li>Brand: Shanga Bijuterii<\/li>\n<\/ul>","protected":false},"featured_media":10178,"comment_status":"closed","ping_status":"closed","template":"","meta":{"_acf_changed":false},"product_brand":[],"product_cat":[337,398],"product_tag":[187,188,189,205,206,212,190,183,213,184,207],"class_list":{"0":"post-10177","1":"product","2":"type-product","3":"status-publish","4":"has-post-thumbnail","6":"product_cat-gold-jewelry","7":"product_cat-shanga","8":"product_tag-conch","9":"product_tag-ear","10":"product_tag-helix","11":"product_tag-lobe","12":"product_tag-lobulo","13":"product_tag-medusa","14":"product_tag-oreja","15":"product_tag-perforacion","16":"product_tag-philtrum","17":"product_tag-piercing","18":"product_tag-tragus","20":"first","21":"instock","22":"taxable","23":"shipping-taxable","24":"purchasable","25":"product-type-simple"},"acf":[],"gallery_images":[29617,29616],"_links":{"self":[{"href":"https:\/\/tremunpiercing.com\/ro\/wp-json\/wp\/v2\/product\/10177","targetHints":{"allow":["GET"]}}],"collection":[{"href":"https:\/\/tremunpiercing.com\/ro\/wp-json\/wp\/v2\/product"}],"about":[{"href":"https:\/\/tremunpiercing.com\/ro\/wp-json\/wp\/v2\/types\/product"}],"replies":[{"embeddable":true,"href":"https:\/\/tremunpiercing.com\/ro\/wp-json\/wp\/v2\/comments?post=10177"}],"version-history":[{"count":1,"href":"https:\/\/tremunpiercing.com\/ro\/wp-json\/wp\/v2\/product\/10177\/revisions"}],"predecessor-version":[{"id":28961,"href":"https:\/\/tremunpiercing.com\/ro\/wp-json\/wp\/v2\/product\/10177\/revisions\/28961"}],"wp:featuredmedia":[{"embeddable":true,"href":"https:\/\/tremunpiercing.com\/ro\/wp-json\/wp\/v2\/media\/10178"}],"wp:attachment":[{"href":"https:\/\/tremunpiercing.com\/ro\/wp-json\/wp\/v2\/media?parent=10177"}],"wp:term":[{"taxonomy":"product_brand","embeddable":true,"href":"https:\/\/tremunpiercing.com\/ro\/wp-json\/wp\/v2\/product_brand?post=10177"},{"taxonomy":"product_cat","embeddable":true,"href":"https:\/\/tremunpiercing.com\/ro\/wp-json\/wp\/v2\/product_cat?post=10177"},{"taxonomy":"product_tag","embeddable":true,"href":"https:\/\/tremunpiercing.com\/ro\/wp-json\/wp\/v2\/product_tag?post=10177"}],"curies":[{"name":"wp","href":"https:\/\/api.w.org\/{rel}","templated":true}]}}