{"id":10237,"date":"2024-08-26T15:56:42","date_gmt":"2024-08-26T14:56:42","guid":{"rendered":"https:\/\/tremunpiercing.com\/?post_type=product&#038;p=10237"},"modified":"2026-04-14T10:15:11","modified_gmt":"2026-04-14T09:15:11","slug":"triangle-alisea-3-with-bullets","status":"publish","type":"product","link":"https:\/\/tremunpiercing.com\/ro\/product\/triangle-alisea-3-with-bullets\/","title":{"rendered":"Triunghi Alisea 3 cu gloan\u021be"},"content":{"rendered":"<p>Triunghiul Alisea 3 cu gloan\u021be de la Shanga Jewellery este o op\u021biune trendy pentru orice colec\u021bie de piercinguri de lux. Realizat din aur galben masiv de 18 carate, acest v\u00e2rf push-pin f\u0103r\u0103 filet ofer\u0103 siguran\u021b\u0103 \u0219i longevitate cu un finisaj luxos. Triangle Alisea 3 With Bullets m\u0103soar\u0103 4,1 mm x 4,1 mm \u0219i are pietre str\u0103lucitoare de zirconiu cubic, care au fost plasate \u00een mod deliberat pentru a asigura o str\u0103lucire \u0219i o str\u0103lucire maxime. Triangle Alisea 3 With Bullets este conceput pentru a func\u021biona perfect cu un st\u00e2lp labret de 16G sau 14G, f\u0103c\u00e2ndu-l versatil pentru piercingerii profesioni\u0219ti cu orice plasare a piercingului.<\/p>\n<p>Detaliul de design cu glon\u021b adaug\u0103 o not\u0103 modern\u0103 designului \u0219i este destinat clientului care dore\u0219te bijuterii unice, dar elegante. Potrivirea sigur\u0103 \u0219i confortabil\u0103 a acestui top va oferi utilizatorului lini\u0219te sufleteasc\u0103, fie c\u0103 este vorba de un piercing pentru nar\u0103, tragus, helix sau orice alt piercing pentru ureche. Cump\u0103r\u0103torii cu ridicata vor aprecia combina\u021bia de m\u0103iestrie \u0219i lux cu func\u021bia. Cump\u0103r\u0103torii cu ridicata ar trebui s\u0103 ia \u00een considerare ad\u0103ugarea acestui articol la oferta lor de bijuterii corporale premium; este o potrivire sigur\u0103 \u0219i confortabil\u0103 f\u0103r\u0103 a compromite calitatea.<\/p>","protected":false},"excerpt":{"rendered":"<ul>\n<li>Top f\u0103r\u0103 fir<\/li>\n<li>Material: Aur galben 18k<\/li>\n<li>Dimensiune: 4,1mm x 4,1mm<\/li>\n<li>Gem\u0103: Zirconiu cubic<\/li>\n<li>Compatibil cu st\u00e2lpii labret 16G \u0219i 14G push pin<\/li>\n<li>Brand: Shanga Bijuterii<\/li>\n<\/ul>","protected":false},"featured_media":10238,"comment_status":"closed","ping_status":"closed","template":"","meta":{"_acf_changed":false},"product_brand":[],"product_cat":[337,398],"product_tag":[187,188,189,205,206,212,190,183,213,184,207],"class_list":{"0":"post-10237","1":"product","2":"type-product","3":"status-publish","4":"has-post-thumbnail","6":"product_cat-gold-jewelry","7":"product_cat-shanga","8":"product_tag-conch","9":"product_tag-ear","10":"product_tag-helix","11":"product_tag-lobe","12":"product_tag-lobulo","13":"product_tag-medusa","14":"product_tag-oreja","15":"product_tag-perforacion","16":"product_tag-philtrum","17":"product_tag-piercing","18":"product_tag-tragus","20":"first","21":"instock","22":"taxable","23":"shipping-taxable","24":"purchasable","25":"product-type-simple"},"acf":[],"gallery_images":[29604,29603],"_links":{"self":[{"href":"https:\/\/tremunpiercing.com\/ro\/wp-json\/wp\/v2\/product\/10237","targetHints":{"allow":["GET"]}}],"collection":[{"href":"https:\/\/tremunpiercing.com\/ro\/wp-json\/wp\/v2\/product"}],"about":[{"href":"https:\/\/tremunpiercing.com\/ro\/wp-json\/wp\/v2\/types\/product"}],"replies":[{"embeddable":true,"href":"https:\/\/tremunpiercing.com\/ro\/wp-json\/wp\/v2\/comments?post=10237"}],"version-history":[{"count":1,"href":"https:\/\/tremunpiercing.com\/ro\/wp-json\/wp\/v2\/product\/10237\/revisions"}],"predecessor-version":[{"id":28955,"href":"https:\/\/tremunpiercing.com\/ro\/wp-json\/wp\/v2\/product\/10237\/revisions\/28955"}],"wp:featuredmedia":[{"embeddable":true,"href":"https:\/\/tremunpiercing.com\/ro\/wp-json\/wp\/v2\/media\/10238"}],"wp:attachment":[{"href":"https:\/\/tremunpiercing.com\/ro\/wp-json\/wp\/v2\/media?parent=10237"}],"wp:term":[{"taxonomy":"product_brand","embeddable":true,"href":"https:\/\/tremunpiercing.com\/ro\/wp-json\/wp\/v2\/product_brand?post=10237"},{"taxonomy":"product_cat","embeddable":true,"href":"https:\/\/tremunpiercing.com\/ro\/wp-json\/wp\/v2\/product_cat?post=10237"},{"taxonomy":"product_tag","embeddable":true,"href":"https:\/\/tremunpiercing.com\/ro\/wp-json\/wp\/v2\/product_tag?post=10237"}],"curies":[{"name":"wp","href":"https:\/\/api.w.org\/{rel}","templated":true}]}}