{"id":12464,"date":"2024-12-06T19:56:04","date_gmt":"2024-12-06T18:56:04","guid":{"rendered":"https:\/\/tremunpiercing.com\/?post_type=product&#038;p=12464"},"modified":"2026-04-13T14:29:42","modified_gmt":"2026-04-13T13:29:42","slug":"maria-yellow-gold-with-rubies","status":"publish","type":"product","link":"https:\/\/tremunpiercing.com\/ro\/product\/maria-yellow-gold-with-rubies\/","title":{"rendered":"Maria aur galben cu rubine"},"content":{"rendered":"<p>Inelul clicker Gold Ruby cu rubine de laborator este o op\u021biune uimitoare pentru studiourile de piercing \u0219i buticurile de bijuterii. Acest clicker de 16 g este fabricat din aur galben de 14k cu un diametru de 8 mm, ceea ce \u00eel face o selec\u021bie excelent\u0103 pentru piercinguri de sept, de din\u021bi \u0219i de cartilaje. Rubinele ro\u0219ii vibrante create \u00een laborator adaug\u0103 o not\u0103 distinct\u0103 de culoare reprezentativ\u0103 pentru pasiune \u0219i rafinament. \u00cenchiderea cu clicker este sigur\u0103, oferind \u00een acela\u0219i timp o marf\u0103 func\u021bional\u0103 pentru pierceri \u0219i confort de durat\u0103 pentru clien\u021bi. Fiecare dintre inelele Maria Ruby Clicker este o op\u021biune minunat\u0103 pentru cei care doresc bijuterii care au un stil \u00eendr\u0103zne\u021b f\u0103r\u0103 a sacrifica calitatea atemporal\u0103. Aceasta este o pies\u0103 impresionant\u0103 care ar trebui s\u0103 fac\u0103 parte din orice colec\u021bie de piercing premium. Maria Ruby Clicker Ring va asigura succesul ca articol en-gros \u0219i va genera interes \u00een r\u00e2ndul clien\u021bilor care caut\u0103 bijuterii cu pietre pre\u021bioase care prezint\u0103 autenticitatea tradi\u021biei \u0219i designul modern.<\/p>","protected":false},"excerpt":{"rendered":"<ul>\n<li>Inel clicker<\/li>\n<li>Material: Aur galben de 14K<\/li>\n<li>Diametru: 8mm<\/li>\n<li>Gauge: 16G<\/li>\n<li>Gem\u0103: Rubi de laborator<\/li>\n<\/ul>","protected":false},"featured_media":12466,"comment_status":"closed","ping_status":"closed","template":"","meta":{"_acf_changed":false},"product_brand":[],"product_cat":[337,464,400],"product_tag":[192,193,202,179,180,194,188,189,195,196,226,190,183,184,197,198],"class_list":{"0":"post-12464","1":"product","2":"type-product","3":"status-publish","4":"has-post-thumbnail","6":"product_cat-gold-jewelry","7":"product_cat-rings-gold-tremun","8":"product_cat-tremun","9":"product_tag-anillo","10":"product_tag-argolla","11":"product_tag-clicker","12":"product_tag-cristal","13":"product_tag-cz","14":"product_tag-daith","15":"product_tag-ear","16":"product_tag-helix","17":"product_tag-hinged-ring","18":"product_tag-nariz","19":"product_tag-opal","20":"product_tag-oreja","21":"product_tag-perforacion","22":"product_tag-piercing","23":"product_tag-ring","24":"product_tag-septum","26":"first","27":"instock","28":"taxable","29":"shipping-taxable","30":"purchasable","31":"product-type-simple"},"acf":[],"gallery_images":[29575,29576],"_links":{"self":[{"href":"https:\/\/tremunpiercing.com\/ro\/wp-json\/wp\/v2\/product\/12464","targetHints":{"allow":["GET"]}}],"collection":[{"href":"https:\/\/tremunpiercing.com\/ro\/wp-json\/wp\/v2\/product"}],"about":[{"href":"https:\/\/tremunpiercing.com\/ro\/wp-json\/wp\/v2\/types\/product"}],"replies":[{"embeddable":true,"href":"https:\/\/tremunpiercing.com\/ro\/wp-json\/wp\/v2\/comments?post=12464"}],"version-history":[{"count":1,"href":"https:\/\/tremunpiercing.com\/ro\/wp-json\/wp\/v2\/product\/12464\/revisions"}],"predecessor-version":[{"id":29577,"href":"https:\/\/tremunpiercing.com\/ro\/wp-json\/wp\/v2\/product\/12464\/revisions\/29577"}],"wp:featuredmedia":[{"embeddable":true,"href":"https:\/\/tremunpiercing.com\/ro\/wp-json\/wp\/v2\/media\/12466"}],"wp:attachment":[{"href":"https:\/\/tremunpiercing.com\/ro\/wp-json\/wp\/v2\/media?parent=12464"}],"wp:term":[{"taxonomy":"product_brand","embeddable":true,"href":"https:\/\/tremunpiercing.com\/ro\/wp-json\/wp\/v2\/product_brand?post=12464"},{"taxonomy":"product_cat","embeddable":true,"href":"https:\/\/tremunpiercing.com\/ro\/wp-json\/wp\/v2\/product_cat?post=12464"},{"taxonomy":"product_tag","embeddable":true,"href":"https:\/\/tremunpiercing.com\/ro\/wp-json\/wp\/v2\/product_tag?post=12464"}],"curies":[{"name":"wp","href":"https:\/\/api.w.org\/{rel}","templated":true}]}}