{"id":12467,"date":"2024-12-06T20:02:01","date_gmt":"2024-12-06T19:02:01","guid":{"rendered":"https:\/\/tremunpiercing.com\/?post_type=product&#038;p=12467"},"modified":"2026-04-13T14:26:32","modified_gmt":"2026-04-13T13:26:32","slug":"maria-yellow-gold-with-sapphires","status":"publish","type":"product","link":"https:\/\/tremunpiercing.com\/ro\/product\/maria-yellow-gold-with-sapphires\/","title":{"rendered":"Maria aur galben cu safire"},"content":{"rendered":"<h2>Inel Sapphire Clicker<\/h2>\n<p>Inelul cu clicker din aur galben Laboratory Sapphire Maria este conceput pentru studiourile \u0219i magazinele care apreciaz\u0103 bijuteriile cu pietre pre\u021bioase de \u00eenalt\u0103 calitate. Clickerul 16G construit din aur galben masiv de 14K are un diametru de 8 mm, ceea ce \u00eel face suficient de versatil pentru a fi purtat \u00eentr-o varietate de piercinguri, cum ar fi septul, daith \u0219i cartilajul. R\u00e2ndul de safire crescute \u00een laborator aduce o culoare albastr\u0103 superb\u0103 piesei, ad\u0103ug\u00e2nd at\u00e2t estetic\u0103, c\u00e2t \u0219i provenien\u021b\u0103 etic\u0103 la design.<\/p>\n<p>Clickerul sigur este u\u0219or de pus \u0219i scos de profesioni\u0219ti f\u0103r\u0103 a compromite confortul clien\u021bilor lor. Aceast\u0103 pies\u0103 adaug\u0103 o nou\u0103 op\u021biune elegant\u0103 de piatr\u0103 pre\u021bioas\u0103 la colec\u021biile en-gros pe care clien\u021bii dvs. o pot cump\u0103ra \u00een mod clar, f\u0103r\u0103 a sacrifica calitatea. Laboratorul Sapphire Maria Yellow Gold Clicker Ring este durabil, elegant \u0219i atemporal pentru studioul de piercing cu discern\u0103m\u00e2nt care caut\u0103 ceva high-end pentru a oferi clien\u021bilor care ar fi putut fi dezam\u0103gi\u021bi de centrele care ofer\u0103 doar bijuterii de calitate inferioar\u0103.<\/p>","protected":false},"excerpt":{"rendered":"<ul>\n<li>Inel clicker<\/li>\n<li>Material: Aur galben de 14K<\/li>\n<li>Diametru: 8mm<\/li>\n<li>Gauge: 16G<\/li>\n<li>Gem\u0103: Safire de laborator<\/li>\n<\/ul>","protected":false},"featured_media":12469,"comment_status":"closed","ping_status":"closed","template":"","meta":{"_acf_changed":false},"product_brand":[],"product_cat":[337,464,400],"product_tag":[192,193,202,179,180,194,188,189,195,196,226,190,183,184,197,198],"class_list":{"0":"post-12467","1":"product","2":"type-product","3":"status-publish","4":"has-post-thumbnail","6":"product_cat-gold-jewelry","7":"product_cat-rings-gold-tremun","8":"product_cat-tremun","9":"product_tag-anillo","10":"product_tag-argolla","11":"product_tag-clicker","12":"product_tag-cristal","13":"product_tag-cz","14":"product_tag-daith","15":"product_tag-ear","16":"product_tag-helix","17":"product_tag-hinged-ring","18":"product_tag-nariz","19":"product_tag-opal","20":"product_tag-oreja","21":"product_tag-perforacion","22":"product_tag-piercing","23":"product_tag-ring","24":"product_tag-septum","26":"first","27":"instock","28":"taxable","29":"shipping-taxable","30":"purchasable","31":"product-type-simple"},"acf":[],"gallery_images":[29572,29573],"_links":{"self":[{"href":"https:\/\/tremunpiercing.com\/ro\/wp-json\/wp\/v2\/product\/12467","targetHints":{"allow":["GET"]}}],"collection":[{"href":"https:\/\/tremunpiercing.com\/ro\/wp-json\/wp\/v2\/product"}],"about":[{"href":"https:\/\/tremunpiercing.com\/ro\/wp-json\/wp\/v2\/types\/product"}],"replies":[{"embeddable":true,"href":"https:\/\/tremunpiercing.com\/ro\/wp-json\/wp\/v2\/comments?post=12467"}],"version-history":[{"count":1,"href":"https:\/\/tremunpiercing.com\/ro\/wp-json\/wp\/v2\/product\/12467\/revisions"}],"predecessor-version":[{"id":29574,"href":"https:\/\/tremunpiercing.com\/ro\/wp-json\/wp\/v2\/product\/12467\/revisions\/29574"}],"wp:featuredmedia":[{"embeddable":true,"href":"https:\/\/tremunpiercing.com\/ro\/wp-json\/wp\/v2\/media\/12469"}],"wp:attachment":[{"href":"https:\/\/tremunpiercing.com\/ro\/wp-json\/wp\/v2\/media?parent=12467"}],"wp:term":[{"taxonomy":"product_brand","embeddable":true,"href":"https:\/\/tremunpiercing.com\/ro\/wp-json\/wp\/v2\/product_brand?post=12467"},{"taxonomy":"product_cat","embeddable":true,"href":"https:\/\/tremunpiercing.com\/ro\/wp-json\/wp\/v2\/product_cat?post=12467"},{"taxonomy":"product_tag","embeddable":true,"href":"https:\/\/tremunpiercing.com\/ro\/wp-json\/wp\/v2\/product_tag?post=12467"}],"curies":[{"name":"wp","href":"https:\/\/api.w.org\/{rel}","templated":true}]}}