{"id":12668,"date":"2024-12-19T01:38:03","date_gmt":"2024-12-19T00:38:03","guid":{"rendered":"https:\/\/tremunpiercing.com\/?post_type=product&#038;p=12668"},"modified":"2026-04-18T10:25:47","modified_gmt":"2026-04-18T09:25:47","slug":"micro-labret-push-pin-post-only-base-3mm","status":"publish","type":"product","link":"https:\/\/tremunpiercing.com\/ro\/product\/micro-labret-push-pin-post-only-base-3mm\/","title":{"rendered":"Micro Labret Push Pin (DOAR POST) (Baza 3mm)"},"content":{"rendered":"<p>St\u00e2lpul Micro Labret Push Pin este un accesoriu esen\u021bial pentru toate studiourile profesionale de piercing. Conceput special pentru v\u00e2rfurile push pin, acest pivot este fabricat din titan de calitate superioar\u0103 (F-136), care ofer\u0103 siguran\u021b\u0103, durabilitate \u0219i biocompatibilitate pentru orice tip de piele. Oferit \u00eentr-o l\u0103\u021bime sub\u021bire de 20G gauge \u0219i lungimi de 5 mm, 6 mm sau 7 mm, pute\u021bi amesteca \u0219i potrivi cum dori\u021bi, \u00een func\u021bie de plasarea piercingului pe care o prefer\u0103 clientul dvs. St\u00e2lpul Micro Labret Push Pin este universal pentru aproape orice client, cu avantajul suplimentar de a oferi un confort excep\u021bional \u00een timpul procesului de vindecare. Cu o baz\u0103 plat\u0103 de 3 mm, \u0219tiftul Micro Labret Push Pin r\u0103m\u00e2ne amplasat confortabil pe piele, oferind \u00een acela\u0219i timp o fixare stabil\u0103 \u0219i pl\u0103cut\u0103, cu irita\u021bii reduse.<\/p>\n<p>Micro Labret Push Pin este post-only, ceea ce permite piercerului o oportunitate de a amesteca \u0219i de a se potrivi cu catalogul de accesorii push pin disponibile, care este ceea ce caut\u0103 fiecare piercer \u00eentr-o colec\u021bie de bijuterii. Labretul fiind fabricat din titan u\u0219or, dar durabil, este un alt motiv pentru care exper\u021bii \u00een piercing din \u00eentreaga lume au \u00eencredere \u00een micro labretele lor pentru propriet\u0103\u021bile hipoalergenice \u0219i durabilitate. Acestea sunt o alt\u0103 op\u021biune excelent\u0103 de v\u00e2nzare cu ridicata pentru studioul dvs., magazinul de tatuaje sau comerciantul cu am\u0103nuntul care dore\u0219te s\u0103 \u00ee\u0219i extind\u0103 inventarul de piercinguri de calitate cu rezultate de nivel profesional.<\/p>","protected":false},"excerpt":{"rendered":"<ul>\n<li>Pin de \u00eempingere<\/li>\n<li>Compatibil numai cu accesoriile cu \u0219tift<\/li>\n<li>Material: Titan de calitate pentru implant F-136<\/li>\n<li>Grosime: 20G<\/li>\n<li>Lungime: 5 mm, 6 mm, 7 mm<\/li>\n<li>Diametrul bazei: 3mm<\/li>\n<\/ul>","protected":false},"featured_media":15054,"comment_status":"closed","ping_status":"closed","template":"","meta":{"_acf_changed":false},"product_brand":[],"product_cat":[340,344],"product_tag":[187,188,189,210,211,205,206,212,190,183,213,184,293,207],"class_list":{"0":"post-12668","1":"product","2":"type-product","3":"status-publish","4":"has-post-thumbnail","6":"product_cat-titanium-jewelry","7":"product_cat-labret-titanium-jeawelry","8":"product_tag-conch","9":"product_tag-ear","10":"product_tag-helix","11":"product_tag-labret","12":"product_tag-lip","13":"product_tag-lobe","14":"product_tag-lobulo","15":"product_tag-medusa","16":"product_tag-oreja","17":"product_tag-perforacion","18":"product_tag-philtrum","19":"product_tag-piercing","20":"product_tag-push-pin","21":"product_tag-tragus","23":"first","24":"instock","25":"taxable","26":"shipping-taxable","27":"purchasable","28":"product-type-variable"},"acf":[],"gallery_images":[15055,15053,15052],"_links":{"self":[{"href":"https:\/\/tremunpiercing.com\/ro\/wp-json\/wp\/v2\/product\/12668","targetHints":{"allow":["GET"]}}],"collection":[{"href":"https:\/\/tremunpiercing.com\/ro\/wp-json\/wp\/v2\/product"}],"about":[{"href":"https:\/\/tremunpiercing.com\/ro\/wp-json\/wp\/v2\/types\/product"}],"replies":[{"embeddable":true,"href":"https:\/\/tremunpiercing.com\/ro\/wp-json\/wp\/v2\/comments?post=12668"}],"version-history":[{"count":0,"href":"https:\/\/tremunpiercing.com\/ro\/wp-json\/wp\/v2\/product\/12668\/revisions"}],"wp:featuredmedia":[{"embeddable":true,"href":"https:\/\/tremunpiercing.com\/ro\/wp-json\/wp\/v2\/media\/15054"}],"wp:attachment":[{"href":"https:\/\/tremunpiercing.com\/ro\/wp-json\/wp\/v2\/media?parent=12668"}],"wp:term":[{"taxonomy":"product_brand","embeddable":true,"href":"https:\/\/tremunpiercing.com\/ro\/wp-json\/wp\/v2\/product_brand?post=12668"},{"taxonomy":"product_cat","embeddable":true,"href":"https:\/\/tremunpiercing.com\/ro\/wp-json\/wp\/v2\/product_cat?post=12668"},{"taxonomy":"product_tag","embeddable":true,"href":"https:\/\/tremunpiercing.com\/ro\/wp-json\/wp\/v2\/product_tag?post=12668"}],"curies":[{"name":"wp","href":"https:\/\/api.w.org\/{rel}","templated":true}]}}