{"id":13047,"date":"2025-01-10T17:35:50","date_gmt":"2025-01-10T16:35:50","guid":{"rendered":"https:\/\/tremunpiercing.com\/?post_type=product&#038;p=13047"},"modified":"2026-04-13T10:55:40","modified_gmt":"2026-04-13T09:55:40","slug":"microflower-white-gold","status":"publish","type":"product","link":"https:\/\/tremunpiercing.com\/ro\/product\/microflower-white-gold\/","title":{"rendered":"Microflower White Gold"},"content":{"rendered":"<p>The Microflower White Gold is a fine, sophisticated item made by Shanga Jewellery. It is designed for professionals who like more elegant and sophisticated body jewelry collections while still having a very functional and practical piece of body jewelry. It is made from 18k white gold and has a threadless push-pin top that works with either 16G or 14G threadless labret posts. This is ideal for all different piercings. It features sparkling cubic zirconia gems with 4 mm flowers to add a final touch of elegance to cartilage, tragus, or lobe piercings. Piercing studios and retailers will appreciate that this is a completely threadless design, which means it can be quickly and easily secured on the clients while being very comfortable for the client too.<\/p>\n<p>The Microflower is made from premium 18k gold, which guarantees long-lasting shine and biocompatibility for clients who want a luxury body jewelry experience. This item has been a best-seller year after year, combining style, durability, and safety into a classic, ultimately making it a must-have body jewelry item for professional collections.<\/p>","protected":false},"excerpt":{"rendered":"<ul>\n<li>Threadless top &#8211; 25ga Stainless pin<\/li>\n<li>Material: Aur alb 18k<\/li>\n<li>Gem\u0103: Zirconiu cubic<\/li>\n<li>Compatibil cu st\u00e2lpi labret f\u0103r\u0103 filet 16G \u0219i 14G<\/li>\n<li>Size: 4mm approx<\/li>\n<li>Brand: Shanga Bijuterii<\/li>\n<\/ul>","protected":false},"featured_media":13050,"comment_status":"closed","ping_status":"closed","template":"","meta":{"_acf_changed":false},"product_brand":[],"product_cat":[337,398],"product_tag":[187,188,189,205,206,212,190,183,213,184,207],"class_list":{"0":"post-13047","1":"product","2":"type-product","3":"status-publish","4":"has-post-thumbnail","6":"product_cat-gold-jewelry","7":"product_cat-shanga","8":"product_tag-conch","9":"product_tag-ear","10":"product_tag-helix","11":"product_tag-lobe","12":"product_tag-lobulo","13":"product_tag-medusa","14":"product_tag-oreja","15":"product_tag-perforacion","16":"product_tag-philtrum","17":"product_tag-piercing","18":"product_tag-tragus","20":"first","21":"instock","22":"taxable","23":"shipping-taxable","24":"purchasable","25":"product-type-simple"},"acf":[],"gallery_images":[29522,29523],"_links":{"self":[{"href":"https:\/\/tremunpiercing.com\/ro\/wp-json\/wp\/v2\/product\/13047","targetHints":{"allow":["GET"]}}],"collection":[{"href":"https:\/\/tremunpiercing.com\/ro\/wp-json\/wp\/v2\/product"}],"about":[{"href":"https:\/\/tremunpiercing.com\/ro\/wp-json\/wp\/v2\/types\/product"}],"replies":[{"embeddable":true,"href":"https:\/\/tremunpiercing.com\/ro\/wp-json\/wp\/v2\/comments?post=13047"}],"version-history":[{"count":1,"href":"https:\/\/tremunpiercing.com\/ro\/wp-json\/wp\/v2\/product\/13047\/revisions"}],"predecessor-version":[{"id":28943,"href":"https:\/\/tremunpiercing.com\/ro\/wp-json\/wp\/v2\/product\/13047\/revisions\/28943"}],"wp:featuredmedia":[{"embeddable":true,"href":"https:\/\/tremunpiercing.com\/ro\/wp-json\/wp\/v2\/media\/13050"}],"wp:attachment":[{"href":"https:\/\/tremunpiercing.com\/ro\/wp-json\/wp\/v2\/media?parent=13047"}],"wp:term":[{"taxonomy":"product_brand","embeddable":true,"href":"https:\/\/tremunpiercing.com\/ro\/wp-json\/wp\/v2\/product_brand?post=13047"},{"taxonomy":"product_cat","embeddable":true,"href":"https:\/\/tremunpiercing.com\/ro\/wp-json\/wp\/v2\/product_cat?post=13047"},{"taxonomy":"product_tag","embeddable":true,"href":"https:\/\/tremunpiercing.com\/ro\/wp-json\/wp\/v2\/product_tag?post=13047"}],"curies":[{"name":"wp","href":"https:\/\/api.w.org\/{rel}","templated":true}]}}