{"id":13240,"date":"2025-01-14T21:16:32","date_gmt":"2025-01-14T20:16:32","guid":{"rendered":"https:\/\/tremunpiercing.com\/?post_type=product&#038;p=13240"},"modified":"2026-04-10T22:54:09","modified_gmt":"2026-04-10T21:54:09","slug":"heartweb","status":"publish","type":"product","link":"https:\/\/tremunpiercing.com\/ro\/product\/heartweb\/","title":{"rendered":"Heartweb"},"content":{"rendered":"<h2 data-start=\"1393\" data-end=\"1442\">Heartweb - Bijuterii Piercing cu inim\u0103 din titan<\/h2>\n<p>Bijuteria noastr\u0103 pentru piercing Heartweb are un design unic \u00een form\u0103 de inim\u0103 \u0219i este fabricat\u0103 din titan F-136 pentru implant. HeartWebTiny este at\u00e2t de u\u0219oar\u0103 \u0219i biocompatibil\u0103 \u00eenc\u00e2t c\u00e2nt\u0103re\u0219te doar 7 mm x 6,5 mm. aceast\u0103 bijuterie este at\u00e2t de elegant\u0103 \u0219i \u00eendr\u0103znea\u021b\u0103 \u0219i este potrivit\u0103 pentru orice colec\u021bie de piercing. modelul nostru are un st\u00e2lp de 16G filetat intern, permi\u021b\u00e2ndu-v\u0103 dvs. \u0219i clien\u021bilor s\u0103 ave\u021bi \u00eencredere \u00een potrivirea de la piercer. aceast\u0103 textur\u0103 frumoas\u0103 func\u021bioneaz\u0103 fantastic ca bijuterie de piercing pentru diversele piercinguri ale urechii, inclusiv helix, conch, lob, etc.<\/p>\n<p>Heartweb pentru toate studiourile \u0219i comercian\u021bii cu am\u0103nuntul este o completare grozav\u0103 pentru magazinele care caut\u0103 versatilitate \u00een colec\u021bia lor de bijuterii.Finisajul din titan lustruit asigur\u0103 c\u0103 Heartweb \u00ee\u0219i va p\u0103stra str\u0103lucirea lucioas\u0103, f\u0103r\u0103 a se p\u0103ta pentru o perioad\u0103 lung\u0103 de timp.Studiourile \u00eel plac pentru c\u0103 ne cre\u0103m piesele cu profesioni\u0219tii de piercing \u00een minte, oferind clien\u021bilor o alegere unic\u0103 de bijuterii de piercing \u00een afara \u0219abloanelor \u201cobi\u0219nuite\u201d.Heartweb arat\u0103 minunat \u00eempreun\u0103 sau separat.<\/p>","protected":false},"excerpt":{"rendered":"<ul>\n<li>Filetat intern<\/li>\n<li>Material: Titan de calitate pentru implant F-136<\/li>\n<li>Gauge: 16G<\/li>\n<li>Dimensiune: 7mm x 6,5mm<\/li>\n<\/ul>","protected":false},"featured_media":18201,"comment_status":"closed","ping_status":"closed","template":"","meta":{"_acf_changed":false},"product_brand":[],"product_cat":[340,343],"product_tag":[187,188,189,205,206,212,190,183,213,184,207],"class_list":{"0":"post-13240","1":"product","2":"type-product","3":"status-publish","4":"has-post-thumbnail","6":"product_cat-titanium-jewelry","7":"product_cat-tops-titanium-jewelry","8":"product_tag-conch","9":"product_tag-ear","10":"product_tag-helix","11":"product_tag-lobe","12":"product_tag-lobulo","13":"product_tag-medusa","14":"product_tag-oreja","15":"product_tag-perforacion","16":"product_tag-philtrum","17":"product_tag-piercing","18":"product_tag-tragus","20":"first","21":"instock","22":"taxable","23":"shipping-taxable","24":"purchasable","25":"product-type-simple"},"acf":[],"gallery_images":[27987,27988],"_links":{"self":[{"href":"https:\/\/tremunpiercing.com\/ro\/wp-json\/wp\/v2\/product\/13240","targetHints":{"allow":["GET"]}}],"collection":[{"href":"https:\/\/tremunpiercing.com\/ro\/wp-json\/wp\/v2\/product"}],"about":[{"href":"https:\/\/tremunpiercing.com\/ro\/wp-json\/wp\/v2\/types\/product"}],"replies":[{"embeddable":true,"href":"https:\/\/tremunpiercing.com\/ro\/wp-json\/wp\/v2\/comments?post=13240"}],"version-history":[{"count":1,"href":"https:\/\/tremunpiercing.com\/ro\/wp-json\/wp\/v2\/product\/13240\/revisions"}],"predecessor-version":[{"id":27990,"href":"https:\/\/tremunpiercing.com\/ro\/wp-json\/wp\/v2\/product\/13240\/revisions\/27990"}],"wp:featuredmedia":[{"embeddable":true,"href":"https:\/\/tremunpiercing.com\/ro\/wp-json\/wp\/v2\/media\/18201"}],"wp:attachment":[{"href":"https:\/\/tremunpiercing.com\/ro\/wp-json\/wp\/v2\/media?parent=13240"}],"wp:term":[{"taxonomy":"product_brand","embeddable":true,"href":"https:\/\/tremunpiercing.com\/ro\/wp-json\/wp\/v2\/product_brand?post=13240"},{"taxonomy":"product_cat","embeddable":true,"href":"https:\/\/tremunpiercing.com\/ro\/wp-json\/wp\/v2\/product_cat?post=13240"},{"taxonomy":"product_tag","embeddable":true,"href":"https:\/\/tremunpiercing.com\/ro\/wp-json\/wp\/v2\/product_tag?post=13240"}],"curies":[{"name":"wp","href":"https:\/\/api.w.org\/{rel}","templated":true}]}}