{"id":15843,"date":"2025-04-15T19:20:47","date_gmt":"2025-04-15T18:20:47","guid":{"rendered":"https:\/\/tremunpiercing.com\/?post_type=product&#038;p=15843"},"modified":"2026-04-17T17:06:28","modified_gmt":"2026-04-17T16:06:28","slug":"dermal-top-sw-crystal-emerald","status":"publish","type":"product","link":"https:\/\/tremunpiercing.com\/ro\/product\/dermal-top-sw-crystal-emerald\/","title":{"rendered":"Dermal Top - SW Crystal Emerald"},"content":{"rendered":"<p>Combina\u021bi elegan\u021ba \u0219i siguran\u021ba cu Dermal Top-SW Crystal Emerald. Realizat pentru artizanii de piercing care cer calitate, acest top dermal este fabricat din titan F-136 Implant Grade \u0219i este hipoalergenic \u0219i ultra-u\u0219or pentru o purtare sigur\u0103 \u0219i confortabil\u0103 pe termen lung. Lucr\u0103torii au siguran\u021ba \u00een minte atunci c\u00e2nd aleg un produs de bijuterii pentru corpul gol, iar bijuteriile cu filet intern sunt mai u\u0219or de inserat \u0219i \u00een acela\u0219i timp mai sigure, ceea ce le face ideale pentru uz profesional.<\/p>\n<p>Dermal Top-SW Crystal Emerald este disponibil \u00eentr-o gam\u0103 de diametre cuprinse \u00eentre 2,5 mm \u0219i 5 mm \u0219i calibre 16G-14G, ceea ce face din acesta o pies\u0103 ideal\u0103 pentru plas\u0103ri multiple. Emerald SW Crystal ofer\u0103 o str\u0103lucire verde bogat\u0103, f\u0103c\u00e2nd din aceasta o pies\u0103 frumoas\u0103 pentru colec\u021biile clien\u021bilor. Aprovizioneaz\u0103-\u021bi studioul ast\u0103zi cu smarald dermal <a href=\"https:\/\/tremunpiercing.com\/product-category\/titanium-jewelry\/tops-titanium-jewelry\/\">topuri<\/a> de la o surs\u0103 sigur\u0103 de bijuterii pentru corp.<\/p>","protected":false},"excerpt":{"rendered":"<ul>\n<li>Filetat intern<\/li>\n<li>Material: Titan de calitate pentru implant F-136<\/li>\n<li>Diametru: 2,5mm - 3mm - 4mm - 5mm<\/li>\n<li>Grosime: 16G - 14G<\/li>\n<\/ul>","protected":false},"featured_media":15851,"comment_status":"closed","ping_status":"closed","template":"","meta":{"_acf_changed":false},"product_brand":[],"product_cat":[442,340,343],"product_tag":[187,215,216,188,189,210,211,212,190,183,213,184,207],"class_list":{"0":"post-15843","1":"product","2":"type-product","3":"status-publish","4":"has-post-thumbnail","6":"product_cat-sw","7":"product_cat-titanium-jewelry","8":"product_cat-tops-titanium-jewelry","9":"product_tag-conch","10":"product_tag-dermal-top","11":"product_tag-disc","12":"product_tag-ear","13":"product_tag-helix","14":"product_tag-labret","15":"product_tag-lip","16":"product_tag-medusa","17":"product_tag-oreja","18":"product_tag-perforacion","19":"product_tag-philtrum","20":"product_tag-piercing","21":"product_tag-tragus","23":"first","24":"instock","25":"taxable","26":"shipping-taxable","27":"purchasable","28":"product-type-variable"},"acf":[],"gallery_images":[27708,27707],"_links":{"self":[{"href":"https:\/\/tremunpiercing.com\/ro\/wp-json\/wp\/v2\/product\/15843","targetHints":{"allow":["GET"]}}],"collection":[{"href":"https:\/\/tremunpiercing.com\/ro\/wp-json\/wp\/v2\/product"}],"about":[{"href":"https:\/\/tremunpiercing.com\/ro\/wp-json\/wp\/v2\/types\/product"}],"replies":[{"embeddable":true,"href":"https:\/\/tremunpiercing.com\/ro\/wp-json\/wp\/v2\/comments?post=15843"}],"version-history":[{"count":1,"href":"https:\/\/tremunpiercing.com\/ro\/wp-json\/wp\/v2\/product\/15843\/revisions"}],"predecessor-version":[{"id":27710,"href":"https:\/\/tremunpiercing.com\/ro\/wp-json\/wp\/v2\/product\/15843\/revisions\/27710"}],"wp:featuredmedia":[{"embeddable":true,"href":"https:\/\/tremunpiercing.com\/ro\/wp-json\/wp\/v2\/media\/15851"}],"wp:attachment":[{"href":"https:\/\/tremunpiercing.com\/ro\/wp-json\/wp\/v2\/media?parent=15843"}],"wp:term":[{"taxonomy":"product_brand","embeddable":true,"href":"https:\/\/tremunpiercing.com\/ro\/wp-json\/wp\/v2\/product_brand?post=15843"},{"taxonomy":"product_cat","embeddable":true,"href":"https:\/\/tremunpiercing.com\/ro\/wp-json\/wp\/v2\/product_cat?post=15843"},{"taxonomy":"product_tag","embeddable":true,"href":"https:\/\/tremunpiercing.com\/ro\/wp-json\/wp\/v2\/product_tag?post=15843"}],"curies":[{"name":"wp","href":"https:\/\/api.w.org\/{rel}","templated":true}]}}