{"id":15853,"date":"2025-04-15T21:21:21","date_gmt":"2025-04-15T20:21:21","guid":{"rendered":"https:\/\/tremunpiercing.com\/?post_type=product&#038;p=15853"},"modified":"2026-04-17T17:06:28","modified_gmt":"2026-04-17T16:06:28","slug":"dermal-top-sw-crystal-sapphire","status":"publish","type":"product","link":"https:\/\/tremunpiercing.com\/ro\/product\/dermal-top-sw-crystal-sapphire\/","title":{"rendered":"Dermal Top - SW Crystal Sapphire"},"content":{"rendered":"<p data-pm-slice=\"1 1 []\">Dermal Top - SW Crystal Sapphire este un accesoriu dermal profesional, utilizat \u00een \u00eentreaga lume de profesioni\u0219tii \u00een piercing. Este fabricat din titan F-136 de calitate pentru implanturi, asigur\u00e2nd siguran\u021b\u0103 \u0219i durabilitate, \u0219i se \u00eent\u00e2mpl\u0103 s\u0103 fie un \u0219tift din titan cu filet intern (feminin), asigur\u00e2nd o aplicare neted\u0103 pe suprafa\u021b\u0103 \u0219i o fixare sigur\u0103. Dermal Top poate fi, de asemenea, aplicat la mai multe plasamente dermice; este disponibil \u00een diametre de 2,5 mm, 3 mm, 4 mm \u0219i 5 mm \u0219i calibre 16G \u0219i 14G (astfel \u00eenc\u00e2t exist\u0103 op\u021biuni pentru toate loca\u021biile dvs. diferite). Decorul bogat albastru Sapphire SW cristal \/ piatr\u0103 \u00eentr-adev\u0103r pops \u0219i ofer\u0103 o abordare de lux \u0219i este o drag\u0103 a clien\u021bilor care doresc doar s\u0103 ias\u0103 \u00een eviden\u021b\u0103 \u00een ceea ce prive\u0219te bijuteriile corporale.<\/p>","protected":false},"excerpt":{"rendered":"<ul>\n<li>Filetat intern<\/li>\n<li>Material: Titan de calitate pentru implant F-136<\/li>\n<li>Diametru: 2,5mm - 3mm - 4mm - 5mm<\/li>\n<li>Grosime: 16G - 14G<\/li>\n<\/ul>","protected":false},"featured_media":15860,"comment_status":"closed","ping_status":"closed","template":"","meta":{"_acf_changed":false},"product_brand":[],"product_cat":[442,340,343],"product_tag":[187,215,216,188,189,210,211,212,190,183,213,184,207],"class_list":{"0":"post-15853","1":"product","2":"type-product","3":"status-publish","4":"has-post-thumbnail","6":"product_cat-sw","7":"product_cat-titanium-jewelry","8":"product_cat-tops-titanium-jewelry","9":"product_tag-conch","10":"product_tag-dermal-top","11":"product_tag-disc","12":"product_tag-ear","13":"product_tag-helix","14":"product_tag-labret","15":"product_tag-lip","16":"product_tag-medusa","17":"product_tag-oreja","18":"product_tag-perforacion","19":"product_tag-philtrum","20":"product_tag-piercing","21":"product_tag-tragus","23":"first","24":"instock","25":"taxable","26":"shipping-taxable","27":"purchasable","28":"product-type-variable"},"acf":[],"gallery_images":[27712,27711],"_links":{"self":[{"href":"https:\/\/tremunpiercing.com\/ro\/wp-json\/wp\/v2\/product\/15853","targetHints":{"allow":["GET"]}}],"collection":[{"href":"https:\/\/tremunpiercing.com\/ro\/wp-json\/wp\/v2\/product"}],"about":[{"href":"https:\/\/tremunpiercing.com\/ro\/wp-json\/wp\/v2\/types\/product"}],"replies":[{"embeddable":true,"href":"https:\/\/tremunpiercing.com\/ro\/wp-json\/wp\/v2\/comments?post=15853"}],"version-history":[{"count":1,"href":"https:\/\/tremunpiercing.com\/ro\/wp-json\/wp\/v2\/product\/15853\/revisions"}],"predecessor-version":[{"id":27713,"href":"https:\/\/tremunpiercing.com\/ro\/wp-json\/wp\/v2\/product\/15853\/revisions\/27713"}],"wp:featuredmedia":[{"embeddable":true,"href":"https:\/\/tremunpiercing.com\/ro\/wp-json\/wp\/v2\/media\/15860"}],"wp:attachment":[{"href":"https:\/\/tremunpiercing.com\/ro\/wp-json\/wp\/v2\/media?parent=15853"}],"wp:term":[{"taxonomy":"product_brand","embeddable":true,"href":"https:\/\/tremunpiercing.com\/ro\/wp-json\/wp\/v2\/product_brand?post=15853"},{"taxonomy":"product_cat","embeddable":true,"href":"https:\/\/tremunpiercing.com\/ro\/wp-json\/wp\/v2\/product_cat?post=15853"},{"taxonomy":"product_tag","embeddable":true,"href":"https:\/\/tremunpiercing.com\/ro\/wp-json\/wp\/v2\/product_tag?post=15853"}],"curies":[{"name":"wp","href":"https:\/\/api.w.org\/{rel}","templated":true}]}}