{"id":17829,"date":"2025-06-05T18:54:21","date_gmt":"2025-06-05T17:54:21","guid":{"rendered":"https:\/\/tremunpiercing.com\/?post_type=product&#038;p=17829"},"modified":"2026-03-29T20:29:21","modified_gmt":"2026-03-29T19:29:21","slug":"deborah-white-cz","status":"publish","type":"product","link":"https:\/\/tremunpiercing.com\/ro\/product\/deborah-white-cz\/","title":{"rendered":"Deborah &#8211; White CZ"},"content":{"rendered":"<h2 data-start=\"3398\" data-end=\"3472\"><strong data-start=\"3402\" data-end=\"3470\">Deborah White CZ cu filet intern - Titan F-136 (14G)<\/strong><\/h2>\n<p>Construit\u0103 din titan F-136 pentru implanturi, Barbelul cu filet intern Deborah White CZ este o alegere de \u00eencredere pentru bijuterii sigure \u0219i hipoalergenice. La 14G, aceast\u0103 pies\u0103 este puternic\u0103, dar confortabil\u0103, f\u0103cut\u0103 s\u0103 reziste uzurii zilnice. Pietrele de zirconiu cubic alb pur au o str\u0103lucire elegant\u0103 atemporal\u0103 potrivit\u0103 pentru o varietate de stiluri de piercing.<\/p>\n<p>Designul acestei piese cu filet intern ofer\u0103 o potrivire mai confortabil\u0103, neted\u0103 \u0219i sigur\u0103, f\u0103c\u00e2nd procesul mai u\u0219or pentru profesioni\u0219ti \u0219i o experien\u021b\u0103 general\u0103 mai bun\u0103 pentru clien\u021bi. Aceasta <a href=\"https:\/\/tremunpiercing.com\/product-category\/titanium-jewelry\/barbell-titanium-jewelry\/\">barbell titan<\/a> este combina\u021bia perfect\u0103 de func\u021bionalitate \u0219i mod\u0103, fiind un accesoriu excelent pentru studioul dvs. de piercing sau colec\u021bia de bijuterii.<\/p>","protected":false},"excerpt":{"rendered":"<ul>\n<li>Filetat intern<\/li>\n<li>Material: Titan de calitate pentru implant F-136<\/li>\n<li>Gauge: 14G<\/li>\n<li>Gem\u0103: Zirconiu cubic<\/li>\n<\/ul>","protected":false},"featured_media":17830,"comment_status":"closed","ping_status":"closed","template":"","meta":{"_acf_changed":false},"product_brand":[],"product_cat":[343,340],"product_tag":[225,187,179,180,188,189,190,200,183,184,185],"class_list":{"0":"post-17829","1":"product","2":"type-product","3":"status-publish","4":"has-post-thumbnail","6":"product_cat-tops-titanium-jewelry","7":"product_cat-titanium-jewelry","8":"product_tag-cluster","9":"product_tag-conch","10":"product_tag-cristal","11":"product_tag-cz","12":"product_tag-ear","13":"product_tag-helix","14":"product_tag-oreja","15":"product_tag-ornamental","16":"product_tag-perforacion","17":"product_tag-piercing","18":"product_tag-shiny","20":"first","21":"instock","22":"taxable","23":"shipping-taxable","24":"purchasable","25":"product-type-simple"},"acf":[],"gallery_images":[27609,27607],"_links":{"self":[{"href":"https:\/\/tremunpiercing.com\/ro\/wp-json\/wp\/v2\/product\/17829","targetHints":{"allow":["GET"]}}],"collection":[{"href":"https:\/\/tremunpiercing.com\/ro\/wp-json\/wp\/v2\/product"}],"about":[{"href":"https:\/\/tremunpiercing.com\/ro\/wp-json\/wp\/v2\/types\/product"}],"replies":[{"embeddable":true,"href":"https:\/\/tremunpiercing.com\/ro\/wp-json\/wp\/v2\/comments?post=17829"}],"version-history":[{"count":1,"href":"https:\/\/tremunpiercing.com\/ro\/wp-json\/wp\/v2\/product\/17829\/revisions"}],"predecessor-version":[{"id":27610,"href":"https:\/\/tremunpiercing.com\/ro\/wp-json\/wp\/v2\/product\/17829\/revisions\/27610"}],"wp:featuredmedia":[{"embeddable":true,"href":"https:\/\/tremunpiercing.com\/ro\/wp-json\/wp\/v2\/media\/17830"}],"wp:attachment":[{"href":"https:\/\/tremunpiercing.com\/ro\/wp-json\/wp\/v2\/media?parent=17829"}],"wp:term":[{"taxonomy":"product_brand","embeddable":true,"href":"https:\/\/tremunpiercing.com\/ro\/wp-json\/wp\/v2\/product_brand?post=17829"},{"taxonomy":"product_cat","embeddable":true,"href":"https:\/\/tremunpiercing.com\/ro\/wp-json\/wp\/v2\/product_cat?post=17829"},{"taxonomy":"product_tag","embeddable":true,"href":"https:\/\/tremunpiercing.com\/ro\/wp-json\/wp\/v2\/product_tag?post=17829"}],"curies":[{"name":"wp","href":"https:\/\/api.w.org\/{rel}","templated":true}]}}