{"id":17832,"date":"2025-06-05T18:59:32","date_gmt":"2025-06-05T17:59:32","guid":{"rendered":"https:\/\/tremunpiercing.com\/?post_type=product&#038;p=17832"},"modified":"2026-04-10T22:39:03","modified_gmt":"2026-04-10T21:39:03","slug":"deborah-sapphire-blue-white-cz","status":"publish","type":"product","link":"https:\/\/tremunpiercing.com\/ro\/product\/deborah-sapphire-blue-white-cz\/","title":{"rendered":"Deborah &#8211; Sapphire Blue \/ White CZ"},"content":{"rendered":"<p>Barbelul cu filet intern Deborah Sapphire Blue\/White CZ este o pies\u0103 frumoas\u0103 realizat\u0103 din titan F-136 pentru implanturi, ceea ce o face o op\u021biune bun\u0103 pentru siguran\u021b\u0103 \u0219i rezisten\u021b\u0103. Deoarece are un calibru de 14G, este puternic\u0103, hipoalergenic\u0103 \u0219i potrivit\u0103 pentru purtare pe termen lung. Combina\u021bia de pietre de zirconiu cubic alb \u0219i albastru safir are ca rezultat un design vibrant, atr\u0103g\u0103tor, care func\u021bioneaz\u0103 excelent pentru multe tipuri diferite de piercinguri.<\/p>\n<p>Bijuteriile cu filet intern sunt adesea folosite, deoarece creeaz\u0103 o experien\u021b\u0103 mai u\u0219oar\u0103 \u0219i mai sigur\u0103 pentru purt\u0103tor, motiv pentru care at\u00e2t de mul\u021bi profesioni\u0219ti prefer\u0103 s\u0103 le foloseasc\u0103. Titanul face ca aceast\u0103 pies\u0103 s\u0103 fie durabil\u0103, iar filetarea intern\u0103 face ca piesa s\u0103 fie sigur\u0103. Construc\u021bia din titan lustruit adaug\u0103 un strat de confort pentru client, fiind \u00een acela\u0219i timp elegant\u0103 \u0219i profesional\u0103. Aceasta este o pies\u0103 excelent\u0103 pentru colec\u021bia dumneavoastr\u0103.<\/p>","protected":false},"excerpt":{"rendered":"<ul>\n<li>Filetat intern<\/li>\n<li>Material: Titan de calitate pentru implant F-136<\/li>\n<li>Gauge: 14G<\/li>\n<li>Gem\u0103: Zirconiu cubic<\/li>\n<\/ul>","protected":false},"featured_media":17833,"comment_status":"closed","ping_status":"closed","template":"","meta":{"_acf_changed":false},"product_brand":[],"product_cat":[343,340],"product_tag":[225,187,179,180,188,189,190,200,183,184,185],"class_list":{"0":"post-17832","1":"product","2":"type-product","3":"status-publish","4":"has-post-thumbnail","6":"product_cat-tops-titanium-jewelry","7":"product_cat-titanium-jewelry","8":"product_tag-cluster","9":"product_tag-conch","10":"product_tag-cristal","11":"product_tag-cz","12":"product_tag-ear","13":"product_tag-helix","14":"product_tag-oreja","15":"product_tag-ornamental","16":"product_tag-perforacion","17":"product_tag-piercing","18":"product_tag-shiny","20":"first","21":"instock","22":"taxable","23":"shipping-taxable","24":"purchasable","25":"product-type-simple"},"acf":[],"gallery_images":[27605,27606],"_links":{"self":[{"href":"https:\/\/tremunpiercing.com\/ro\/wp-json\/wp\/v2\/product\/17832","targetHints":{"allow":["GET"]}}],"collection":[{"href":"https:\/\/tremunpiercing.com\/ro\/wp-json\/wp\/v2\/product"}],"about":[{"href":"https:\/\/tremunpiercing.com\/ro\/wp-json\/wp\/v2\/types\/product"}],"replies":[{"embeddable":true,"href":"https:\/\/tremunpiercing.com\/ro\/wp-json\/wp\/v2\/comments?post=17832"}],"version-history":[{"count":1,"href":"https:\/\/tremunpiercing.com\/ro\/wp-json\/wp\/v2\/product\/17832\/revisions"}],"predecessor-version":[{"id":27608,"href":"https:\/\/tremunpiercing.com\/ro\/wp-json\/wp\/v2\/product\/17832\/revisions\/27608"}],"wp:featuredmedia":[{"embeddable":true,"href":"https:\/\/tremunpiercing.com\/ro\/wp-json\/wp\/v2\/media\/17833"}],"wp:attachment":[{"href":"https:\/\/tremunpiercing.com\/ro\/wp-json\/wp\/v2\/media?parent=17832"}],"wp:term":[{"taxonomy":"product_brand","embeddable":true,"href":"https:\/\/tremunpiercing.com\/ro\/wp-json\/wp\/v2\/product_brand?post=17832"},{"taxonomy":"product_cat","embeddable":true,"href":"https:\/\/tremunpiercing.com\/ro\/wp-json\/wp\/v2\/product_cat?post=17832"},{"taxonomy":"product_tag","embeddable":true,"href":"https:\/\/tremunpiercing.com\/ro\/wp-json\/wp\/v2\/product_tag?post=17832"}],"curies":[{"name":"wp","href":"https:\/\/api.w.org\/{rel}","templated":true}]}}