{"id":20896,"date":"2025-09-01T22:05:23","date_gmt":"2025-09-01T21:05:23","guid":{"rendered":"https:\/\/tremunpiercing.com\/?post_type=product&#038;p=20896"},"modified":"2026-03-04T10:40:15","modified_gmt":"2026-03-04T09:40:15","slug":"jamie","status":"publish","type":"product","link":"https:\/\/tremunpiercing.com\/ro\/product\/jamie\/","title":{"rendered":"Jamie"},"content":{"rendered":"<p>Jamie este un accesoriu minimalist din aur galben de 14k pentru un aspect clasic. F\u0103r\u0103 pietre pre\u021bioase, Jamie este neted \u0219i lustruit, valorific\u00e2nd puritatea aurului masiv pentru o pies\u0103 sofisticat\u0103 pentru piercing-uri de lob, tragus sau cartilaj superior. Jamie are un sistem push-pin 25G, asigur\u00e2nd o montare sigur\u0103 \u0219i confort pe tot parcursul zilei pentru fiecare client. Un accesoriu minimalist elegant pentru profesioni\u0219tii care apreciaz\u0103 m\u0103iestria fin\u0103 \u0219i o estetic\u0103 luxoas\u0103, dar subtil\u0103. Un accesoriu sofisticat de zi cu zi pentru persoanele care apreciaz\u0103 minimalismul cald \u0219i luxos al piercingurilor de urechi.<\/p>\n<p>&nbsp;<\/p>","protected":false},"excerpt":{"rendered":"<ul>\n<li>Accesoriu cu \u0219tift de \u00eempingere<\/li>\n<li>Grosime: 25G<\/li>\n<li>Material: Aur galben 14k<\/li>\n<\/ul>","protected":false},"featured_media":21261,"comment_status":"closed","ping_status":"closed","template":"","meta":{"_acf_changed":false},"product_brand":[],"product_cat":[400,337,463],"product_tag":[187,188,189,205,206,190,183,184,207],"class_list":{"0":"post-20896","1":"product","2":"type-product","3":"status-publish","4":"has-post-thumbnail","6":"product_cat-tremun","7":"product_cat-gold-jewelry","8":"product_cat-tops-gold-tremun","9":"product_tag-conch","10":"product_tag-ear","11":"product_tag-helix","12":"product_tag-lobe","13":"product_tag-lobulo","14":"product_tag-oreja","15":"product_tag-perforacion","16":"product_tag-piercing","17":"product_tag-tragus","19":"first","20":"outofstock","21":"taxable","22":"shipping-taxable","23":"purchasable","24":"product-type-simple"},"acf":[],"gallery_images":[21262],"_links":{"self":[{"href":"https:\/\/tremunpiercing.com\/ro\/wp-json\/wp\/v2\/product\/20896","targetHints":{"allow":["GET"]}}],"collection":[{"href":"https:\/\/tremunpiercing.com\/ro\/wp-json\/wp\/v2\/product"}],"about":[{"href":"https:\/\/tremunpiercing.com\/ro\/wp-json\/wp\/v2\/types\/product"}],"replies":[{"embeddable":true,"href":"https:\/\/tremunpiercing.com\/ro\/wp-json\/wp\/v2\/comments?post=20896"}],"version-history":[{"count":0,"href":"https:\/\/tremunpiercing.com\/ro\/wp-json\/wp\/v2\/product\/20896\/revisions"}],"wp:featuredmedia":[{"embeddable":true,"href":"https:\/\/tremunpiercing.com\/ro\/wp-json\/wp\/v2\/media\/21261"}],"wp:attachment":[{"href":"https:\/\/tremunpiercing.com\/ro\/wp-json\/wp\/v2\/media?parent=20896"}],"wp:term":[{"taxonomy":"product_brand","embeddable":true,"href":"https:\/\/tremunpiercing.com\/ro\/wp-json\/wp\/v2\/product_brand?post=20896"},{"taxonomy":"product_cat","embeddable":true,"href":"https:\/\/tremunpiercing.com\/ro\/wp-json\/wp\/v2\/product_cat?post=20896"},{"taxonomy":"product_tag","embeddable":true,"href":"https:\/\/tremunpiercing.com\/ro\/wp-json\/wp\/v2\/product_tag?post=20896"}],"curies":[{"name":"wp","href":"https:\/\/api.w.org\/{rel}","templated":true}]}}