{"id":21958,"date":"2025-09-17T16:30:55","date_gmt":"2025-09-17T15:30:55","guid":{"rendered":"https:\/\/tremunpiercing.com\/?post_type=product&#038;p=21958"},"modified":"2026-04-18T13:39:21","modified_gmt":"2026-04-18T12:39:21","slug":"trinity-sw","status":"publish","type":"product","link":"https:\/\/tremunpiercing.com\/ro\/product\/trinity-sw\/","title":{"rendered":"Trinity - SW"},"content":{"rendered":"<p>Topul din titan Trinity SW \u00eembin\u0103 minimalismul structural proasp\u0103t cu str\u0103lucirea clasic\u0103. Formulat din titan pentru implanturi (F-136), acest top cu filet intern are trei cristale Swarovski str\u0103lucitoare care capteaz\u0103 lumina din toate unghiurile. Construit pentru confort \u0219i durabilitate, este o op\u021biune excelent\u0103 pentru o varietate de loca\u021bii, cum ar fi helix, tragus, conch, sau lob.<\/p>\n<p>\u00cen plus, toate cristalele sunt perfect aliniate pentru a crea un triunghi \u0219ic, care atrage \u00een mod natural o str\u0103lucire subtil\u0103, f\u0103r\u0103 a distrage aten\u021bia de la ureche. Trinity-SW este disponibil \u00een dimensiuni de 2,5 mm, 3,6 mm \u0219i 4,5 mm, ceea ce \u00eel face op\u021biunea perfect\u0103 de recomandat unui piercer profesionist care dore\u0219te s\u0103 ofere o alegere hipoalergenic\u0103 high-end pe care clien\u021bii lor o vor iubi mult timp.<\/p>","protected":false},"excerpt":{"rendered":"<ul>\n<li>Filetat intern<\/li>\n<li>Material: Titan de calitate pentru implant F-136<\/li>\n<li>Gauge: 16G<\/li>\n<li>Pietre pre\u021bioase: Cristal Swarovski<\/li>\n<li>Dimensiuni: 2,5mm - 3,6mm - 4,5mm<\/li>\n<\/ul>","protected":false},"featured_media":22104,"comment_status":"closed","ping_status":"closed","template":"","meta":{"_acf_changed":false},"product_brand":[],"product_cat":[442,340,343],"product_tag":[187,188,189,210,205,206,212,190,183,213,184,207],"class_list":{"0":"post-21958","1":"product","2":"type-product","3":"status-publish","4":"has-post-thumbnail","6":"product_cat-sw","7":"product_cat-titanium-jewelry","8":"product_cat-tops-titanium-jewelry","9":"product_tag-conch","10":"product_tag-ear","11":"product_tag-helix","12":"product_tag-labret","13":"product_tag-lobe","14":"product_tag-lobulo","15":"product_tag-medusa","16":"product_tag-oreja","17":"product_tag-perforacion","18":"product_tag-philtrum","19":"product_tag-piercing","20":"product_tag-tragus","22":"first","23":"instock","24":"taxable","25":"shipping-taxable","26":"purchasable","27":"product-type-variable"},"acf":[],"gallery_images":[22105,27627,22106,27624,22107,27626,27625],"_links":{"self":[{"href":"https:\/\/tremunpiercing.com\/ro\/wp-json\/wp\/v2\/product\/21958","targetHints":{"allow":["GET"]}}],"collection":[{"href":"https:\/\/tremunpiercing.com\/ro\/wp-json\/wp\/v2\/product"}],"about":[{"href":"https:\/\/tremunpiercing.com\/ro\/wp-json\/wp\/v2\/types\/product"}],"replies":[{"embeddable":true,"href":"https:\/\/tremunpiercing.com\/ro\/wp-json\/wp\/v2\/comments?post=21958"}],"version-history":[{"count":1,"href":"https:\/\/tremunpiercing.com\/ro\/wp-json\/wp\/v2\/product\/21958\/revisions"}],"predecessor-version":[{"id":27579,"href":"https:\/\/tremunpiercing.com\/ro\/wp-json\/wp\/v2\/product\/21958\/revisions\/27579"}],"wp:featuredmedia":[{"embeddable":true,"href":"https:\/\/tremunpiercing.com\/ro\/wp-json\/wp\/v2\/media\/22104"}],"wp:attachment":[{"href":"https:\/\/tremunpiercing.com\/ro\/wp-json\/wp\/v2\/media?parent=21958"}],"wp:term":[{"taxonomy":"product_brand","embeddable":true,"href":"https:\/\/tremunpiercing.com\/ro\/wp-json\/wp\/v2\/product_brand?post=21958"},{"taxonomy":"product_cat","embeddable":true,"href":"https:\/\/tremunpiercing.com\/ro\/wp-json\/wp\/v2\/product_cat?post=21958"},{"taxonomy":"product_tag","embeddable":true,"href":"https:\/\/tremunpiercing.com\/ro\/wp-json\/wp\/v2\/product_tag?post=21958"}],"curies":[{"name":"wp","href":"https:\/\/api.w.org\/{rel}","templated":true}]}}