{"id":21985,"date":"2025-09-17T19:12:55","date_gmt":"2025-09-17T18:12:55","guid":{"rendered":"https:\/\/tremunpiercing.com\/?post_type=product&#038;p=21985"},"modified":"2026-04-18T11:37:35","modified_gmt":"2026-04-18T10:37:35","slug":"lena-sw-white","status":"publish","type":"product","link":"https:\/\/tremunpiercing.com\/ro\/product\/lena-sw-white\/","title":{"rendered":"Lena - SW Alb"},"content":{"rendered":"<p>Lena - SW White introduce str\u0103lucirea pur\u0103 \u00een designul minimalist. Realizat din titan F-136 de calitate pentru implanturi, acest \u0219tift cu filet intern de 16G, 3 mm, prezint\u0103 un frumos cristal Swarovski alb care str\u0103luce\u0219te \u00een toate direc\u021biile. Titanul hipoalergenic ofer\u0103 confort de durat\u0103 \u00een timpul purt\u0103rii \u0219i este ideal pentru piercing-uri labret, helix \u0219i tragus.<\/p>\n<p>Realizat pentru instalare profesional\u0103, este u\u0219or de instalat \u00een cele mai str\u00e2mte spa\u021bii, prevenind \u00een acela\u0219i timp pierderea din \u0219tift. Str\u0103lucirea atemporal\u0103 a cristalului alb se potrive\u0219te cu orice ton de piele \u0219i stil - acesta este un buton necesar pentru studiourile de piercing \u0219i rafin\u0103riile de \u00eenalt\u0103 calitate.<\/p>","protected":false},"excerpt":{"rendered":"<ul>\n<li>Filetat intern<\/li>\n<li>Material: Titan de calitate pentru implant F-136<\/li>\n<li>Dimensiune: 3mm<\/li>\n<li>Pietre pre\u021bioase: Cristal Swarovski<\/li>\n<li>Gauge: 16G<\/li>\n<\/ul>","protected":false},"featured_media":22379,"comment_status":"closed","ping_status":"closed","template":"","meta":{"_acf_changed":false},"product_brand":[],"product_cat":[442,340,343],"product_tag":[187,188,189,210,211,199,190,183,184],"class_list":{"0":"post-21985","1":"product","2":"type-product","3":"status-publish","4":"has-post-thumbnail","6":"product_cat-sw","7":"product_cat-titanium-jewelry","8":"product_cat-tops-titanium-jewelry","9":"product_tag-conch","10":"product_tag-ear","11":"product_tag-helix","12":"product_tag-labret","13":"product_tag-lip","14":"product_tag-nostril","15":"product_tag-oreja","16":"product_tag-perforacion","17":"product_tag-piercing","19":"first","20":"instock","21":"taxable","22":"shipping-taxable","23":"purchasable","24":"product-type-simple"},"acf":[],"gallery_images":[27511,27512],"_links":{"self":[{"href":"https:\/\/tremunpiercing.com\/ro\/wp-json\/wp\/v2\/product\/21985","targetHints":{"allow":["GET"]}}],"collection":[{"href":"https:\/\/tremunpiercing.com\/ro\/wp-json\/wp\/v2\/product"}],"about":[{"href":"https:\/\/tremunpiercing.com\/ro\/wp-json\/wp\/v2\/types\/product"}],"replies":[{"embeddable":true,"href":"https:\/\/tremunpiercing.com\/ro\/wp-json\/wp\/v2\/comments?post=21985"}],"version-history":[{"count":1,"href":"https:\/\/tremunpiercing.com\/ro\/wp-json\/wp\/v2\/product\/21985\/revisions"}],"predecessor-version":[{"id":27516,"href":"https:\/\/tremunpiercing.com\/ro\/wp-json\/wp\/v2\/product\/21985\/revisions\/27516"}],"wp:featuredmedia":[{"embeddable":true,"href":"https:\/\/tremunpiercing.com\/ro\/wp-json\/wp\/v2\/media\/22379"}],"wp:attachment":[{"href":"https:\/\/tremunpiercing.com\/ro\/wp-json\/wp\/v2\/media?parent=21985"}],"wp:term":[{"taxonomy":"product_brand","embeddable":true,"href":"https:\/\/tremunpiercing.com\/ro\/wp-json\/wp\/v2\/product_brand?post=21985"},{"taxonomy":"product_cat","embeddable":true,"href":"https:\/\/tremunpiercing.com\/ro\/wp-json\/wp\/v2\/product_cat?post=21985"},{"taxonomy":"product_tag","embeddable":true,"href":"https:\/\/tremunpiercing.com\/ro\/wp-json\/wp\/v2\/product_tag?post=21985"}],"curies":[{"name":"wp","href":"https:\/\/api.w.org\/{rel}","templated":true}]}}