{"id":21991,"date":"2025-09-17T19:36:05","date_gmt":"2025-09-17T18:36:05","guid":{"rendered":"https:\/\/tremunpiercing.com\/?post_type=product&#038;p=21991"},"modified":"2026-03-22T15:52:25","modified_gmt":"2026-03-22T14:52:25","slug":"lena-sw-purplish-pink","status":"publish","type":"product","link":"https:\/\/tremunpiercing.com\/ro\/product\/lena-sw-purplish-pink\/","title":{"rendered":"Lena - SW roz purpuriu"},"content":{"rendered":"<p>Lena SW Purplish Pink reprezint\u0103 o uniune ideal\u0103 de elegan\u021b\u0103 \u0219i sofisticare modern\u0103. Confec\u021bionat\u0103 din titan F-136 de calitate pentru implanturi, este o pies\u0103 cu filet intern de 16G, 3 mm, cu un frumos cristal Swarovski roz purpuriu, cunoscut pentru str\u0103lucirea sa str\u0103lucitoare.<\/p>\n<p>Baza hipoalergenic\u0103 din titan ofer\u0103 confort maxim \u0219i durabilitate \u00eendelungat\u0103, ceea ce o face s\u0103 se potriveasc\u0103 perfect pentru piercing-uri tragus, helix, labret \u0219i plate. Filetarea intern\u0103 este sigur\u0103 \u0219i ajut\u0103 la minimizarea irita\u021biei, garant\u00e2nd \u00een acela\u0219i timp o potrivire perfect\u0103 pe care profesioni\u0219tii o vor iubi. Culoarea rozalie moale este un plus delicat, dar inspirat de \u00eencredere, pentru orice look \u0219i este preferatul clien\u021bilor pentru colec\u021biile \u201chigh-end studio\u201d.<\/p>","protected":false},"excerpt":{"rendered":"<ul>\n<li>Filetat intern<\/li>\n<li>Material: Titan de calitate pentru implant F-136<\/li>\n<li>Dimensiune: 3mm<\/li>\n<li>Pietre pre\u021bioase: Cristal Swarovski<\/li>\n<li>Gauge: 16G<\/li>\n<\/ul>","protected":false},"featured_media":22380,"comment_status":"closed","ping_status":"closed","template":"","meta":{"_acf_changed":false},"product_brand":[],"product_cat":[442,340,343],"product_tag":[187,188,189,210,211,199,190,183,184],"class_list":{"0":"post-21991","1":"product","2":"type-product","3":"status-publish","4":"has-post-thumbnail","6":"product_cat-sw","7":"product_cat-titanium-jewelry","8":"product_cat-tops-titanium-jewelry","9":"product_tag-conch","10":"product_tag-ear","11":"product_tag-helix","12":"product_tag-labret","13":"product_tag-lip","14":"product_tag-nostril","15":"product_tag-oreja","16":"product_tag-perforacion","17":"product_tag-piercing","19":"first","20":"instock","21":"taxable","22":"shipping-taxable","23":"purchasable","24":"product-type-simple"},"acf":[],"gallery_images":[27505,27506],"_links":{"self":[{"href":"https:\/\/tremunpiercing.com\/ro\/wp-json\/wp\/v2\/product\/21991","targetHints":{"allow":["GET"]}}],"collection":[{"href":"https:\/\/tremunpiercing.com\/ro\/wp-json\/wp\/v2\/product"}],"about":[{"href":"https:\/\/tremunpiercing.com\/ro\/wp-json\/wp\/v2\/types\/product"}],"replies":[{"embeddable":true,"href":"https:\/\/tremunpiercing.com\/ro\/wp-json\/wp\/v2\/comments?post=21991"}],"version-history":[{"count":1,"href":"https:\/\/tremunpiercing.com\/ro\/wp-json\/wp\/v2\/product\/21991\/revisions"}],"predecessor-version":[{"id":27507,"href":"https:\/\/tremunpiercing.com\/ro\/wp-json\/wp\/v2\/product\/21991\/revisions\/27507"}],"wp:featuredmedia":[{"embeddable":true,"href":"https:\/\/tremunpiercing.com\/ro\/wp-json\/wp\/v2\/media\/22380"}],"wp:attachment":[{"href":"https:\/\/tremunpiercing.com\/ro\/wp-json\/wp\/v2\/media?parent=21991"}],"wp:term":[{"taxonomy":"product_brand","embeddable":true,"href":"https:\/\/tremunpiercing.com\/ro\/wp-json\/wp\/v2\/product_brand?post=21991"},{"taxonomy":"product_cat","embeddable":true,"href":"https:\/\/tremunpiercing.com\/ro\/wp-json\/wp\/v2\/product_cat?post=21991"},{"taxonomy":"product_tag","embeddable":true,"href":"https:\/\/tremunpiercing.com\/ro\/wp-json\/wp\/v2\/product_tag?post=21991"}],"curies":[{"name":"wp","href":"https:\/\/api.w.org\/{rel}","templated":true}]}}