{"id":21997,"date":"2025-09-17T19:41:04","date_gmt":"2025-09-17T18:41:04","guid":{"rendered":"https:\/\/tremunpiercing.com\/?post_type=product&#038;p=21997"},"modified":"2026-03-29T18:28:43","modified_gmt":"2026-03-29T17:28:43","slug":"lena-sw-frosty-mint","status":"publish","type":"product","link":"https:\/\/tremunpiercing.com\/ro\/product\/lena-sw-frosty-mint\/","title":{"rendered":"Lena - SW Frosty Mint"},"content":{"rendered":"<p>Lena - SW Frosty Mint prezint\u0103 o abordare contemporan\u0103, r\u0103coritoare a piercing-urilor tradi\u021bionale. Butonul filetat intern de 3 mm grosime (fabricat din titan F-136 pentru implanturi) sus\u021bine un cristal Swarovski Frosty Mint, care str\u0103luce\u0219te cu o str\u0103lucire pastelat\u0103 subtil\u0103. Are o suprafa\u021b\u0103 hipoalergenic\u0103 \u0219i rezistent\u0103 la coroziune, care este excelent\u0103 pentru toate tipurile de piercinguri de ureche (tragus, labret, helix) pentru a fi purtat\u0103 \u00een fiecare zi. Creat special pentru profesioni\u0219ti, radiaz\u0103 simplitate \u0219i elegan\u021b\u0103, fiind \u00een acela\u0219i timp durabil pentru piercingurile de zi cu zi. Frosty Mint va fi un u\u0219or strop de prospe\u021bime at\u00e2t pentru studiouri, c\u00e2t \u0219i pentru clien\u021bi.<\/p>","protected":false},"excerpt":{"rendered":"<ul>\n<li>Filetat intern<\/li>\n<li>Material: Titan de calitate pentru implant F-136<\/li>\n<li>Dimensiune: 3mm<\/li>\n<li>Pietre pre\u021bioase: Cristal Swarovski<\/li>\n<li>Gauge: 16G<\/li>\n<\/ul>","protected":false},"featured_media":21999,"comment_status":"closed","ping_status":"closed","template":"","meta":{"_acf_changed":false},"product_brand":[],"product_cat":[442,340,343],"product_tag":[187,188,189,210,211,199,190,183,184],"class_list":{"0":"post-21997","1":"product","2":"type-product","3":"status-publish","4":"has-post-thumbnail","6":"product_cat-sw","7":"product_cat-titanium-jewelry","8":"product_cat-tops-titanium-jewelry","9":"product_tag-conch","10":"product_tag-ear","11":"product_tag-helix","12":"product_tag-labret","13":"product_tag-lip","14":"product_tag-nostril","15":"product_tag-oreja","16":"product_tag-perforacion","17":"product_tag-piercing","19":"first","20":"instock","21":"taxable","22":"shipping-taxable","23":"purchasable","24":"product-type-simple"},"acf":[],"gallery_images":[27497,27496],"_links":{"self":[{"href":"https:\/\/tremunpiercing.com\/ro\/wp-json\/wp\/v2\/product\/21997","targetHints":{"allow":["GET"]}}],"collection":[{"href":"https:\/\/tremunpiercing.com\/ro\/wp-json\/wp\/v2\/product"}],"about":[{"href":"https:\/\/tremunpiercing.com\/ro\/wp-json\/wp\/v2\/types\/product"}],"replies":[{"embeddable":true,"href":"https:\/\/tremunpiercing.com\/ro\/wp-json\/wp\/v2\/comments?post=21997"}],"version-history":[{"count":1,"href":"https:\/\/tremunpiercing.com\/ro\/wp-json\/wp\/v2\/product\/21997\/revisions"}],"predecessor-version":[{"id":27500,"href":"https:\/\/tremunpiercing.com\/ro\/wp-json\/wp\/v2\/product\/21997\/revisions\/27500"}],"wp:featuredmedia":[{"embeddable":true,"href":"https:\/\/tremunpiercing.com\/ro\/wp-json\/wp\/v2\/media\/21999"}],"wp:attachment":[{"href":"https:\/\/tremunpiercing.com\/ro\/wp-json\/wp\/v2\/media?parent=21997"}],"wp:term":[{"taxonomy":"product_brand","embeddable":true,"href":"https:\/\/tremunpiercing.com\/ro\/wp-json\/wp\/v2\/product_brand?post=21997"},{"taxonomy":"product_cat","embeddable":true,"href":"https:\/\/tremunpiercing.com\/ro\/wp-json\/wp\/v2\/product_cat?post=21997"},{"taxonomy":"product_tag","embeddable":true,"href":"https:\/\/tremunpiercing.com\/ro\/wp-json\/wp\/v2\/product_tag?post=21997"}],"curies":[{"name":"wp","href":"https:\/\/api.w.org\/{rel}","templated":true}]}}