{"id":22159,"date":"2025-09-22T23:07:42","date_gmt":"2025-09-22T22:07:42","guid":{"rendered":"https:\/\/tremunpiercing.com\/?post_type=product&#038;p=22159"},"modified":"2026-04-19T23:03:56","modified_gmt":"2026-04-19T22:03:56","slug":"emily-red-garnet","status":"publish","type":"product","link":"https:\/\/tremunpiercing.com\/ro\/product\/emily-red-garnet\/","title":{"rendered":"Emily - Granat ro\u0219u"},"content":{"rendered":"<p>Emily - Granatul ro\u0219u este deopotriv\u0103 \u00eenfl\u0103c\u0103rat \u0219i rafinat. O combina\u021bie de granat natural \u0219i granat CZ produce o str\u0103lucire bogat\u0103, de un ro\u0219u intens, o potrivire satisf\u0103c\u0103toare pentru acest design unic. Realizat din titan F-136 pentru implanturi, designul cu filet intern 16G ofer\u0103 confort maxim cu durabilitate.<\/p>\n<p>Piesa este special conceput\u0103 pentru piercing-uri plate, helix sau conch, \u0219i ofer\u0103 at\u00e2t rezisten\u021b\u0103, c\u00e2t \u0219i frumuse\u021be. Tonurile unice \u0219i \u00eendr\u0103zne\u021be de ro\u0219u ale pietrei pre\u021bioase granat reprezint\u0103 energie \u0219i pasiune \u0219i fac o declara\u021bie \u00een orice piercing.<\/p>\n<p>Emily - Red Garnet se potrive\u0219te perfect studiourilor \u0219i v\u00e2nz\u0103torilor care caut\u0103 bijuterii cu pietre pre\u021bioase cu c\u0103ldur\u0103 \u0219i lux pentru a le oferi clien\u021bilor lor.<\/p>","protected":false},"excerpt":{"rendered":"<ul>\n<li>Filetat intern<\/li>\n<li>Material: Titan de calitate pentru implant F-136<\/li>\n<li>Gauge: 16G<\/li>\n<li>Gem\u0103: Granat natural + granat CZ<\/li>\n<\/ul>","protected":false},"featured_media":22160,"comment_status":"closed","ping_status":"closed","template":"","meta":{"_acf_changed":false},"product_brand":[],"product_cat":[340,343],"product_tag":[187,188,189,205,206,190,183,184,207],"class_list":{"0":"post-22159","1":"product","2":"type-product","3":"status-publish","4":"has-post-thumbnail","6":"product_cat-titanium-jewelry","7":"product_cat-tops-titanium-jewelry","8":"product_tag-conch","9":"product_tag-ear","10":"product_tag-helix","11":"product_tag-lobe","12":"product_tag-lobulo","13":"product_tag-oreja","14":"product_tag-perforacion","15":"product_tag-piercing","16":"product_tag-tragus","18":"first","19":"instock","20":"taxable","21":"shipping-taxable","22":"purchasable","23":"product-type-simple"},"acf":[],"gallery_images":[27427,27428],"_links":{"self":[{"href":"https:\/\/tremunpiercing.com\/ro\/wp-json\/wp\/v2\/product\/22159","targetHints":{"allow":["GET"]}}],"collection":[{"href":"https:\/\/tremunpiercing.com\/ro\/wp-json\/wp\/v2\/product"}],"about":[{"href":"https:\/\/tremunpiercing.com\/ro\/wp-json\/wp\/v2\/types\/product"}],"replies":[{"embeddable":true,"href":"https:\/\/tremunpiercing.com\/ro\/wp-json\/wp\/v2\/comments?post=22159"}],"version-history":[{"count":1,"href":"https:\/\/tremunpiercing.com\/ro\/wp-json\/wp\/v2\/product\/22159\/revisions"}],"predecessor-version":[{"id":27429,"href":"https:\/\/tremunpiercing.com\/ro\/wp-json\/wp\/v2\/product\/22159\/revisions\/27429"}],"wp:featuredmedia":[{"embeddable":true,"href":"https:\/\/tremunpiercing.com\/ro\/wp-json\/wp\/v2\/media\/22160"}],"wp:attachment":[{"href":"https:\/\/tremunpiercing.com\/ro\/wp-json\/wp\/v2\/media?parent=22159"}],"wp:term":[{"taxonomy":"product_brand","embeddable":true,"href":"https:\/\/tremunpiercing.com\/ro\/wp-json\/wp\/v2\/product_brand?post=22159"},{"taxonomy":"product_cat","embeddable":true,"href":"https:\/\/tremunpiercing.com\/ro\/wp-json\/wp\/v2\/product_cat?post=22159"},{"taxonomy":"product_tag","embeddable":true,"href":"https:\/\/tremunpiercing.com\/ro\/wp-json\/wp\/v2\/product_tag?post=22159"}],"curies":[{"name":"wp","href":"https:\/\/api.w.org\/{rel}","templated":true}]}}