{"id":22171,"date":"2025-09-22T23:19:25","date_gmt":"2025-09-22T22:19:25","guid":{"rendered":"https:\/\/tremunpiercing.com\/?post_type=product&#038;p=22171"},"modified":"2026-04-20T16:10:05","modified_gmt":"2026-04-20T15:10:05","slug":"oval-cab-amethyst","status":"publish","type":"product","link":"https:\/\/tremunpiercing.com\/ro\/product\/oval-cab-amethyst\/","title":{"rendered":"Cabin\u0103 oval\u0103 - Ametist"},"content":{"rendered":"<p>Oval Cab - Amethyst eviden\u021biaz\u0103 frumuse\u021bea pietrei naturale de ametist, montat\u0103 \u00een titan F-136 pentru implant, ceea ce \u00eenseamn\u0103 c\u0103 o pute\u021bi purta \u00een siguran\u021b\u0103 pe termen lung. Forma oval\u0103 cabochon (5,6 mm x 3,3 mm) este o pies\u0103 neted\u0103 \u0219i lustruit\u0103, cu o bogat\u0103 colorare violet. Nu este de mirare c\u0103 a f\u0103cut o impresie imediat\u0103 asupra celor care apreciaz\u0103 at\u00e2t calitatea, c\u00e2t \u0219i estetica. Tija cu filet intern de 16G este f\u0103cut\u0103 pentru a se potrivi \u00een siguran\u021b\u0103, prevenind \u00een acela\u0219i timp iritarea, fiind, de asemenea, ideal\u0103 pentru utilizarea cu piercing-uri helix, lob \u0219i tragus.<\/p>\n<p>Fiecare prezint\u0103 unicitatea pietrelor naturale, astfel \u00eenc\u00e2t fiecare pies\u0103 ar trebui s\u0103 prezinte unele mici diferen\u021be. Aceast\u0103 pies\u0103 este realizat\u0103 cu profesioni\u0219tii \u00een minte, ceea ce \u00eenseamn\u0103 c\u0103 este perfect\u0103 pentru arti\u0219tii de piercing \u0219i furnizorii de bijuterii care doresc ceva organic \u0219i elegant \u00een fiecare detaliu!<\/p>","protected":false},"excerpt":{"rendered":"<ul>\n<li>Filetat intern<\/li>\n<li>Material: Titan de calitate pentru implant F-136<\/li>\n<li>Gauge: 16G<\/li>\n<li>Gem\u0103: Ametist - Piatr\u0103 natural\u0103<\/li>\n<li>Dimensiunea pietrelor: 5.6mm x 3.3mm<\/li>\n<\/ul>","protected":false},"featured_media":22172,"comment_status":"closed","ping_status":"closed","template":"","meta":{"_acf_changed":false},"product_brand":[],"product_cat":[340,343],"product_tag":[187,179,180,188,209,189,210,211,212,190,183,184,207],"class_list":{"0":"post-22171","1":"product","2":"type-product","3":"status-publish","4":"has-post-thumbnail","6":"product_cat-titanium-jewelry","7":"product_cat-tops-titanium-jewelry","8":"product_tag-conch","9":"product_tag-cristal","10":"product_tag-cz","11":"product_tag-ear","12":"product_tag-faux-rook","13":"product_tag-helix","14":"product_tag-labret","15":"product_tag-lip","16":"product_tag-medusa","17":"product_tag-oreja","18":"product_tag-perforacion","19":"product_tag-piercing","20":"product_tag-tragus","22":"first","23":"instock","24":"taxable","25":"shipping-taxable","26":"purchasable","27":"product-type-simple"},"acf":[],"gallery_images":[22173,27444,27443],"_links":{"self":[{"href":"https:\/\/tremunpiercing.com\/ro\/wp-json\/wp\/v2\/product\/22171","targetHints":{"allow":["GET"]}}],"collection":[{"href":"https:\/\/tremunpiercing.com\/ro\/wp-json\/wp\/v2\/product"}],"about":[{"href":"https:\/\/tremunpiercing.com\/ro\/wp-json\/wp\/v2\/types\/product"}],"replies":[{"embeddable":true,"href":"https:\/\/tremunpiercing.com\/ro\/wp-json\/wp\/v2\/comments?post=22171"}],"version-history":[{"count":1,"href":"https:\/\/tremunpiercing.com\/ro\/wp-json\/wp\/v2\/product\/22171\/revisions"}],"predecessor-version":[{"id":27445,"href":"https:\/\/tremunpiercing.com\/ro\/wp-json\/wp\/v2\/product\/22171\/revisions\/27445"}],"wp:featuredmedia":[{"embeddable":true,"href":"https:\/\/tremunpiercing.com\/ro\/wp-json\/wp\/v2\/media\/22172"}],"wp:attachment":[{"href":"https:\/\/tremunpiercing.com\/ro\/wp-json\/wp\/v2\/media?parent=22171"}],"wp:term":[{"taxonomy":"product_brand","embeddable":true,"href":"https:\/\/tremunpiercing.com\/ro\/wp-json\/wp\/v2\/product_brand?post=22171"},{"taxonomy":"product_cat","embeddable":true,"href":"https:\/\/tremunpiercing.com\/ro\/wp-json\/wp\/v2\/product_cat?post=22171"},{"taxonomy":"product_tag","embeddable":true,"href":"https:\/\/tremunpiercing.com\/ro\/wp-json\/wp\/v2\/product_tag?post=22171"}],"curies":[{"name":"wp","href":"https:\/\/api.w.org\/{rel}","templated":true}]}}