{"id":22175,"date":"2025-09-22T23:23:19","date_gmt":"2025-09-22T22:23:19","guid":{"rendered":"https:\/\/tremunpiercing.com\/?post_type=product&#038;p=22175"},"modified":"2026-04-20T16:10:05","modified_gmt":"2026-04-20T15:10:05","slug":"oval-cab-labradorite","status":"publish","type":"product","link":"https:\/\/tremunpiercing.com\/ro\/product\/oval-cab-labradorite\/","title":{"rendered":"Cabin\u0103 oval\u0103 - Labradorit"},"content":{"rendered":"<p>Labradoritul Oval Cab \u00eembin\u0103 frumuse\u021bea organic\u0103 cu o estetic\u0103 foarte bine lucrat\u0103. \u00cembr\u0103cat\u0103 cu o piatr\u0103 pre\u021bioas\u0103 natural\u0103 de cuar\u021b turmalat de 5,6 mm x 3,3 mm, aceast\u0103 pies\u0103 ofer\u0103 o profunzime uimitoare a culorii. \u00cen calitate de bijuterie cu filet intern 16G, fabricat\u0103 din titan F-136 de calitate pentru implanturi, aceast\u0103 bijuterie este sigur\u0103 \u0219i confortabil\u0103.<\/p>\n<p>Calitatea iridescent\u0103 a pietrei pre\u021bioase cu t\u0103ietur\u0103 oval\u0103 face ca aceasta s\u0103 fie o op\u021biune excelent\u0103 pentru piercingurile de tip conch, lob sau plate pentru cei care apreciaz\u0103 frumuse\u021bea organic\u0103. Cabina oval\u0103 este o op\u021biune excelent\u0103 pentru studiourile cu o colec\u021bie dedicat\u0103 de pietre pre\u021bioase. Este o oper\u0103 de art\u0103, dar este \u0219i func\u021bional\u0103. Baza din titan lustruit creeaz\u0103 str\u0103lucirea suprem\u0103, f\u0103c\u00e2nd din fiecare pies\u0103 o atingere final\u0103 excep\u021bional\u0103, unic\u0103.<\/p>","protected":false},"excerpt":{"rendered":"<ul>\n<li>Filetat intern<\/li>\n<li>Material: Titan de calitate pentru implant F-136<\/li>\n<li>Gauge: 16G<\/li>\n<li>Gem\u0103: Labradorit<\/li>\n<li>Dimensiunea pietrelor: 5.6mm x 3.3mm<\/li>\n<\/ul>","protected":false},"featured_media":22176,"comment_status":"closed","ping_status":"closed","template":"","meta":{"_acf_changed":false},"product_brand":[],"product_cat":[340,343],"product_tag":[187,179,180,188,209,189,210,211,212,190,183,184,207],"class_list":{"0":"post-22175","1":"product","2":"type-product","3":"status-publish","4":"has-post-thumbnail","6":"product_cat-titanium-jewelry","7":"product_cat-tops-titanium-jewelry","8":"product_tag-conch","9":"product_tag-cristal","10":"product_tag-cz","11":"product_tag-ear","12":"product_tag-faux-rook","13":"product_tag-helix","14":"product_tag-labret","15":"product_tag-lip","16":"product_tag-medusa","17":"product_tag-oreja","18":"product_tag-perforacion","19":"product_tag-piercing","20":"product_tag-tragus","22":"first","23":"instock","24":"taxable","25":"shipping-taxable","26":"purchasable","27":"product-type-simple"},"acf":[],"gallery_images":[22177,27440,27441],"_links":{"self":[{"href":"https:\/\/tremunpiercing.com\/ro\/wp-json\/wp\/v2\/product\/22175","targetHints":{"allow":["GET"]}}],"collection":[{"href":"https:\/\/tremunpiercing.com\/ro\/wp-json\/wp\/v2\/product"}],"about":[{"href":"https:\/\/tremunpiercing.com\/ro\/wp-json\/wp\/v2\/types\/product"}],"replies":[{"embeddable":true,"href":"https:\/\/tremunpiercing.com\/ro\/wp-json\/wp\/v2\/comments?post=22175"}],"version-history":[{"count":1,"href":"https:\/\/tremunpiercing.com\/ro\/wp-json\/wp\/v2\/product\/22175\/revisions"}],"predecessor-version":[{"id":27442,"href":"https:\/\/tremunpiercing.com\/ro\/wp-json\/wp\/v2\/product\/22175\/revisions\/27442"}],"wp:featuredmedia":[{"embeddable":true,"href":"https:\/\/tremunpiercing.com\/ro\/wp-json\/wp\/v2\/media\/22176"}],"wp:attachment":[{"href":"https:\/\/tremunpiercing.com\/ro\/wp-json\/wp\/v2\/media?parent=22175"}],"wp:term":[{"taxonomy":"product_brand","embeddable":true,"href":"https:\/\/tremunpiercing.com\/ro\/wp-json\/wp\/v2\/product_brand?post=22175"},{"taxonomy":"product_cat","embeddable":true,"href":"https:\/\/tremunpiercing.com\/ro\/wp-json\/wp\/v2\/product_cat?post=22175"},{"taxonomy":"product_tag","embeddable":true,"href":"https:\/\/tremunpiercing.com\/ro\/wp-json\/wp\/v2\/product_tag?post=22175"}],"curies":[{"name":"wp","href":"https:\/\/api.w.org\/{rel}","templated":true}]}}