{"id":22213,"date":"2025-09-23T20:06:39","date_gmt":"2025-09-23T19:06:39","guid":{"rendered":"https:\/\/tremunpiercing.com\/?post_type=product&#038;p=22213"},"modified":"2026-04-20T12:16:37","modified_gmt":"2026-04-20T11:16:37","slug":"carmen","status":"publish","type":"product","link":"https:\/\/tremunpiercing.com\/ro\/product\/carmen\/","title":{"rendered":"Carmen"},"content":{"rendered":"<p>Aceast\u0103 Carmen prezint\u0103 farmec radiant \u00eentr-un corp durabil din titan. Fabricat din titan de calitate pentru implant F-136, acesta ofer\u0103 biocompatibilitate \u0219i \u00ee\u0219i p\u0103streaz\u0103 str\u0103lucirea. Sistemul cu filet intern de 16G este u\u0219or de utilizat de c\u0103tre piercerii profesioni\u0219ti \u0219i pute\u021bi fi siguri c\u0103 se potrive\u0219te perfect. Piatra de zirconiu cubic str\u0103luce\u0219te cu o str\u0103lucire captivant\u0103.<\/p>\n<p>Carmen este ideal\u0103 pentru piercing-uri precum helix, tragus, nas sau lobi. Carmen poate fi purtat\u0103 \u00eentr-un studio de piercing profesionist sau \u00een piesa dvs. de bijuterii preferat\u0103 \u0219i cu siguran\u021b\u0103 va str\u0103luci prin frumuse\u021be \u0219i rezisten\u021b\u0103. Aceast\u0103 pies\u0103 este conceput\u0103 pentru \u00eencredere \u0219i precizie. Ofer\u0103 mixul perfect de mod\u0103 \u0219i func\u021bionalitate.<\/p>","protected":false},"excerpt":{"rendered":"<ul>\n<li>Filetat intern<\/li>\n<li>Material: Titan de calitate pentru implant F-136<\/li>\n<li>Gauge: 16G<\/li>\n<li>Pietre pre\u021bioase: Zirconiu cubic<\/li>\n<li>Dimensiune: 11,3 mm<\/li>\n<\/ul>","protected":false},"featured_media":22214,"comment_status":"closed","ping_status":"closed","template":"","meta":{"_acf_changed":false},"product_brand":[],"product_cat":[340,343],"product_tag":[187,179,180,188,209,189,210,211,212,190,183,184,207],"class_list":{"0":"post-22213","1":"product","2":"type-product","3":"status-publish","4":"has-post-thumbnail","6":"product_cat-titanium-jewelry","7":"product_cat-tops-titanium-jewelry","8":"product_tag-conch","9":"product_tag-cristal","10":"product_tag-cz","11":"product_tag-ear","12":"product_tag-faux-rook","13":"product_tag-helix","14":"product_tag-labret","15":"product_tag-lip","16":"product_tag-medusa","17":"product_tag-oreja","18":"product_tag-perforacion","19":"product_tag-piercing","20":"product_tag-tragus","22":"first","23":"instock","24":"taxable","25":"shipping-taxable","26":"purchasable","27":"product-type-simple"},"acf":[],"gallery_images":[27407,27408],"_links":{"self":[{"href":"https:\/\/tremunpiercing.com\/ro\/wp-json\/wp\/v2\/product\/22213","targetHints":{"allow":["GET"]}}],"collection":[{"href":"https:\/\/tremunpiercing.com\/ro\/wp-json\/wp\/v2\/product"}],"about":[{"href":"https:\/\/tremunpiercing.com\/ro\/wp-json\/wp\/v2\/types\/product"}],"replies":[{"embeddable":true,"href":"https:\/\/tremunpiercing.com\/ro\/wp-json\/wp\/v2\/comments?post=22213"}],"version-history":[{"count":1,"href":"https:\/\/tremunpiercing.com\/ro\/wp-json\/wp\/v2\/product\/22213\/revisions"}],"predecessor-version":[{"id":27409,"href":"https:\/\/tremunpiercing.com\/ro\/wp-json\/wp\/v2\/product\/22213\/revisions\/27409"}],"wp:featuredmedia":[{"embeddable":true,"href":"https:\/\/tremunpiercing.com\/ro\/wp-json\/wp\/v2\/media\/22214"}],"wp:attachment":[{"href":"https:\/\/tremunpiercing.com\/ro\/wp-json\/wp\/v2\/media?parent=22213"}],"wp:term":[{"taxonomy":"product_brand","embeddable":true,"href":"https:\/\/tremunpiercing.com\/ro\/wp-json\/wp\/v2\/product_brand?post=22213"},{"taxonomy":"product_cat","embeddable":true,"href":"https:\/\/tremunpiercing.com\/ro\/wp-json\/wp\/v2\/product_cat?post=22213"},{"taxonomy":"product_tag","embeddable":true,"href":"https:\/\/tremunpiercing.com\/ro\/wp-json\/wp\/v2\/product_tag?post=22213"}],"curies":[{"name":"wp","href":"https:\/\/api.w.org\/{rel}","templated":true}]}}