{"id":22232,"date":"2025-09-23T20:25:52","date_gmt":"2025-09-23T19:25:52","guid":{"rendered":"https:\/\/tremunpiercing.com\/?post_type=product&#038;p=22232"},"modified":"2026-03-28T22:02:23","modified_gmt":"2026-03-28T21:02:23","slug":"cecilia-topaz-blue-cz","status":"publish","type":"product","link":"https:\/\/tremunpiercing.com\/ro\/product\/cecilia-topaz-blue-cz\/","title":{"rendered":"Cecilia - Topaz albastru CZ"},"content":{"rendered":"<h2>Cecilia Topaz Blue CZ labret<\/h2>\n<p>Labirintul Cecilia Topaz Blue CZ ofer\u0103 un aspect cool, sofisticat. Designul prezint\u0103 un zirconiu cubic frumos, albastru ca ghea\u021ba, care capteaz\u0103 toat\u0103 frumuse\u021bea topazului str\u0103lucitor \u00eentr-o singur\u0103 piatr\u0103 superb\u0103, prins\u0103 \u00een stil Cecilia, pentru un aspect curat \u0219i modern, care accentueaz\u0103 culoarea uimitoare a pietrei albastre.<\/p>\n<p>Fabricat din titan de calitate pentru implanturi (F-136) cu o tij\u0103 cu filet intern de 16G, clien\u021bii dvs. pot conta pe o potrivire confortabil\u0103 \u0219i sigur\u0103. Culoarea albastr\u0103 senin\u0103 este versatil\u0103, \u00een special pentru cei care doresc o culoare curat\u0103 \u0219i proasp\u0103t\u0103 \u00een piercingul lor conch, helix sau nar\u0103. Ve\u021bi putea \u00eembun\u0103t\u0103\u021bi op\u021biunile de culoare ale studioului dvs. \u0219i le ve\u021bi prezenta tuturor clien\u021bilor dvs. aceast\u0103 culoare albastr\u0103 superb\u0103 \u0219i popular\u0103 \u00een mod constant.<\/p>","protected":false},"excerpt":{"rendered":"<ul>\n<li>Filetat intern<\/li>\n<li>Material: Titan de calitate pentru implant F-136<\/li>\n<li>Gauge: 16G<\/li>\n<li>Pietre pre\u021bioase: Zirconiu cubic<\/li>\n<li>Dimensiuni: 4 mm x 6,7 mm<\/li>\n<\/ul>","protected":false},"featured_media":22233,"comment_status":"closed","ping_status":"closed","template":"","meta":{"_acf_changed":false},"product_brand":[],"product_cat":[340,343],"product_tag":[187,179,180,188,209,189,210,211,212,190,183,184,207],"class_list":{"0":"post-22232","1":"product","2":"type-product","3":"status-publish","4":"has-post-thumbnail","6":"product_cat-titanium-jewelry","7":"product_cat-tops-titanium-jewelry","8":"product_tag-conch","9":"product_tag-cristal","10":"product_tag-cz","11":"product_tag-ear","12":"product_tag-faux-rook","13":"product_tag-helix","14":"product_tag-labret","15":"product_tag-lip","16":"product_tag-medusa","17":"product_tag-oreja","18":"product_tag-perforacion","19":"product_tag-piercing","20":"product_tag-tragus","22":"first","23":"instock","24":"taxable","25":"shipping-taxable","26":"purchasable","27":"product-type-simple"},"acf":[],"gallery_images":[27366,27367],"_links":{"self":[{"href":"https:\/\/tremunpiercing.com\/ro\/wp-json\/wp\/v2\/product\/22232","targetHints":{"allow":["GET"]}}],"collection":[{"href":"https:\/\/tremunpiercing.com\/ro\/wp-json\/wp\/v2\/product"}],"about":[{"href":"https:\/\/tremunpiercing.com\/ro\/wp-json\/wp\/v2\/types\/product"}],"replies":[{"embeddable":true,"href":"https:\/\/tremunpiercing.com\/ro\/wp-json\/wp\/v2\/comments?post=22232"}],"version-history":[{"count":1,"href":"https:\/\/tremunpiercing.com\/ro\/wp-json\/wp\/v2\/product\/22232\/revisions"}],"predecessor-version":[{"id":27368,"href":"https:\/\/tremunpiercing.com\/ro\/wp-json\/wp\/v2\/product\/22232\/revisions\/27368"}],"wp:featuredmedia":[{"embeddable":true,"href":"https:\/\/tremunpiercing.com\/ro\/wp-json\/wp\/v2\/media\/22233"}],"wp:attachment":[{"href":"https:\/\/tremunpiercing.com\/ro\/wp-json\/wp\/v2\/media?parent=22232"}],"wp:term":[{"taxonomy":"product_brand","embeddable":true,"href":"https:\/\/tremunpiercing.com\/ro\/wp-json\/wp\/v2\/product_brand?post=22232"},{"taxonomy":"product_cat","embeddable":true,"href":"https:\/\/tremunpiercing.com\/ro\/wp-json\/wp\/v2\/product_cat?post=22232"},{"taxonomy":"product_tag","embeddable":true,"href":"https:\/\/tremunpiercing.com\/ro\/wp-json\/wp\/v2\/product_tag?post=22232"}],"curies":[{"name":"wp","href":"https:\/\/api.w.org\/{rel}","templated":true}]}}