{"id":22241,"date":"2025-09-23T20:38:48","date_gmt":"2025-09-23T19:38:48","guid":{"rendered":"https:\/\/tremunpiercing.com\/?post_type=product&#038;p=22241"},"modified":"2026-04-20T16:10:04","modified_gmt":"2026-04-20T15:10:04","slug":"cecilia-strawberry-quartz","status":"publish","type":"product","link":"https:\/\/tremunpiercing.com\/ro\/product\/cecilia-strawberry-quartz\/","title":{"rendered":"Cecilia - cuar\u021b de c\u0103p\u0219uni"},"content":{"rendered":"<p>Ad\u0103uga\u021bi un pic de fler moale \u0219i roz colec\u021biei dvs. de bijuterii cu un labret Cecilia Strawberry Quartz. Acest labret prezint\u0103 un cabo\u0219on frumos \u0219lefuit de cuar\u021b c\u0103p\u0219un\u0103, cunoscut pentru culoarea sa roz bl\u00e2nd \u0219i incluziunile mici, naturale. Semn\u0103tura Cecilia, cu prinderile sale minimaliste \u00een form\u0103 de ghear\u0103, fixeaz\u0103 piatra, dar las\u0103 s\u0103 treac\u0103 c\u00e2t mai mult\u0103 lumin\u0103 pentru a pune \u00een valoare culoarea delicat\u0103.<\/p>\n<p>Fabricat din titan de calitate pentru implanturi (F-136) cu un pivot de 16G filetat intern, acest labret este garantat hipoalergenic \u0219i sigur. Acest labret este o op\u021biune excelent\u0103 pentru clientele dvs. care doresc s\u0103 adauge o not\u0103 de culoare feminin\u0103. Dulce \u0219i sofisticat, acest model este o modalitate excelent\u0103 de a introduce pietre pre\u021bioase colorate \u00een atelierul dumneavoastr\u0103.<\/p>","protected":false},"excerpt":{"rendered":"<ul>\n<li>Filetat intern<\/li>\n<li>Material: Titan de calitate pentru implant F-136<\/li>\n<li>Gauge: 16G<\/li>\n<li>Gem\u0103: Strawberry Quartz<\/li>\n<li>Dimensiuni: 4 mm x 6,7 mm<\/li>\n<\/ul>","protected":false},"featured_media":22242,"comment_status":"closed","ping_status":"closed","template":"","meta":{"_acf_changed":false},"product_brand":[],"product_cat":[340,343],"product_tag":[187,179,180,188,209,189,210,211,212,190,183,184,207],"class_list":{"0":"post-22241","1":"product","2":"type-product","3":"status-publish","4":"has-post-thumbnail","6":"product_cat-titanium-jewelry","7":"product_cat-tops-titanium-jewelry","8":"product_tag-conch","9":"product_tag-cristal","10":"product_tag-cz","11":"product_tag-ear","12":"product_tag-faux-rook","13":"product_tag-helix","14":"product_tag-labret","15":"product_tag-lip","16":"product_tag-medusa","17":"product_tag-oreja","18":"product_tag-perforacion","19":"product_tag-piercing","20":"product_tag-tragus","22":"first","23":"instock","24":"taxable","25":"shipping-taxable","26":"purchasable","27":"product-type-simple"},"acf":[],"gallery_images":[27353,27354],"_links":{"self":[{"href":"https:\/\/tremunpiercing.com\/ro\/wp-json\/wp\/v2\/product\/22241","targetHints":{"allow":["GET"]}}],"collection":[{"href":"https:\/\/tremunpiercing.com\/ro\/wp-json\/wp\/v2\/product"}],"about":[{"href":"https:\/\/tremunpiercing.com\/ro\/wp-json\/wp\/v2\/types\/product"}],"replies":[{"embeddable":true,"href":"https:\/\/tremunpiercing.com\/ro\/wp-json\/wp\/v2\/comments?post=22241"}],"version-history":[{"count":1,"href":"https:\/\/tremunpiercing.com\/ro\/wp-json\/wp\/v2\/product\/22241\/revisions"}],"predecessor-version":[{"id":27356,"href":"https:\/\/tremunpiercing.com\/ro\/wp-json\/wp\/v2\/product\/22241\/revisions\/27356"}],"wp:featuredmedia":[{"embeddable":true,"href":"https:\/\/tremunpiercing.com\/ro\/wp-json\/wp\/v2\/media\/22242"}],"wp:attachment":[{"href":"https:\/\/tremunpiercing.com\/ro\/wp-json\/wp\/v2\/media?parent=22241"}],"wp:term":[{"taxonomy":"product_brand","embeddable":true,"href":"https:\/\/tremunpiercing.com\/ro\/wp-json\/wp\/v2\/product_brand?post=22241"},{"taxonomy":"product_cat","embeddable":true,"href":"https:\/\/tremunpiercing.com\/ro\/wp-json\/wp\/v2\/product_cat?post=22241"},{"taxonomy":"product_tag","embeddable":true,"href":"https:\/\/tremunpiercing.com\/ro\/wp-json\/wp\/v2\/product_tag?post=22241"}],"curies":[{"name":"wp","href":"https:\/\/api.w.org\/{rel}","templated":true}]}}