{"id":22255,"date":"2025-09-23T21:00:52","date_gmt":"2025-09-23T20:00:52","guid":{"rendered":"https:\/\/tremunpiercing.com\/?post_type=product&#038;p=22255"},"modified":"2026-04-15T15:30:56","modified_gmt":"2026-04-15T14:30:56","slug":"prong-sw-ab","status":"publish","type":"product","link":"https:\/\/tremunpiercing.com\/ro\/product\/prong-sw-ab\/","title":{"rendered":"Prong SW - AB"},"content":{"rendered":"<p>Prinde\u021bi lumina \u0219i aten\u021bia clien\u021bilor dvs. cu labretul nostru Prong SW AB. Fabricat din titan de calitate pentru implanturi (F-136), acesta este un must-have pentru studio. Montura cu patru v\u00e2rfuri \u021bine \u00een siguran\u021b\u0103 uimitorul zirconiu cubic Aurora Borealis, care capteaz\u0103 lumina pentru a produce un foc curcubeu irizat la mi\u0219care. Filetarea intern\u0103 permite o potrivire neted\u0103, f\u0103r\u0103 irita\u021bii, pentru piercingurile care se vindec\u0103 activ sau pentru a fi purtate pe cele vindecate.<\/p>\n<p>Disponibil de la 3 mm la 6 mm dimensiune fa\u021b\u0103 \u0219i un post 16G. O pies\u0103 de conversa\u021bie perfect\u0103 pentru n\u0103ri, buze \u0219i multe altele, stoca\u021bi aceast\u0103 bijuterie cea mai bine v\u00e2ndut\u0103 \u0219i atr\u0103g\u0103toare din punct de vedere vizual, astfel \u00eenc\u00e2t clien\u021bii dvs. s\u0103 se poat\u0103 bucura de o op\u021biune cu adev\u0103rat uimitoare, care este sigur\u0103, hipoalergenic\u0103 \u0219i se \u00eencadreaz\u0103 \u00een viabilitatea competitiv\u0103 a studioului dvs.<\/p>","protected":false},"excerpt":{"rendered":"<ul>\n<li>Filetat intern<\/li>\n<li>Material: Titan de calitate pentru implant F-136<\/li>\n<li>Gauge: 16G<\/li>\n<li>Dimensiuni: 3mm - 4mm - 5mm - 6mm<\/li>\n<li>Gem\u0103: Zirconiu cubic Aurora Borealis<\/li>\n<\/ul>","protected":false},"featured_media":22257,"comment_status":"closed","ping_status":"closed","template":"","meta":{"_acf_changed":false},"product_brand":[],"product_cat":[442,340,343],"product_tag":[187,179,180,188,209,189,210,211,212,190,183,184,207],"class_list":{"0":"post-22255","1":"product","2":"type-product","3":"status-publish","4":"has-post-thumbnail","6":"product_cat-sw","7":"product_cat-titanium-jewelry","8":"product_cat-tops-titanium-jewelry","9":"product_tag-conch","10":"product_tag-cristal","11":"product_tag-cz","12":"product_tag-ear","13":"product_tag-faux-rook","14":"product_tag-helix","15":"product_tag-labret","16":"product_tag-lip","17":"product_tag-medusa","18":"product_tag-oreja","19":"product_tag-perforacion","20":"product_tag-piercing","21":"product_tag-tragus","23":"first","24":"instock","25":"taxable","26":"shipping-taxable","27":"purchasable","28":"product-type-variable"},"acf":[],"gallery_images":[27402,27401],"_links":{"self":[{"href":"https:\/\/tremunpiercing.com\/ro\/wp-json\/wp\/v2\/product\/22255","targetHints":{"allow":["GET"]}}],"collection":[{"href":"https:\/\/tremunpiercing.com\/ro\/wp-json\/wp\/v2\/product"}],"about":[{"href":"https:\/\/tremunpiercing.com\/ro\/wp-json\/wp\/v2\/types\/product"}],"replies":[{"embeddable":true,"href":"https:\/\/tremunpiercing.com\/ro\/wp-json\/wp\/v2\/comments?post=22255"}],"version-history":[{"count":1,"href":"https:\/\/tremunpiercing.com\/ro\/wp-json\/wp\/v2\/product\/22255\/revisions"}],"predecessor-version":[{"id":27405,"href":"https:\/\/tremunpiercing.com\/ro\/wp-json\/wp\/v2\/product\/22255\/revisions\/27405"}],"wp:featuredmedia":[{"embeddable":true,"href":"https:\/\/tremunpiercing.com\/ro\/wp-json\/wp\/v2\/media\/22257"}],"wp:attachment":[{"href":"https:\/\/tremunpiercing.com\/ro\/wp-json\/wp\/v2\/media?parent=22255"}],"wp:term":[{"taxonomy":"product_brand","embeddable":true,"href":"https:\/\/tremunpiercing.com\/ro\/wp-json\/wp\/v2\/product_brand?post=22255"},{"taxonomy":"product_cat","embeddable":true,"href":"https:\/\/tremunpiercing.com\/ro\/wp-json\/wp\/v2\/product_cat?post=22255"},{"taxonomy":"product_tag","embeddable":true,"href":"https:\/\/tremunpiercing.com\/ro\/wp-json\/wp\/v2\/product_tag?post=22255"}],"curies":[{"name":"wp","href":"https:\/\/api.w.org\/{rel}","templated":true}]}}