{"id":22548,"date":"2025-10-03T21:27:01","date_gmt":"2025-10-03T20:27:01","guid":{"rendered":"https:\/\/tremunpiercing.com\/?post_type=product&#038;p=22548"},"modified":"2026-04-10T22:54:06","modified_gmt":"2026-04-10T21:54:06","slug":"crimson-heart","status":"publish","type":"product","link":"https:\/\/tremunpiercing.com\/ro\/product\/crimson-heart\/","title":{"rendered":"Inim\u0103 purpurie"},"content":{"rendered":"<p>Inima Crimson este un top din titan romantic \u0219i \u00een acela\u0219i timp \u00eendr\u0103zne\u021b, care exprim\u0103 individualitatea. Fabricat din titan pentru implanturi (F-136), inima are filet intern 16G, care adaug\u0103 confort \u0219i siguran\u021b\u0103 atunci c\u00e2nd este purtat zilnic. Designul inimii este o podoab\u0103 \u00eendr\u0103znea\u021b\u0103 \u0219i pasional\u0103 pentru piercingul dvs. de ureche sau plat, care \u0219tim c\u0103 va fi favorita clien\u021bilor dvs. care iubesc bijuteriile statement. Acest articol este excelent pentru studiourile de piercing \u0219i \/ sau furnizorii care doresc mod\u0103 cu frumuse\u021be de lung\u0103 durat\u0103.<\/p>","protected":false},"excerpt":{"rendered":"<ul>\n<li>Filetat intern<\/li>\n<li>Material: Titan de calitate pentru implant F-136<\/li>\n<li>Gauge: 16G<\/li>\n<li>Dimensiune: 6mm x 7mm<\/li>\n<\/ul>","protected":false},"featured_media":22584,"comment_status":"closed","ping_status":"closed","template":"","meta":{"_acf_changed":false},"product_brand":[],"product_cat":[340,343],"product_tag":[187,188,209,189,205,206,190,183,184,207],"class_list":{"0":"post-22548","1":"product","2":"type-product","3":"status-publish","4":"has-post-thumbnail","6":"product_cat-titanium-jewelry","7":"product_cat-tops-titanium-jewelry","8":"product_tag-conch","9":"product_tag-ear","10":"product_tag-faux-rook","11":"product_tag-helix","12":"product_tag-lobe","13":"product_tag-lobulo","14":"product_tag-oreja","15":"product_tag-perforacion","16":"product_tag-piercing","17":"product_tag-tragus","19":"first","20":"instock","21":"taxable","22":"shipping-taxable","23":"purchasable","24":"product-type-simple"},"acf":[],"gallery_images":[27325,27324],"_links":{"self":[{"href":"https:\/\/tremunpiercing.com\/ro\/wp-json\/wp\/v2\/product\/22548","targetHints":{"allow":["GET"]}}],"collection":[{"href":"https:\/\/tremunpiercing.com\/ro\/wp-json\/wp\/v2\/product"}],"about":[{"href":"https:\/\/tremunpiercing.com\/ro\/wp-json\/wp\/v2\/types\/product"}],"replies":[{"embeddable":true,"href":"https:\/\/tremunpiercing.com\/ro\/wp-json\/wp\/v2\/comments?post=22548"}],"version-history":[{"count":1,"href":"https:\/\/tremunpiercing.com\/ro\/wp-json\/wp\/v2\/product\/22548\/revisions"}],"predecessor-version":[{"id":27326,"href":"https:\/\/tremunpiercing.com\/ro\/wp-json\/wp\/v2\/product\/22548\/revisions\/27326"}],"wp:featuredmedia":[{"embeddable":true,"href":"https:\/\/tremunpiercing.com\/ro\/wp-json\/wp\/v2\/media\/22584"}],"wp:attachment":[{"href":"https:\/\/tremunpiercing.com\/ro\/wp-json\/wp\/v2\/media?parent=22548"}],"wp:term":[{"taxonomy":"product_brand","embeddable":true,"href":"https:\/\/tremunpiercing.com\/ro\/wp-json\/wp\/v2\/product_brand?post=22548"},{"taxonomy":"product_cat","embeddable":true,"href":"https:\/\/tremunpiercing.com\/ro\/wp-json\/wp\/v2\/product_cat?post=22548"},{"taxonomy":"product_tag","embeddable":true,"href":"https:\/\/tremunpiercing.com\/ro\/wp-json\/wp\/v2\/product_tag?post=22548"}],"curies":[{"name":"wp","href":"https:\/\/api.w.org\/{rel}","templated":true}]}}