{"id":22564,"date":"2025-10-03T21:59:08","date_gmt":"2025-10-03T20:59:08","guid":{"rendered":"https:\/\/tremunpiercing.com\/?post_type=product&#038;p=22564"},"modified":"2026-04-15T15:30:31","modified_gmt":"2026-04-15T14:30:31","slug":"shadow-web","status":"publish","type":"product","link":"https:\/\/tremunpiercing.com\/ro\/product\/shadow-web\/","title":{"rendered":"Umbra Web"},"content":{"rendered":"<p>Shadow Web este un articol rafinat pentru to\u021bi pasiona\u021bii de gotic cu o not\u0103 modern\u0103! Fabricat din titan F-136 pentru implanturi, acest top de 16G cu filet intern ofer\u0103 un design complicat de p\u00e2nz\u0103 de p\u0103ianjen cu un centru str\u0103lucitor din zirconiu cubic. Confortul \u0219i durabilitatea sunt asigurate de materialul foarte u\u0219or care \u00ee\u0219i va men\u021bine str\u0103lucirea prin uzura zilnic\u0103 pentru orice piercing de cartilaj, conch sau helix. Acest articol este perfect pentru artistul sau magazinul de piercing profesionist care dore\u0219te s\u0103 ofere o pies\u0103 premium pentru inventarul s\u0103u de bijuterii. Shadow Web este acel echilibru \u00eenc\u00e2nt\u0103tor de mister \u0219i rafinament.<\/p>","protected":false},"excerpt":{"rendered":"<ul>\n<li>Filetat intern<\/li>\n<li>Material: Titan de calitate pentru implant F-136<\/li>\n<li>Gauge: 16G<\/li>\n<li>Gem\u0103: Zirconiu cubic<\/li>\n<li>Dimensiune: 8,5 mm<\/li>\n<\/ul>","protected":false},"featured_media":22620,"comment_status":"closed","ping_status":"closed","template":"","meta":{"_acf_changed":false},"product_brand":[],"product_cat":[340,343],"product_tag":[187,188,209,189,205,206,190,183,184,207],"class_list":{"0":"post-22564","1":"product","2":"type-product","3":"status-publish","4":"has-post-thumbnail","6":"product_cat-titanium-jewelry","7":"product_cat-tops-titanium-jewelry","8":"product_tag-conch","9":"product_tag-ear","10":"product_tag-faux-rook","11":"product_tag-helix","12":"product_tag-lobe","13":"product_tag-lobulo","14":"product_tag-oreja","15":"product_tag-perforacion","16":"product_tag-piercing","17":"product_tag-tragus","19":"first","20":"instock","21":"taxable","22":"shipping-taxable","23":"purchasable","24":"product-type-simple"},"acf":[],"gallery_images":[27296,27297],"_links":{"self":[{"href":"https:\/\/tremunpiercing.com\/ro\/wp-json\/wp\/v2\/product\/22564","targetHints":{"allow":["GET"]}}],"collection":[{"href":"https:\/\/tremunpiercing.com\/ro\/wp-json\/wp\/v2\/product"}],"about":[{"href":"https:\/\/tremunpiercing.com\/ro\/wp-json\/wp\/v2\/types\/product"}],"replies":[{"embeddable":true,"href":"https:\/\/tremunpiercing.com\/ro\/wp-json\/wp\/v2\/comments?post=22564"}],"version-history":[{"count":2,"href":"https:\/\/tremunpiercing.com\/ro\/wp-json\/wp\/v2\/product\/22564\/revisions"}],"predecessor-version":[{"id":27300,"href":"https:\/\/tremunpiercing.com\/ro\/wp-json\/wp\/v2\/product\/22564\/revisions\/27300"}],"wp:featuredmedia":[{"embeddable":true,"href":"https:\/\/tremunpiercing.com\/ro\/wp-json\/wp\/v2\/media\/22620"}],"wp:attachment":[{"href":"https:\/\/tremunpiercing.com\/ro\/wp-json\/wp\/v2\/media?parent=22564"}],"wp:term":[{"taxonomy":"product_brand","embeddable":true,"href":"https:\/\/tremunpiercing.com\/ro\/wp-json\/wp\/v2\/product_brand?post=22564"},{"taxonomy":"product_cat","embeddable":true,"href":"https:\/\/tremunpiercing.com\/ro\/wp-json\/wp\/v2\/product_cat?post=22564"},{"taxonomy":"product_tag","embeddable":true,"href":"https:\/\/tremunpiercing.com\/ro\/wp-json\/wp\/v2\/product_tag?post=22564"}],"curies":[{"name":"wp","href":"https:\/\/api.w.org\/{rel}","templated":true}]}}