{"id":22575,"date":"2025-10-03T22:12:59","date_gmt":"2025-10-03T21:12:59","guid":{"rendered":"https:\/\/tremunpiercing.com\/?post_type=product&#038;p=22575"},"modified":"2026-04-18T13:47:31","modified_gmt":"2026-04-18T12:47:31","slug":"coffin-black-onyx","status":"publish","type":"product","link":"https:\/\/tremunpiercing.com\/ro\/product\/coffin-black-onyx\/","title":{"rendered":"Sicriu - Black Onyx"},"content":{"rendered":"<p>Coffin Black Onyx prezint\u0103 un corp elegant din titan care ofer\u0103 o estetic\u0103 frumoas\u0103, \u00eentunecat\u0103 \u0219i elegant\u0103. Fabricat\u0103 din titan F-136 de calitate pentru implanturi, aceast\u0103 bijuterie cu filet intern are o piatr\u0103 de onix negru de 3 mm x 6 mm t\u0103iat\u0103 \u00een form\u0103 de co\u0219ciug. Acest articol este ideal pentru un piercing de ureche, buz\u0103 sau cartilaj \u0219i este foarte subtil, dar izbitor pentru a ob\u021bine o estetic\u0103 gotic\u0103 elegant\u0103.<\/p>\n<p>Marginile sale netede \u0219i firul pentru securitate fac din aceast\u0103 pies\u0103 un articol perfect pentru studioul profesional, cu suficient\u0103 rezisten\u021b\u0103 \u0219i siguran\u021b\u0103 pentru a fi purtat confortabil. Acest articol este un element important pentru clien\u021bii care caut\u0103 un ton \u00eenchis minimalist de purtat, cu un finisaj luxos.<\/p>","protected":false},"excerpt":{"rendered":"<ul>\n<li>Filetat intern<\/li>\n<li>Material: Titan de calitate pentru implant F-136<\/li>\n<li>Gauge: 16G<\/li>\n<li>Gem\u0103: Onyx negru<\/li>\n<li>Dimensiune: 3mm x 6mm<\/li>\n<\/ul>","protected":false},"featured_media":22590,"comment_status":"closed","ping_status":"closed","template":"","meta":{"_acf_changed":false},"product_brand":[],"product_cat":[340,343],"product_tag":[187,179,180,188,209,189,210,211,212,190,183,184,207],"class_list":{"0":"post-22575","1":"product","2":"type-product","3":"status-publish","4":"has-post-thumbnail","6":"product_cat-titanium-jewelry","7":"product_cat-tops-titanium-jewelry","8":"product_tag-conch","9":"product_tag-cristal","10":"product_tag-cz","11":"product_tag-ear","12":"product_tag-faux-rook","13":"product_tag-helix","14":"product_tag-labret","15":"product_tag-lip","16":"product_tag-medusa","17":"product_tag-oreja","18":"product_tag-perforacion","19":"product_tag-piercing","20":"product_tag-tragus","22":"first","23":"instock","24":"taxable","25":"shipping-taxable","26":"purchasable","27":"product-type-simple"},"acf":[],"gallery_images":[27311,27312],"_links":{"self":[{"href":"https:\/\/tremunpiercing.com\/ro\/wp-json\/wp\/v2\/product\/22575","targetHints":{"allow":["GET"]}}],"collection":[{"href":"https:\/\/tremunpiercing.com\/ro\/wp-json\/wp\/v2\/product"}],"about":[{"href":"https:\/\/tremunpiercing.com\/ro\/wp-json\/wp\/v2\/types\/product"}],"replies":[{"embeddable":true,"href":"https:\/\/tremunpiercing.com\/ro\/wp-json\/wp\/v2\/comments?post=22575"}],"version-history":[{"count":1,"href":"https:\/\/tremunpiercing.com\/ro\/wp-json\/wp\/v2\/product\/22575\/revisions"}],"predecessor-version":[{"id":27313,"href":"https:\/\/tremunpiercing.com\/ro\/wp-json\/wp\/v2\/product\/22575\/revisions\/27313"}],"wp:featuredmedia":[{"embeddable":true,"href":"https:\/\/tremunpiercing.com\/ro\/wp-json\/wp\/v2\/media\/22590"}],"wp:attachment":[{"href":"https:\/\/tremunpiercing.com\/ro\/wp-json\/wp\/v2\/media?parent=22575"}],"wp:term":[{"taxonomy":"product_brand","embeddable":true,"href":"https:\/\/tremunpiercing.com\/ro\/wp-json\/wp\/v2\/product_brand?post=22575"},{"taxonomy":"product_cat","embeddable":true,"href":"https:\/\/tremunpiercing.com\/ro\/wp-json\/wp\/v2\/product_cat?post=22575"},{"taxonomy":"product_tag","embeddable":true,"href":"https:\/\/tremunpiercing.com\/ro\/wp-json\/wp\/v2\/product_tag?post=22575"}],"curies":[{"name":"wp","href":"https:\/\/api.w.org\/{rel}","templated":true}]}}