{"id":22684,"date":"2025-10-06T21:12:49","date_gmt":"2025-10-06T20:12:49","guid":{"rendered":"https:\/\/tremunpiercing.com\/?post_type=product&#038;p=22684"},"modified":"2026-03-17T12:46:07","modified_gmt":"2026-03-17T11:46:07","slug":"kitty-aqua-cz","status":"publish","type":"product","link":"https:\/\/tremunpiercing.com\/ro\/product\/kitty-aqua-cz\/","title":{"rendered":"Pisicu\u021b\u0103 - Aqua CZ"},"content":{"rendered":"<p>Kitty Aqua CZ ofer\u0103 o str\u0103lucire r\u0103coritoare, inspirat\u0103 de ocean. Fabricat din titan de calitate pentru implant F-136, este filetat intern pentru a asigura o instalare u\u0219oar\u0103 \u0219i confort pe tot parcursul zilei. Piatra de zirconiu cubic aqua str\u0103luce\u0219te cu tonuri reci \u0219i capteaz\u0103 frumos lumina, ceea ce o face un design perfect pentru piercingurile de urechi, n\u0103ri \u0219i cartilaje.<\/p>\n<p>Baza de titan biocompatibil\u0103 asigur\u0103 c\u0103 piesa va fi sigur\u0103 \u0219i va rezista \u00een timp, chiar \u0219i pentru clien\u021bii dvs. mai sensibili. Aceast\u0103 pies\u0103 este perfect\u0103 pentru studioul dvs. \u0219i pentru piesa profesional\u0103 a clien\u021bilor dvs. \u0219i este o pies\u0103 excelent\u0103 pentru a ad\u0103uga la orice colec\u021bie de bijuterii \u0219i poate ridica un design simplu de bijuterii cu designul s\u0103u curat \u0219i culoarea vibrant\u0103 str\u0103lucitoare.<\/p>","protected":false},"excerpt":{"rendered":"<ul>\n<li>Filetat intern<\/li>\n<li>Material: Titan de calitate pentru implant F-136<\/li>\n<li>Gauge: 16G<\/li>\n<li>Gem\u0103: Zirconiu cubic<\/li>\n<li>Dimensiune: 3,3mm x 5,7mm<\/li>\n<\/ul>","protected":false},"featured_media":23014,"comment_status":"closed","ping_status":"closed","template":"","meta":{"_acf_changed":false},"product_brand":[],"product_cat":[340,343],"product_tag":[187,179,180,188,209,189,210,211,212,199,190,183,213,184,214,185,207],"class_list":{"0":"post-22684","1":"product","2":"type-product","3":"status-publish","4":"has-post-thumbnail","6":"product_cat-titanium-jewelry","7":"product_cat-tops-titanium-jewelry","8":"product_tag-conch","9":"product_tag-cristal","10":"product_tag-cz","11":"product_tag-ear","12":"product_tag-faux-rook","13":"product_tag-helix","14":"product_tag-labret","15":"product_tag-lip","16":"product_tag-medusa","17":"product_tag-nostril","18":"product_tag-oreja","19":"product_tag-perforacion","20":"product_tag-philtrum","21":"product_tag-piercing","22":"product_tag-rook","23":"product_tag-shiny","24":"product_tag-tragus","26":"first","27":"instock","28":"taxable","29":"shipping-taxable","30":"purchasable","31":"product-type-simple"},"acf":[],"gallery_images":[27267,27266],"_links":{"self":[{"href":"https:\/\/tremunpiercing.com\/ro\/wp-json\/wp\/v2\/product\/22684","targetHints":{"allow":["GET"]}}],"collection":[{"href":"https:\/\/tremunpiercing.com\/ro\/wp-json\/wp\/v2\/product"}],"about":[{"href":"https:\/\/tremunpiercing.com\/ro\/wp-json\/wp\/v2\/types\/product"}],"replies":[{"embeddable":true,"href":"https:\/\/tremunpiercing.com\/ro\/wp-json\/wp\/v2\/comments?post=22684"}],"version-history":[{"count":1,"href":"https:\/\/tremunpiercing.com\/ro\/wp-json\/wp\/v2\/product\/22684\/revisions"}],"predecessor-version":[{"id":27268,"href":"https:\/\/tremunpiercing.com\/ro\/wp-json\/wp\/v2\/product\/22684\/revisions\/27268"}],"wp:featuredmedia":[{"embeddable":true,"href":"https:\/\/tremunpiercing.com\/ro\/wp-json\/wp\/v2\/media\/23014"}],"wp:attachment":[{"href":"https:\/\/tremunpiercing.com\/ro\/wp-json\/wp\/v2\/media?parent=22684"}],"wp:term":[{"taxonomy":"product_brand","embeddable":true,"href":"https:\/\/tremunpiercing.com\/ro\/wp-json\/wp\/v2\/product_brand?post=22684"},{"taxonomy":"product_cat","embeddable":true,"href":"https:\/\/tremunpiercing.com\/ro\/wp-json\/wp\/v2\/product_cat?post=22684"},{"taxonomy":"product_tag","embeddable":true,"href":"https:\/\/tremunpiercing.com\/ro\/wp-json\/wp\/v2\/product_tag?post=22684"}],"curies":[{"name":"wp","href":"https:\/\/api.w.org\/{rel}","templated":true}]}}