{"id":22693,"date":"2025-10-06T21:16:28","date_gmt":"2025-10-06T20:16:28","guid":{"rendered":"https:\/\/tremunpiercing.com\/?post_type=product&#038;p=22693"},"modified":"2026-03-17T14:10:10","modified_gmt":"2026-03-17T13:10:10","slug":"kitty-vitrial-cz","status":"publish","type":"product","link":"https:\/\/tremunpiercing.com\/ro\/product\/kitty-vitrial-cz\/","title":{"rendered":"Pisicu\u021b\u0103 - Vitrial CZ"},"content":{"rendered":"<p>Kitty Vitrial CZ este distractiv \u0219i sofisticat pentru a \u00eenso\u021bi colec\u021bia de bijuterii profesionale. Fabricat din titan F-136 de calitate pentru implanturi, stilul cu filet intern ofer\u0103 confort superior \u0219i o fixare sigur\u0103. Piatra pre\u021bioas\u0103 Vitrial Cubic Zirconia capteaz\u0103 \u0219i emite o multitudine de culori care variaz\u0103 cu fiecare raz\u0103 de lumin\u0103, ceea ce, \u00een sine, confer\u0103 piesei acel factor de uimire final.<\/p>\n<p>Kitty este potrivit pentru piercinguri de urechi, cartilaje sau buze \u0219i este f\u0103cut pentru a mul\u021bumi clien\u021bii care doresc str\u0103lucire combinat\u0103 cu siguran\u021b\u0103. Este fabricat\u0103 din titan de calitate superioar\u0103, astfel \u00eenc\u00e2t nu va trebui s\u0103 v\u0103 face\u021bi griji cu privire la p\u0103tare sau decolorare, ceea ce o face favorita magazinelor de piercing.<\/p>","protected":false},"excerpt":{"rendered":"<ul>\n<li>Filetat intern<\/li>\n<li>Material: Titan de calitate pentru implant F-136<\/li>\n<li>Gauge: 16G<\/li>\n<li>Gem\u0103: Zirconiu cubic<\/li>\n<li>Dimensiune: 3,3mm x 5,7mm<\/li>\n<\/ul>","protected":false},"featured_media":23021,"comment_status":"closed","ping_status":"closed","template":"","meta":{"_acf_changed":false},"product_brand":[],"product_cat":[340,343],"product_tag":[187,179,180,188,209,189,210,211,212,199,190,183,213,184,214,185,207],"class_list":{"0":"post-22693","1":"product","2":"type-product","3":"status-publish","4":"has-post-thumbnail","6":"product_cat-titanium-jewelry","7":"product_cat-tops-titanium-jewelry","8":"product_tag-conch","9":"product_tag-cristal","10":"product_tag-cz","11":"product_tag-ear","12":"product_tag-faux-rook","13":"product_tag-helix","14":"product_tag-labret","15":"product_tag-lip","16":"product_tag-medusa","17":"product_tag-nostril","18":"product_tag-oreja","19":"product_tag-perforacion","20":"product_tag-philtrum","21":"product_tag-piercing","22":"product_tag-rook","23":"product_tag-shiny","24":"product_tag-tragus","26":"first","27":"instock","28":"taxable","29":"shipping-taxable","30":"purchasable","31":"product-type-simple"},"acf":[],"gallery_images":[27257,27258],"_links":{"self":[{"href":"https:\/\/tremunpiercing.com\/ro\/wp-json\/wp\/v2\/product\/22693","targetHints":{"allow":["GET"]}}],"collection":[{"href":"https:\/\/tremunpiercing.com\/ro\/wp-json\/wp\/v2\/product"}],"about":[{"href":"https:\/\/tremunpiercing.com\/ro\/wp-json\/wp\/v2\/types\/product"}],"replies":[{"embeddable":true,"href":"https:\/\/tremunpiercing.com\/ro\/wp-json\/wp\/v2\/comments?post=22693"}],"version-history":[{"count":1,"href":"https:\/\/tremunpiercing.com\/ro\/wp-json\/wp\/v2\/product\/22693\/revisions"}],"predecessor-version":[{"id":27259,"href":"https:\/\/tremunpiercing.com\/ro\/wp-json\/wp\/v2\/product\/22693\/revisions\/27259"}],"wp:featuredmedia":[{"embeddable":true,"href":"https:\/\/tremunpiercing.com\/ro\/wp-json\/wp\/v2\/media\/23021"}],"wp:attachment":[{"href":"https:\/\/tremunpiercing.com\/ro\/wp-json\/wp\/v2\/media?parent=22693"}],"wp:term":[{"taxonomy":"product_brand","embeddable":true,"href":"https:\/\/tremunpiercing.com\/ro\/wp-json\/wp\/v2\/product_brand?post=22693"},{"taxonomy":"product_cat","embeddable":true,"href":"https:\/\/tremunpiercing.com\/ro\/wp-json\/wp\/v2\/product_cat?post=22693"},{"taxonomy":"product_tag","embeddable":true,"href":"https:\/\/tremunpiercing.com\/ro\/wp-json\/wp\/v2\/product_tag?post=22693"}],"curies":[{"name":"wp","href":"https:\/\/api.w.org\/{rel}","templated":true}]}}