{"id":22696,"date":"2025-10-06T21:18:33","date_gmt":"2025-10-06T20:18:33","guid":{"rendered":"https:\/\/tremunpiercing.com\/?post_type=product&#038;p=22696"},"modified":"2026-03-24T23:31:06","modified_gmt":"2026-03-24T22:31:06","slug":"stacy-red-garnet","status":"publish","type":"product","link":"https:\/\/tremunpiercing.com\/ro\/product\/stacy-red-garnet\/","title":{"rendered":"Stacy - Granat ro\u0219u"},"content":{"rendered":"<p>Ad\u0103uga\u021bi un sentiment de elegan\u021b\u0103 incendiar\u0103 colec\u021biei dvs. cu Stacy Red Garnet. Bijuteria cu filet intern este fabricat\u0103 din titan F-136 Implant Grade, care ofer\u0103 confort superior \u0219i biocompatibilitate. Piatra de granat ro\u0219u rubiniu intens adaug\u0103 o \u00eenchidere \u00eendr\u0103znea\u021b\u0103 \u0219i luxoas\u0103 unui piercing la ureche, nas sau helix.<\/p>\n<p>Construit\u0103 pentru pierceri, aceast\u0103 bijuterie este u\u0219or de introdus \u0219i va dura men\u021bin\u00e2ndu-\u0219i str\u0103lucirea \u00een timp. Stacy este perfect pentru studiourile care apreciaz\u0103 stilul \u0219i siguran\u021ba cu bijuteriile lor, captur\u00e2nd un echilibru perfect \u00eentre farmecul atemporal al pietrelor pre\u021bioase \u0219i ingineria de grad medical.<\/p>","protected":false},"excerpt":{"rendered":"<ul>\n<li>Filetat intern<\/li>\n<li>Material: Titan de calitate pentru implant F-136<\/li>\n<li>Gauge: 16G<\/li>\n<li>Gem: <span data-sheets-root=\"1\">Granat ro\u0219u<\/span><\/li>\n<li>Dimensiune: 3,1 mm x 5,4 mm<\/li>\n<\/ul>","protected":false},"featured_media":23026,"comment_status":"closed","ping_status":"closed","template":"","meta":{"_acf_changed":false},"product_brand":[],"product_cat":[340,343],"product_tag":[187,179,180,188,209,189,210,211,212,199,190,183,213,184,214,185,207],"class_list":{"0":"post-22696","1":"product","2":"type-product","3":"status-publish","4":"has-post-thumbnail","6":"product_cat-titanium-jewelry","7":"product_cat-tops-titanium-jewelry","8":"product_tag-conch","9":"product_tag-cristal","10":"product_tag-cz","11":"product_tag-ear","12":"product_tag-faux-rook","13":"product_tag-helix","14":"product_tag-labret","15":"product_tag-lip","16":"product_tag-medusa","17":"product_tag-nostril","18":"product_tag-oreja","19":"product_tag-perforacion","20":"product_tag-philtrum","21":"product_tag-piercing","22":"product_tag-rook","23":"product_tag-shiny","24":"product_tag-tragus","26":"first","27":"instock","28":"taxable","29":"shipping-taxable","30":"purchasable","31":"product-type-simple"},"acf":[],"gallery_images":[27254,27255],"_links":{"self":[{"href":"https:\/\/tremunpiercing.com\/ro\/wp-json\/wp\/v2\/product\/22696","targetHints":{"allow":["GET"]}}],"collection":[{"href":"https:\/\/tremunpiercing.com\/ro\/wp-json\/wp\/v2\/product"}],"about":[{"href":"https:\/\/tremunpiercing.com\/ro\/wp-json\/wp\/v2\/types\/product"}],"replies":[{"embeddable":true,"href":"https:\/\/tremunpiercing.com\/ro\/wp-json\/wp\/v2\/comments?post=22696"}],"version-history":[{"count":1,"href":"https:\/\/tremunpiercing.com\/ro\/wp-json\/wp\/v2\/product\/22696\/revisions"}],"predecessor-version":[{"id":27256,"href":"https:\/\/tremunpiercing.com\/ro\/wp-json\/wp\/v2\/product\/22696\/revisions\/27256"}],"wp:featuredmedia":[{"embeddable":true,"href":"https:\/\/tremunpiercing.com\/ro\/wp-json\/wp\/v2\/media\/23026"}],"wp:attachment":[{"href":"https:\/\/tremunpiercing.com\/ro\/wp-json\/wp\/v2\/media?parent=22696"}],"wp:term":[{"taxonomy":"product_brand","embeddable":true,"href":"https:\/\/tremunpiercing.com\/ro\/wp-json\/wp\/v2\/product_brand?post=22696"},{"taxonomy":"product_cat","embeddable":true,"href":"https:\/\/tremunpiercing.com\/ro\/wp-json\/wp\/v2\/product_cat?post=22696"},{"taxonomy":"product_tag","embeddable":true,"href":"https:\/\/tremunpiercing.com\/ro\/wp-json\/wp\/v2\/product_tag?post=22696"}],"curies":[{"name":"wp","href":"https:\/\/api.w.org\/{rel}","templated":true}]}}