{"id":22704,"date":"2025-10-06T21:26:43","date_gmt":"2025-10-06T20:26:43","guid":{"rendered":"https:\/\/tremunpiercing.com\/?post_type=product&#038;p=22704"},"modified":"2026-04-02T21:18:51","modified_gmt":"2026-04-02T20:18:51","slug":"stacy-white-moonstone","status":"publish","type":"product","link":"https:\/\/tremunpiercing.com\/ro\/product\/stacy-white-moonstone\/","title":{"rendered":"Stacy - piatr\u0103 de lun\u0103 alb\u0103"},"content":{"rendered":"<p>Ad\u0103uga\u021bi o not\u0103 de frumuse\u021be celest\u0103 cu cap\u0103tul Stacy - White Moonstone. Dispun\u00e2nd de un cabo\u0219on autentic White Moonstone, Stacy este uimitor, cu o baz\u0103 l\u0103ptoas\u0103 moale \u0219i o frumoas\u0103 adularescen\u021b\u0103 albastr\u0103 ce pare s\u0103 str\u0103luceasc\u0103 din interiorul s\u0103u. Realizat din titan F136 de grad implant, include un filet intern sigur de 16G.<\/p>\n<p>Calitatea sa eteric\u0103 \u0219i moale o face o alegere excelent\u0103 pentru anatomie, cum ar fi piercingurile pentru n\u0103ri, unde poate oferi o str\u0103lucire discret\u0103, sau piercingurile pentru din\u021bi, unde energia sa mistic\u0103 este frecvent apreciat\u0103. Cu calit\u0103\u021bile lini\u0219tite \u0219i lunare ale pietrei, aceasta va fi \u00eentotdeauna atemporal\u0103. Dac\u0103 dori\u021bi s\u0103 oferi\u021bi studioului dvs. un pic de farmec magic, discret, nu c\u0103uta\u021bi mai departe de Stacy - White Moonstone.<\/p>","protected":false},"excerpt":{"rendered":"<ul>\n<li>Filetat intern<\/li>\n<li>Material: Titan de calitate pentru implant F-136<\/li>\n<li>Gauge: 16G<\/li>\n<li>Gem: <span data-sheets-root=\"1\">Piatr\u0103 de lun\u0103 alb\u0103<\/span><\/li>\n<li>Dimensiuni: 3,1mm x 5,4mm<\/li>\n<\/ul>","protected":false},"featured_media":23024,"comment_status":"closed","ping_status":"closed","template":"","meta":{"_acf_changed":false},"product_brand":[],"product_cat":[340,343],"product_tag":[187,179,180,188,209,189,210,211,212,199,190,183,213,184,214,185,207],"class_list":{"0":"post-22704","1":"product","2":"type-product","3":"status-publish","4":"has-post-thumbnail","6":"product_cat-titanium-jewelry","7":"product_cat-tops-titanium-jewelry","8":"product_tag-conch","9":"product_tag-cristal","10":"product_tag-cz","11":"product_tag-ear","12":"product_tag-faux-rook","13":"product_tag-helix","14":"product_tag-labret","15":"product_tag-lip","16":"product_tag-medusa","17":"product_tag-nostril","18":"product_tag-oreja","19":"product_tag-perforacion","20":"product_tag-philtrum","21":"product_tag-piercing","22":"product_tag-rook","23":"product_tag-shiny","24":"product_tag-tragus","26":"first","27":"instock","28":"taxable","29":"shipping-taxable","30":"purchasable","31":"product-type-simple"},"acf":[],"gallery_images":[27246,27245],"_links":{"self":[{"href":"https:\/\/tremunpiercing.com\/ro\/wp-json\/wp\/v2\/product\/22704","targetHints":{"allow":["GET"]}}],"collection":[{"href":"https:\/\/tremunpiercing.com\/ro\/wp-json\/wp\/v2\/product"}],"about":[{"href":"https:\/\/tremunpiercing.com\/ro\/wp-json\/wp\/v2\/types\/product"}],"replies":[{"embeddable":true,"href":"https:\/\/tremunpiercing.com\/ro\/wp-json\/wp\/v2\/comments?post=22704"}],"version-history":[{"count":1,"href":"https:\/\/tremunpiercing.com\/ro\/wp-json\/wp\/v2\/product\/22704\/revisions"}],"predecessor-version":[{"id":27247,"href":"https:\/\/tremunpiercing.com\/ro\/wp-json\/wp\/v2\/product\/22704\/revisions\/27247"}],"wp:featuredmedia":[{"embeddable":true,"href":"https:\/\/tremunpiercing.com\/ro\/wp-json\/wp\/v2\/media\/23024"}],"wp:attachment":[{"href":"https:\/\/tremunpiercing.com\/ro\/wp-json\/wp\/v2\/media?parent=22704"}],"wp:term":[{"taxonomy":"product_brand","embeddable":true,"href":"https:\/\/tremunpiercing.com\/ro\/wp-json\/wp\/v2\/product_brand?post=22704"},{"taxonomy":"product_cat","embeddable":true,"href":"https:\/\/tremunpiercing.com\/ro\/wp-json\/wp\/v2\/product_cat?post=22704"},{"taxonomy":"product_tag","embeddable":true,"href":"https:\/\/tremunpiercing.com\/ro\/wp-json\/wp\/v2\/product_tag?post=22704"}],"curies":[{"name":"wp","href":"https:\/\/api.w.org\/{rel}","templated":true}]}}