{"id":22730,"date":"2025-10-06T21:53:06","date_gmt":"2025-10-06T20:53:06","guid":{"rendered":"https:\/\/tremunpiercing.com\/?post_type=product&#038;p=22730"},"modified":"2026-04-18T22:16:27","modified_gmt":"2026-04-18T21:16:27","slug":"moon-scepter-ruby","status":"publish","type":"product","link":"https:\/\/tremunpiercing.com\/ro\/product\/moon-scepter-ruby\/","title":{"rendered":"Sceptru lunar - rubin"},"content":{"rendered":"<p>Face\u021bi o declara\u021bie cu Moon Scepter-Ruby, un design atr\u0103g\u0103tor pentru piercing-uri unice pe corp. Con\u021bine o barbell cu filet intern. Designul Moon Scepter este construit din titan F136 de calitate pentru implanturi, cu o semilun\u0103 care prinde un grup de zirconiu cubic ro\u0219u - ambele bogate \u00een culoare \u0219i impact.<\/p>\n<p>Cu 6 mm x 15 mm, aceast\u0103 siluet\u0103 atr\u0103g\u0103toare a fost creat\u0103 pentru vizibilitate maxim\u0103. Aceast\u0103 pies\u0103 este perfect\u0103 pentru piercinguri industriale, pentru a profita la maximum de lungime, sau va ie\u0219i \u00een eviden\u021b\u0103 ca pies\u0103 pentru spr\u00e2ncene. Rubinul bogat CZ prinde via\u021b\u0103, captur\u00e2nd lumina din orice unghi. Stoca\u021bi Moon Scepter \u0219i permite\u021bi clien\u021bilor dvs. s\u0103 prezinte look-uri \u00eendr\u0103zne\u021be \u0219i extinse, combin\u00e2nd \u00een acela\u0219i timp fantezia \u0219i calitatea profesional\u0103.<\/p>","protected":false},"excerpt":{"rendered":"<ul>\n<li>Filetat intern<\/li>\n<li>Material: Titan de calitate pentru implant F-136<\/li>\n<li>Gem\u0103: Zirconiu cubic<\/li>\n<li>Gauge: 16G<\/li>\n<li>Dimensiune: 6mm x 15mm<\/li>\n<\/ul>","protected":false},"featured_media":22731,"comment_status":"closed","ping_status":"closed","template":"","meta":{"_acf_changed":false},"product_brand":[],"product_cat":[340,343],"product_tag":[187,188,189,205,206,212,190,183,213,184,207],"class_list":{"0":"post-22730","1":"product","2":"type-product","3":"status-publish","4":"has-post-thumbnail","6":"product_cat-titanium-jewelry","7":"product_cat-tops-titanium-jewelry","8":"product_tag-conch","9":"product_tag-ear","10":"product_tag-helix","11":"product_tag-lobe","12":"product_tag-lobulo","13":"product_tag-medusa","14":"product_tag-oreja","15":"product_tag-perforacion","16":"product_tag-philtrum","17":"product_tag-piercing","18":"product_tag-tragus","20":"first","21":"instock","22":"taxable","23":"shipping-taxable","24":"purchasable","25":"product-type-simple"},"acf":[],"gallery_images":[27225,27224],"_links":{"self":[{"href":"https:\/\/tremunpiercing.com\/ro\/wp-json\/wp\/v2\/product\/22730","targetHints":{"allow":["GET"]}}],"collection":[{"href":"https:\/\/tremunpiercing.com\/ro\/wp-json\/wp\/v2\/product"}],"about":[{"href":"https:\/\/tremunpiercing.com\/ro\/wp-json\/wp\/v2\/types\/product"}],"replies":[{"embeddable":true,"href":"https:\/\/tremunpiercing.com\/ro\/wp-json\/wp\/v2\/comments?post=22730"}],"version-history":[{"count":1,"href":"https:\/\/tremunpiercing.com\/ro\/wp-json\/wp\/v2\/product\/22730\/revisions"}],"predecessor-version":[{"id":27226,"href":"https:\/\/tremunpiercing.com\/ro\/wp-json\/wp\/v2\/product\/22730\/revisions\/27226"}],"wp:featuredmedia":[{"embeddable":true,"href":"https:\/\/tremunpiercing.com\/ro\/wp-json\/wp\/v2\/media\/22731"}],"wp:attachment":[{"href":"https:\/\/tremunpiercing.com\/ro\/wp-json\/wp\/v2\/media?parent=22730"}],"wp:term":[{"taxonomy":"product_brand","embeddable":true,"href":"https:\/\/tremunpiercing.com\/ro\/wp-json\/wp\/v2\/product_brand?post=22730"},{"taxonomy":"product_cat","embeddable":true,"href":"https:\/\/tremunpiercing.com\/ro\/wp-json\/wp\/v2\/product_cat?post=22730"},{"taxonomy":"product_tag","embeddable":true,"href":"https:\/\/tremunpiercing.com\/ro\/wp-json\/wp\/v2\/product_tag?post=22730"}],"curies":[{"name":"wp","href":"https:\/\/api.w.org\/{rel}","templated":true}]}}