{"id":22744,"date":"2025-10-06T22:19:54","date_gmt":"2025-10-06T21:19:54","guid":{"rendered":"https:\/\/tremunpiercing.com\/?post_type=product&#038;p=22744"},"modified":"2026-04-20T17:28:09","modified_gmt":"2026-04-20T16:28:09","slug":"solitaire-moon","status":"publish","type":"product","link":"https:\/\/tremunpiercing.com\/ro\/product\/solitaire-moon\/","title":{"rendered":"Luna Solitaire"},"content":{"rendered":"<p>Butonul Solitaire Moon este discret \u0219i elegant, reflect\u00e2nd frumuse\u021bea subtil\u0103 a luminii lunii. Este un \u0219tift din titan F-136 de 11,4 mm pentru implant, cu un singur zirconiu cubic de \u00eenalt\u0103 calitate care str\u0103luce\u0219te cu o str\u0103lucire celest\u0103. \u0218urubul este filetat intern \u0219i neted, ceea ce face ca inser\u021bia s\u0103 fie u\u0219oar\u0103 \u0219i confortabil\u0103. Acest \u0219tift uimitor este ideal pentru piercing-uri helix, conch sau lobi. Solitaire Moon ofer\u0103 o str\u0103lucire rafinat\u0103 pentru orice stiv\u0103 de urechi sau este suficient de elegant pentru a fi purtat singur. Butonul este elegant, versatil, hipoalergenic \u0219i este conceput pentru bijuterii care arat\u0103 bine \u0219i se simt bine. Este o elegan\u021b\u0103 frumoas\u0103, luminoas\u0103 \u0219i simpl\u0103 capturat\u0103 \u00een acest design de bijuterie.<\/p>","protected":false},"excerpt":{"rendered":"<ul>\n<li>Filetat intern<\/li>\n<li>Material: Titan de calitate pentru implant F-136<\/li>\n<li>Gem\u0103: Zirconiu cubic<\/li>\n<li>Gauge: 16G<\/li>\n<li>Dimensiune: 11.4mm<\/li>\n<\/ul>","protected":false},"featured_media":22745,"comment_status":"closed","ping_status":"closed","template":"","meta":{"_acf_changed":false},"product_brand":[],"product_cat":[340,343],"product_tag":[187,188,189,205,206,212,190,183,213,184,207],"class_list":{"0":"post-22744","1":"product","2":"type-product","3":"status-publish","4":"has-post-thumbnail","6":"product_cat-titanium-jewelry","7":"product_cat-tops-titanium-jewelry","8":"product_tag-conch","9":"product_tag-ear","10":"product_tag-helix","11":"product_tag-lobe","12":"product_tag-lobulo","13":"product_tag-medusa","14":"product_tag-oreja","15":"product_tag-perforacion","16":"product_tag-philtrum","17":"product_tag-piercing","18":"product_tag-tragus","20":"first","21":"instock","22":"taxable","23":"shipping-taxable","24":"purchasable","25":"product-type-simple"},"acf":[],"gallery_images":[27207,27208],"_links":{"self":[{"href":"https:\/\/tremunpiercing.com\/ro\/wp-json\/wp\/v2\/product\/22744","targetHints":{"allow":["GET"]}}],"collection":[{"href":"https:\/\/tremunpiercing.com\/ro\/wp-json\/wp\/v2\/product"}],"about":[{"href":"https:\/\/tremunpiercing.com\/ro\/wp-json\/wp\/v2\/types\/product"}],"replies":[{"embeddable":true,"href":"https:\/\/tremunpiercing.com\/ro\/wp-json\/wp\/v2\/comments?post=22744"}],"version-history":[{"count":1,"href":"https:\/\/tremunpiercing.com\/ro\/wp-json\/wp\/v2\/product\/22744\/revisions"}],"predecessor-version":[{"id":27209,"href":"https:\/\/tremunpiercing.com\/ro\/wp-json\/wp\/v2\/product\/22744\/revisions\/27209"}],"wp:featuredmedia":[{"embeddable":true,"href":"https:\/\/tremunpiercing.com\/ro\/wp-json\/wp\/v2\/media\/22745"}],"wp:attachment":[{"href":"https:\/\/tremunpiercing.com\/ro\/wp-json\/wp\/v2\/media?parent=22744"}],"wp:term":[{"taxonomy":"product_brand","embeddable":true,"href":"https:\/\/tremunpiercing.com\/ro\/wp-json\/wp\/v2\/product_brand?post=22744"},{"taxonomy":"product_cat","embeddable":true,"href":"https:\/\/tremunpiercing.com\/ro\/wp-json\/wp\/v2\/product_cat?post=22744"},{"taxonomy":"product_tag","embeddable":true,"href":"https:\/\/tremunpiercing.com\/ro\/wp-json\/wp\/v2\/product_tag?post=22744"}],"curies":[{"name":"wp","href":"https:\/\/api.w.org\/{rel}","templated":true}]}}