{"id":22753,"date":"2025-10-06T22:30:25","date_gmt":"2025-10-06T21:30:25","guid":{"rendered":"https:\/\/tremunpiercing.com\/?post_type=product&#038;p=22753"},"modified":"2026-04-19T23:03:55","modified_gmt":"2026-04-19T22:03:55","slug":"keri","status":"publish","type":"product","link":"https:\/\/tremunpiercing.com\/ro\/product\/keri\/","title":{"rendered":"Keri"},"content":{"rendered":"<p>Topul din titan cu filet intern Keri introduce o component\u0103 simpl\u0103 de frumuse\u021be \u00een bijuteriile profesionale pentru piercing corporal. Formulat din titan de grad chirurgical (F-136), \u0219tiftul Keri este hipoalergenic, fiabil \u0219i str\u0103lucitor. Piatra de zirconiu cubic poate oferi o str\u0103lucire uimitoare pentru clien\u021bii care caut\u0103 o abordare clasic\u0103 cu un plus. Bijuteria Keri este disponibil\u0103 \u00een filet intern 16G pentru o instalare f\u0103r\u0103 sudur\u0103 \u0219i o instalare rapid\u0103, cu o frecare minim\u0103 \u00een timpul instal\u0103rii.<\/p>\n<p>Keri poate fi utilizat \u00een orice pozi\u021bie, cum ar fi urechea, buza sau cartilajul helix, ajut\u00e2nd profesioni\u0219tii care caut\u0103 calitatea \u0219i caracterul practic. Topul Keri este recomandat de studiouri din \u00eentreaga Europ\u0103 \u0219i SUA. Topurile Keri au o valoare excep\u021bional\u0103, accesibilitate excelent\u0103, precizie ridicat\u0103, uzur\u0103 sus\u021binut\u0103 \u0219i durabilitate total\u0103. Completarea perfect\u0103 pentru a v\u0103 completa bijuteriile \u0219i accesoriile profesionale pentru piercing corporal!<\/p>\n<p>&nbsp;<\/p>","protected":false},"excerpt":{"rendered":"<ul>\n<li>Filetat intern<\/li>\n<li>Material: Titan de calitate pentru implant F-136<\/li>\n<li>Gem\u0103: Zirconiu cubic<\/li>\n<li>Gauge: 16G<\/li>\n<li>Dimensiune: 5 mm<\/li>\n<\/ul>","protected":false},"featured_media":22754,"comment_status":"closed","ping_status":"closed","template":"","meta":{"_acf_changed":false},"product_brand":[],"product_cat":[340,343],"product_tag":[187,188,189,205,206,212,190,183,213,184,207],"class_list":{"0":"post-22753","1":"product","2":"type-product","3":"status-publish","4":"has-post-thumbnail","6":"product_cat-titanium-jewelry","7":"product_cat-tops-titanium-jewelry","8":"product_tag-conch","9":"product_tag-ear","10":"product_tag-helix","11":"product_tag-lobe","12":"product_tag-lobulo","13":"product_tag-medusa","14":"product_tag-oreja","15":"product_tag-perforacion","16":"product_tag-philtrum","17":"product_tag-piercing","18":"product_tag-tragus","20":"first","21":"instock","22":"taxable","23":"shipping-taxable","24":"purchasable","25":"product-type-simple"},"acf":[],"gallery_images":[27188,27187],"_links":{"self":[{"href":"https:\/\/tremunpiercing.com\/ro\/wp-json\/wp\/v2\/product\/22753","targetHints":{"allow":["GET"]}}],"collection":[{"href":"https:\/\/tremunpiercing.com\/ro\/wp-json\/wp\/v2\/product"}],"about":[{"href":"https:\/\/tremunpiercing.com\/ro\/wp-json\/wp\/v2\/types\/product"}],"replies":[{"embeddable":true,"href":"https:\/\/tremunpiercing.com\/ro\/wp-json\/wp\/v2\/comments?post=22753"}],"version-history":[{"count":1,"href":"https:\/\/tremunpiercing.com\/ro\/wp-json\/wp\/v2\/product\/22753\/revisions"}],"predecessor-version":[{"id":27189,"href":"https:\/\/tremunpiercing.com\/ro\/wp-json\/wp\/v2\/product\/22753\/revisions\/27189"}],"wp:featuredmedia":[{"embeddable":true,"href":"https:\/\/tremunpiercing.com\/ro\/wp-json\/wp\/v2\/media\/22754"}],"wp:attachment":[{"href":"https:\/\/tremunpiercing.com\/ro\/wp-json\/wp\/v2\/media?parent=22753"}],"wp:term":[{"taxonomy":"product_brand","embeddable":true,"href":"https:\/\/tremunpiercing.com\/ro\/wp-json\/wp\/v2\/product_brand?post=22753"},{"taxonomy":"product_cat","embeddable":true,"href":"https:\/\/tremunpiercing.com\/ro\/wp-json\/wp\/v2\/product_cat?post=22753"},{"taxonomy":"product_tag","embeddable":true,"href":"https:\/\/tremunpiercing.com\/ro\/wp-json\/wp\/v2\/product_tag?post=22753"}],"curies":[{"name":"wp","href":"https:\/\/api.w.org\/{rel}","templated":true}]}}