{"id":22788,"date":"2025-10-07T22:57:35","date_gmt":"2025-10-07T21:57:35","guid":{"rendered":"https:\/\/tremunpiercing.com\/?post_type=product&#038;p=22788"},"modified":"2026-04-20T17:28:21","modified_gmt":"2026-04-20T16:28:21","slug":"crown-spike-moss-agate","status":"publish","type":"product","link":"https:\/\/tremunpiercing.com\/ro\/product\/crown-spike-moss-agate\/","title":{"rendered":"V\u00e2rf de coroan\u0103 - Agat Moss"},"content":{"rendered":"<p>Cerceii Crown Spike Moss Agate reflect\u0103 o elegan\u021b\u0103 \u00eencrez\u0103toare \u0219i o frumuse\u021be cu picioarele pe p\u0103m\u00e2nt. Construit manual din titan F-136 pentru implanturi, acesta prezint\u0103 o piatr\u0103 pre\u021bioas\u0103 natural\u0103 Moss Agate, care prezint\u0103 modele organice verzi \u0219i este apreciat\u0103 pentru energia sa de \u00eemp\u0103m\u00e2ntare. Montura \u00een stil coroan\u0103 confer\u0103 o not\u0103 de regalitate, \u00een timp ce detaliul \u00een form\u0103 de \u021bepu\u0219\u0103 confer\u0103 piesei un aer modern, artistic.<\/p>\n<p>Disponibil \u00een 16G-14G pentru a se potrivi cu oricine are piercinguri de stil preferat \u0219i un caracter iubitor de declara\u021bii, acesta exemplific\u0103 o abordare artistic\u0103 a unui cercel elegant. Ca \u0219i \u00een cazul tuturor bijuteriilor Pierce, este filetat intern pentru u\u0219urin\u021b\u0103 \u00een utilizare \u0219i func\u021bional serios cu privire la confort \u0219i securitate. Aceast\u0103 pies\u0103 combin\u0103 natura brut\u0103 cu frumuse\u021bea finisat\u0103 \u0219i este excelent\u0103 pentru a asambla un aspect distinct \u0219i de neegalat de bijuterii ridicate.<\/p>","protected":false},"excerpt":{"rendered":"<ul>\n<li>Filetat intern<\/li>\n<li>Material: Titan de calitate pentru implant F-136<\/li>\n<li>Gem: <span data-sheets-root=\"1\">Agat de mu\u0219chi<\/span><\/li>\n<li>Grosime: 16G - 14G<\/li>\n<li>Dimensiune: 4 mm x 4 mm<\/li>\n<\/ul>","protected":false},"featured_media":23004,"comment_status":"closed","ping_status":"closed","template":"","meta":{"_acf_changed":false},"product_brand":[],"product_cat":[340,343],"product_tag":[187,188,189,205,206,212,190,183,213,184,207],"class_list":{"0":"post-22788","1":"product","2":"type-product","3":"status-publish","4":"has-post-thumbnail","6":"product_cat-titanium-jewelry","7":"product_cat-tops-titanium-jewelry","8":"product_tag-conch","9":"product_tag-ear","10":"product_tag-helix","11":"product_tag-lobe","12":"product_tag-lobulo","13":"product_tag-medusa","14":"product_tag-oreja","15":"product_tag-perforacion","16":"product_tag-philtrum","17":"product_tag-piercing","18":"product_tag-tragus","20":"first","21":"instock","22":"taxable","23":"shipping-taxable","24":"purchasable","25":"product-type-variable"},"acf":[],"gallery_images":[27217,27218],"_links":{"self":[{"href":"https:\/\/tremunpiercing.com\/ro\/wp-json\/wp\/v2\/product\/22788","targetHints":{"allow":["GET"]}}],"collection":[{"href":"https:\/\/tremunpiercing.com\/ro\/wp-json\/wp\/v2\/product"}],"about":[{"href":"https:\/\/tremunpiercing.com\/ro\/wp-json\/wp\/v2\/types\/product"}],"replies":[{"embeddable":true,"href":"https:\/\/tremunpiercing.com\/ro\/wp-json\/wp\/v2\/comments?post=22788"}],"version-history":[{"count":1,"href":"https:\/\/tremunpiercing.com\/ro\/wp-json\/wp\/v2\/product\/22788\/revisions"}],"predecessor-version":[{"id":27219,"href":"https:\/\/tremunpiercing.com\/ro\/wp-json\/wp\/v2\/product\/22788\/revisions\/27219"}],"wp:featuredmedia":[{"embeddable":true,"href":"https:\/\/tremunpiercing.com\/ro\/wp-json\/wp\/v2\/media\/23004"}],"wp:attachment":[{"href":"https:\/\/tremunpiercing.com\/ro\/wp-json\/wp\/v2\/media?parent=22788"}],"wp:term":[{"taxonomy":"product_brand","embeddable":true,"href":"https:\/\/tremunpiercing.com\/ro\/wp-json\/wp\/v2\/product_brand?post=22788"},{"taxonomy":"product_cat","embeddable":true,"href":"https:\/\/tremunpiercing.com\/ro\/wp-json\/wp\/v2\/product_cat?post=22788"},{"taxonomy":"product_tag","embeddable":true,"href":"https:\/\/tremunpiercing.com\/ro\/wp-json\/wp\/v2\/product_tag?post=22788"}],"curies":[{"name":"wp","href":"https:\/\/api.w.org\/{rel}","templated":true}]}}