{"id":23034,"date":"2025-10-10T23:11:41","date_gmt":"2025-10-10T22:11:41","guid":{"rendered":"https:\/\/tremunpiercing.com\/?post_type=product&#038;p=23034"},"modified":"2026-04-02T14:43:22","modified_gmt":"2026-04-02T13:43:22","slug":"natalie-peridot-cz","status":"publish","type":"product","link":"https:\/\/tremunpiercing.com\/ro\/product\/natalie-peridot-cz\/","title":{"rendered":"Natalie - Peridot CZ"},"content":{"rendered":"<p>Proasp\u0103t\u0103, vesel\u0103 \u0219i plin\u0103 de via\u021b\u0103, Natalie Peridot CZ este cea mai bun\u0103 op\u021biune pentru a ad\u0103uga o not\u0103 de verde look-ului t\u0103u. Piatra pre\u021bioas\u0103 peridot str\u0103lucitoare str\u0103luce\u0219te cu str\u0103lucire natural\u0103 \u0219i reflect\u0103 re\u00eennoire \u0219i optimism. Fabricat din titan F-136 pentru implanturi, acesta ofer\u0103 str\u0103lucire de durat\u0103, confort sigur pentru piele \u0219i rezisten\u021b\u0103 la coroziune - pentru purt\u0103torii sensibili, acesta este un must.<\/p>\n<p>Designul s\u0103u cu filet intern asigur\u0103 c\u0103 este neted \u0219i sigur, fiind de \u00eencredere at\u00e2t pentru profesioni\u0219ti, c\u00e2t \u0219i pentru fanii bijuteriilor deopotriv\u0103. Peridotul Natalie arat\u0103 grozav \u00eentr-un piercing helix, lob sau tragus \u0219i este minunat ca pies\u0103 minimalist\u0103 sau ca parte a unui grup de bijuterii. Cu aceast\u0103 piatr\u0103 verde str\u0103lucitoare, pute\u021bi ad\u0103uga stilului dvs. o explozie de culoare r\u0103coritoare \u0219i o calitate atemporal\u0103!<\/p>","protected":false},"excerpt":{"rendered":"<ul>\n<li>Filetat intern<\/li>\n<li>Material: Titan de calitate pentru implant F-136<\/li>\n<li>Gem\u0103: Peridot<\/li>\n<li>Gauge: 16G<\/li>\n<\/ul>","protected":false},"featured_media":23035,"comment_status":"closed","ping_status":"closed","template":"","meta":{"_acf_changed":false},"product_brand":[],"product_cat":[340,343],"product_tag":[187,188,189,205,206,212,190,183,213,184,207],"class_list":{"0":"post-23034","1":"product","2":"type-product","3":"status-publish","4":"has-post-thumbnail","6":"product_cat-titanium-jewelry","7":"product_cat-tops-titanium-jewelry","8":"product_tag-conch","9":"product_tag-ear","10":"product_tag-helix","11":"product_tag-lobe","12":"product_tag-lobulo","13":"product_tag-medusa","14":"product_tag-oreja","15":"product_tag-perforacion","16":"product_tag-philtrum","17":"product_tag-piercing","18":"product_tag-tragus","20":"first","21":"instock","22":"taxable","23":"shipping-taxable","24":"purchasable","25":"product-type-simple"},"acf":[],"gallery_images":[27119,27118],"_links":{"self":[{"href":"https:\/\/tremunpiercing.com\/ro\/wp-json\/wp\/v2\/product\/23034","targetHints":{"allow":["GET"]}}],"collection":[{"href":"https:\/\/tremunpiercing.com\/ro\/wp-json\/wp\/v2\/product"}],"about":[{"href":"https:\/\/tremunpiercing.com\/ro\/wp-json\/wp\/v2\/types\/product"}],"replies":[{"embeddable":true,"href":"https:\/\/tremunpiercing.com\/ro\/wp-json\/wp\/v2\/comments?post=23034"}],"version-history":[{"count":1,"href":"https:\/\/tremunpiercing.com\/ro\/wp-json\/wp\/v2\/product\/23034\/revisions"}],"predecessor-version":[{"id":27120,"href":"https:\/\/tremunpiercing.com\/ro\/wp-json\/wp\/v2\/product\/23034\/revisions\/27120"}],"wp:featuredmedia":[{"embeddable":true,"href":"https:\/\/tremunpiercing.com\/ro\/wp-json\/wp\/v2\/media\/23035"}],"wp:attachment":[{"href":"https:\/\/tremunpiercing.com\/ro\/wp-json\/wp\/v2\/media?parent=23034"}],"wp:term":[{"taxonomy":"product_brand","embeddable":true,"href":"https:\/\/tremunpiercing.com\/ro\/wp-json\/wp\/v2\/product_brand?post=23034"},{"taxonomy":"product_cat","embeddable":true,"href":"https:\/\/tremunpiercing.com\/ro\/wp-json\/wp\/v2\/product_cat?post=23034"},{"taxonomy":"product_tag","embeddable":true,"href":"https:\/\/tremunpiercing.com\/ro\/wp-json\/wp\/v2\/product_tag?post=23034"}],"curies":[{"name":"wp","href":"https:\/\/api.w.org\/{rel}","templated":true}]}}