{"id":23046,"date":"2025-10-10T23:18:29","date_gmt":"2025-10-10T22:18:29","guid":{"rendered":"https:\/\/tremunpiercing.com\/?post_type=product&#038;p=23046"},"modified":"2026-03-31T14:24:08","modified_gmt":"2026-03-31T13:24:08","slug":"natalie-vitrial-cz","status":"publish","type":"product","link":"https:\/\/tremunpiercing.com\/ro\/product\/natalie-vitrial-cz\/","title":{"rendered":"Natalie - Vitrial CZ"},"content":{"rendered":"<p>Infuza\u021bi ni\u0219te culori fabuloase \u00een colec\u021bia dvs. de piercing-uri cu Natalie Vitrial CZ. Aceast\u0103 pies\u0103 cu adev\u0103rat superb\u0103 are un zirconiu cubic multi-tonal, o piatr\u0103 frumoas\u0103 care are sclipiri uimitoare de roz, violet \u0219i verde care str\u0103lucesc \u0219i str\u0103lucesc \u00een orice lumin\u0103! Natalie este construit din titan F-136 de calitate medical\u0103, care este u\u0219or, rezistent la coroziune \u0219i extrem de confortabil pentru utilizare pe termen lung. Designul cu filet intern asigur\u0103 o potrivire confortabil\u0103 \u0219i neted\u0103 pentru piercing-urile dvs. cu spirit liber sau piercing-urile vindecate.<\/p>\n<p>Natalie va ar\u0103ta frumos \u00een lobul, helixul sau conul t\u0103u. Purta\u021bi-o cu s\u0103n\u0103tate \u0219i ad\u0103uga\u021bi propria dvs. not\u0103 \u00eendr\u0103znea\u021b\u0103 de individualitate. Iubit\u0103 de arti\u0219tii de piercing \u0219i de pasiona\u021bii de bijuterii, aceast\u0103 bijuterie asigur\u0103 standarde de siguran\u021b\u0103 de nivel profesional \u0219i lux vizual - pentru c\u0103 merita\u021bi o str\u0103lucire de lux care s\u0103 dureze.<\/p>","protected":false},"excerpt":{"rendered":"<ul>\n<li>Filetat intern<\/li>\n<li>Material: Titan de calitate pentru implant F-136<\/li>\n<li>Gem\u0103: Zirconiu cubic<\/li>\n<li>Gauge: 16G<\/li>\n<\/ul>","protected":false},"featured_media":23047,"comment_status":"closed","ping_status":"closed","template":"","meta":{"_acf_changed":false},"product_brand":[],"product_cat":[340,343],"product_tag":[187,188,189,205,206,212,190,183,213,184,207],"class_list":{"0":"post-23046","1":"product","2":"type-product","3":"status-publish","4":"has-post-thumbnail","6":"product_cat-titanium-jewelry","7":"product_cat-tops-titanium-jewelry","8":"product_tag-conch","9":"product_tag-ear","10":"product_tag-helix","11":"product_tag-lobe","12":"product_tag-lobulo","13":"product_tag-medusa","14":"product_tag-oreja","15":"product_tag-perforacion","16":"product_tag-philtrum","17":"product_tag-piercing","18":"product_tag-tragus","20":"first","21":"instock","22":"taxable","23":"shipping-taxable","24":"purchasable","25":"product-type-simple"},"acf":[],"gallery_images":[27109,27110],"_links":{"self":[{"href":"https:\/\/tremunpiercing.com\/ro\/wp-json\/wp\/v2\/product\/23046","targetHints":{"allow":["GET"]}}],"collection":[{"href":"https:\/\/tremunpiercing.com\/ro\/wp-json\/wp\/v2\/product"}],"about":[{"href":"https:\/\/tremunpiercing.com\/ro\/wp-json\/wp\/v2\/types\/product"}],"replies":[{"embeddable":true,"href":"https:\/\/tremunpiercing.com\/ro\/wp-json\/wp\/v2\/comments?post=23046"}],"version-history":[{"count":1,"href":"https:\/\/tremunpiercing.com\/ro\/wp-json\/wp\/v2\/product\/23046\/revisions"}],"predecessor-version":[{"id":27111,"href":"https:\/\/tremunpiercing.com\/ro\/wp-json\/wp\/v2\/product\/23046\/revisions\/27111"}],"wp:featuredmedia":[{"embeddable":true,"href":"https:\/\/tremunpiercing.com\/ro\/wp-json\/wp\/v2\/media\/23047"}],"wp:attachment":[{"href":"https:\/\/tremunpiercing.com\/ro\/wp-json\/wp\/v2\/media?parent=23046"}],"wp:term":[{"taxonomy":"product_brand","embeddable":true,"href":"https:\/\/tremunpiercing.com\/ro\/wp-json\/wp\/v2\/product_brand?post=23046"},{"taxonomy":"product_cat","embeddable":true,"href":"https:\/\/tremunpiercing.com\/ro\/wp-json\/wp\/v2\/product_cat?post=23046"},{"taxonomy":"product_tag","embeddable":true,"href":"https:\/\/tremunpiercing.com\/ro\/wp-json\/wp\/v2\/product_tag?post=23046"}],"curies":[{"name":"wp","href":"https:\/\/api.w.org\/{rel}","templated":true}]}}