{"id":23625,"date":"2025-10-27T23:09:04","date_gmt":"2025-10-27T22:09:04","guid":{"rendered":"https:\/\/tremunpiercing.com\/?post_type=product&#038;p=23625"},"modified":"2026-04-19T23:04:00","modified_gmt":"2026-04-19T22:04:00","slug":"labret-2-0-hand-polish","status":"publish","type":"product","link":"https:\/\/tremunpiercing.com\/ro\/product\/labret-2-0-hand-polish\/","title":{"rendered":"Labret 2.0 - Lustruire manual\u0103"},"content":{"rendered":"<p>Labret 2.0 din titan lustruit manual este un articol construit meticulos, axat pe confort, siguran\u021b\u0103 \u0219i versatilitate. Fabricat din titan de calitate pentru implant F-136, acest labret cu filet intern este potrivit pentru piercing-uri de buz\u0103, tragus, conch \u0219i helix. Lustruim manual fiecare st\u00e2lp p\u00e2n\u0103 la o str\u0103lucire impecabil\u0103 care minimizeaz\u0103 iritarea \u0219i asigur\u0103 o inser\u021bie lin\u0103. Labretul este oferit \u00een diferite lungimi (5 mm-8 mm) \u0219i grosime a bazei de 4 mm pentru a se potrivi diferitelor tipuri de anatomie.<\/p>\n<p>Piercerii profesioni\u0219ti aleg acest model pentru filetarea fiabil\u0103, configurarea u\u0219oar\u0103 \u0219i calit\u0103\u021bile importante pe care le ofer\u0103 acest model. Acest st\u00e2lp labret \u0219i materialul din titan ofer\u0103 o calitate uimitoare pentru un piercing nou sau sincer doar pentru un upgrade. Clien\u021bii apreciaz\u0103 calitatea performan\u021bei \u0219i finisajul str\u0103lucitor.<\/p>","protected":false},"excerpt":{"rendered":"<ul>\n<li>Filetat intern<\/li>\n<li>Material: Titan de calitate pentru implant F-136<\/li>\n<li>Gauge: 16G<\/li>\n<li>Lungime: 5 mm, 6 mm, 7 mm, 8 mm<\/li>\n<li>Diametrul bazei: 4mm<\/li>\n<\/ul>","protected":false},"featured_media":23601,"comment_status":"closed","ping_status":"closed","template":"","meta":{"_acf_changed":false},"product_brand":[],"product_cat":[340,344],"product_tag":[187,188,189,210,211,205,206,212,190,183,213,184,293,207],"class_list":{"0":"post-23625","1":"product","2":"type-product","3":"status-publish","4":"has-post-thumbnail","6":"product_cat-titanium-jewelry","7":"product_cat-labret-titanium-jeawelry","8":"product_tag-conch","9":"product_tag-ear","10":"product_tag-helix","11":"product_tag-labret","12":"product_tag-lip","13":"product_tag-lobe","14":"product_tag-lobulo","15":"product_tag-medusa","16":"product_tag-oreja","17":"product_tag-perforacion","18":"product_tag-philtrum","19":"product_tag-piercing","20":"product_tag-push-pin","21":"product_tag-tragus","23":"first","24":"instock","25":"taxable","26":"shipping-taxable","27":"purchasable","28":"product-type-variable"},"acf":[],"gallery_images":[23598,23599],"_links":{"self":[{"href":"https:\/\/tremunpiercing.com\/ro\/wp-json\/wp\/v2\/product\/23625","targetHints":{"allow":["GET"]}}],"collection":[{"href":"https:\/\/tremunpiercing.com\/ro\/wp-json\/wp\/v2\/product"}],"about":[{"href":"https:\/\/tremunpiercing.com\/ro\/wp-json\/wp\/v2\/types\/product"}],"replies":[{"embeddable":true,"href":"https:\/\/tremunpiercing.com\/ro\/wp-json\/wp\/v2\/comments?post=23625"}],"version-history":[{"count":0,"href":"https:\/\/tremunpiercing.com\/ro\/wp-json\/wp\/v2\/product\/23625\/revisions"}],"wp:featuredmedia":[{"embeddable":true,"href":"https:\/\/tremunpiercing.com\/ro\/wp-json\/wp\/v2\/media\/23601"}],"wp:attachment":[{"href":"https:\/\/tremunpiercing.com\/ro\/wp-json\/wp\/v2\/media?parent=23625"}],"wp:term":[{"taxonomy":"product_brand","embeddable":true,"href":"https:\/\/tremunpiercing.com\/ro\/wp-json\/wp\/v2\/product_brand?post=23625"},{"taxonomy":"product_cat","embeddable":true,"href":"https:\/\/tremunpiercing.com\/ro\/wp-json\/wp\/v2\/product_cat?post=23625"},{"taxonomy":"product_tag","embeddable":true,"href":"https:\/\/tremunpiercing.com\/ro\/wp-json\/wp\/v2\/product_tag?post=23625"}],"curies":[{"name":"wp","href":"https:\/\/api.w.org\/{rel}","templated":true}]}}