{"id":7794,"date":"2023-10-12T17:00:59","date_gmt":"2023-10-12T16:00:59","guid":{"rendered":"https:\/\/tremunpiercing.com\/?post_type=product&#038;p=7794"},"modified":"2026-04-01T13:30:26","modified_gmt":"2026-04-01T12:30:26","slug":"tiffany","status":"publish","type":"product","link":"https:\/\/tremunpiercing.com\/ro\/product\/tiffany\/","title":{"rendered":"Tiffany"},"content":{"rendered":"<p>Inelul cu clicker \u201cTiffany\u201d combin\u0103 materialele de \u00eenalt\u0103 calitate cu str\u0103lucirea rafinat\u0103 - forjat din titan F-136 pentru implanturi, calibru 16G, \u0219i un diametru interior \u00eengust de 8 mm, poate fi purtat \u00een mai multe loca\u021bii diferite de piercing: helix, conch, rook, chiar septum, sau cercuri de cartilaj care se potrivesc perfect. Zirconiul cubic montat pe lunet\u0103 ofer\u0103 cantitatea potrivit\u0103 de str\u0103lucire, \u00een timp ce arat\u0103 curat \u0219i lustruit. Stilul clicker cu balamale al inelului permite instalarea \u0219i \u00eendep\u0103rtarea u\u0219oar\u0103, un factor important pentru studiourile de piercing care caut\u0103 s\u0103 maximizeze viteza de schimbare a bijuteriilor, at\u00e2t pentru stili\u0219tii lor din studio, c\u00e2t \u0219i pentru clien\u021bii lor.<\/p>\n<p>Titanul ASTM F-136, care nu con\u021bine nichel \u0219i este hipoalergenic, ofer\u0103 \u00eencredere pentru piercingurile urechilor sensibile sau cartilajelor. \u00cen calitate de angrosist sau produc\u0103tor, de\u021binerea acestui tip de inel clicker v\u0103 va ajuta s\u0103 fi\u021bi mai competitiv pe pie\u021bele din Europa, Marea Britanie sau SUA, unde consumatorii caut\u0103 materiale de calitate \u0219i modele elegante. De\u021binerea clickerului \u201cTiffany\u201d ofer\u0103 op\u021biuni pentru studiourile care caut\u0103 un inel cerc din titan de \u00eenalt\u0103 calitate, cu un finisaj lustruit \u0219i un pic de bling.<\/p>","protected":false},"excerpt":{"rendered":"<ul>\n<li>Inel clicker<\/li>\n<li>Material: Titan de calitate pentru implant F-136<\/li>\n<li>Diametru: 8mm<\/li>\n<li>Gauge: 16G<\/li>\n<li>Pietre pre\u021bioase: Zirconiu cubic<\/li>\n<\/ul>","protected":false},"featured_media":12777,"comment_status":"closed","ping_status":"closed","template":"","meta":{"_acf_changed":false},"product_brand":[],"product_cat":[341,340],"product_tag":[192,193,202,179,180,194,188,189,195,196,226,190,183,184,197,198],"class_list":{"0":"post-7794","1":"product","2":"type-product","3":"status-publish","4":"has-post-thumbnail","6":"product_cat-rings-titanium-jewelry","7":"product_cat-titanium-jewelry","8":"product_tag-anillo","9":"product_tag-argolla","10":"product_tag-clicker","11":"product_tag-cristal","12":"product_tag-cz","13":"product_tag-daith","14":"product_tag-ear","15":"product_tag-helix","16":"product_tag-hinged-ring","17":"product_tag-nariz","18":"product_tag-opal","19":"product_tag-oreja","20":"product_tag-perforacion","21":"product_tag-piercing","22":"product_tag-ring","23":"product_tag-septum","25":"first","26":"instock","27":"taxable","28":"shipping-taxable","29":"purchasable","30":"product-type-simple"},"acf":[],"gallery_images":[28526,28527],"_links":{"self":[{"href":"https:\/\/tremunpiercing.com\/ro\/wp-json\/wp\/v2\/product\/7794","targetHints":{"allow":["GET"]}}],"collection":[{"href":"https:\/\/tremunpiercing.com\/ro\/wp-json\/wp\/v2\/product"}],"about":[{"href":"https:\/\/tremunpiercing.com\/ro\/wp-json\/wp\/v2\/types\/product"}],"replies":[{"embeddable":true,"href":"https:\/\/tremunpiercing.com\/ro\/wp-json\/wp\/v2\/comments?post=7794"}],"version-history":[{"count":1,"href":"https:\/\/tremunpiercing.com\/ro\/wp-json\/wp\/v2\/product\/7794\/revisions"}],"predecessor-version":[{"id":28528,"href":"https:\/\/tremunpiercing.com\/ro\/wp-json\/wp\/v2\/product\/7794\/revisions\/28528"}],"wp:featuredmedia":[{"embeddable":true,"href":"https:\/\/tremunpiercing.com\/ro\/wp-json\/wp\/v2\/media\/12777"}],"wp:attachment":[{"href":"https:\/\/tremunpiercing.com\/ro\/wp-json\/wp\/v2\/media?parent=7794"}],"wp:term":[{"taxonomy":"product_brand","embeddable":true,"href":"https:\/\/tremunpiercing.com\/ro\/wp-json\/wp\/v2\/product_brand?post=7794"},{"taxonomy":"product_cat","embeddable":true,"href":"https:\/\/tremunpiercing.com\/ro\/wp-json\/wp\/v2\/product_cat?post=7794"},{"taxonomy":"product_tag","embeddable":true,"href":"https:\/\/tremunpiercing.com\/ro\/wp-json\/wp\/v2\/product_tag?post=7794"}],"curies":[{"name":"wp","href":"https:\/\/api.w.org\/{rel}","templated":true}]}}