{"id":8243,"date":"2023-11-16T16:19:02","date_gmt":"2023-11-16T15:19:02","guid":{"rendered":"https:\/\/tremunpiercing.com\/?post_type=product&#038;p=8243"},"modified":"2026-04-15T11:32:16","modified_gmt":"2026-04-15T10:32:16","slug":"svasti","status":"publish","type":"product","link":"https:\/\/tremunpiercing.com\/ro\/product\/svasti\/","title":{"rendered":"Svast\u00ec"},"content":{"rendered":"<p>Studul Svast\u00ec din aur galben de 14k redefine\u0219te bijuteriile de lux pentru piercing. Sistemul cu filet intern permite o plasare sigur\u0103 \u0219i o purtare confortabil\u0103, realizat cu g\u00e2ndul la piercerii profesioni\u0219ti, \u00een\u021beleg\u00e2nd nevoile de estetic\u0103 cu precizie. Disponibil \u00een 16G-14G cu un v\u00e2rf de 6 mm-8 mm, \u0219tiftul Svast\u00ec este o op\u021biune remarcabil\u0103 pentru piercinguri conice, lobare \u0219i plate, precum \u0219i o pies\u0103 accesorie \u00een nas sau buz\u0103.<\/p>\n<p>Culoarea galben\u0103 bogat\u0103, combinat\u0103 cu o suprafa\u021b\u0103 perfect lustruit\u0103, creeaz\u0103 o pies\u0103 elegant\u0103 care transcende timpul \u0219i se potrive\u0219te incredibil de bine \u00een orice colec\u021bie de bijuterii. Creat\u0103 cu cele mai \u00eenalte standarde de siguran\u021b\u0103 \u0219i stil, colec\u021bia Svast\u00ec este destinat\u0103 studiourilor care se adreseaz\u0103 clien\u021bilor care caut\u0103 bijuterii pentru corp rafinate \u0219i durabile.<\/p>","protected":false},"excerpt":{"rendered":"<ul>\n<li>Filetat intern<\/li>\n<li>Material: Aur galben 14k<\/li>\n<li>Grosime: 16G - 14G<\/li>\n<li>Dimensiune: 6mm - 8mm<\/li>\n<\/ul>","protected":false},"featured_media":12521,"comment_status":"closed","ping_status":"closed","template":"","meta":{"_acf_changed":false},"product_brand":[],"product_cat":[337,463,400],"product_tag":[187,188,189,205,206,212,190,183,213,184,207],"class_list":{"0":"post-8243","1":"product","2":"type-product","3":"status-publish","4":"has-post-thumbnail","6":"product_cat-gold-jewelry","7":"product_cat-tops-gold-tremun","8":"product_cat-tremun","9":"product_tag-conch","10":"product_tag-ear","11":"product_tag-helix","12":"product_tag-lobe","13":"product_tag-lobulo","14":"product_tag-medusa","15":"product_tag-oreja","16":"product_tag-perforacion","17":"product_tag-philtrum","18":"product_tag-piercing","19":"product_tag-tragus","21":"first","22":"instock","23":"taxable","24":"shipping-taxable","25":"purchasable","26":"product-type-variable"},"acf":[],"gallery_images":[29716,29715],"_links":{"self":[{"href":"https:\/\/tremunpiercing.com\/ro\/wp-json\/wp\/v2\/product\/8243","targetHints":{"allow":["GET"]}}],"collection":[{"href":"https:\/\/tremunpiercing.com\/ro\/wp-json\/wp\/v2\/product"}],"about":[{"href":"https:\/\/tremunpiercing.com\/ro\/wp-json\/wp\/v2\/types\/product"}],"replies":[{"embeddable":true,"href":"https:\/\/tremunpiercing.com\/ro\/wp-json\/wp\/v2\/comments?post=8243"}],"version-history":[{"count":1,"href":"https:\/\/tremunpiercing.com\/ro\/wp-json\/wp\/v2\/product\/8243\/revisions"}],"predecessor-version":[{"id":29718,"href":"https:\/\/tremunpiercing.com\/ro\/wp-json\/wp\/v2\/product\/8243\/revisions\/29718"}],"wp:featuredmedia":[{"embeddable":true,"href":"https:\/\/tremunpiercing.com\/ro\/wp-json\/wp\/v2\/media\/12521"}],"wp:attachment":[{"href":"https:\/\/tremunpiercing.com\/ro\/wp-json\/wp\/v2\/media?parent=8243"}],"wp:term":[{"taxonomy":"product_brand","embeddable":true,"href":"https:\/\/tremunpiercing.com\/ro\/wp-json\/wp\/v2\/product_brand?post=8243"},{"taxonomy":"product_cat","embeddable":true,"href":"https:\/\/tremunpiercing.com\/ro\/wp-json\/wp\/v2\/product_cat?post=8243"},{"taxonomy":"product_tag","embeddable":true,"href":"https:\/\/tremunpiercing.com\/ro\/wp-json\/wp\/v2\/product_tag?post=8243"}],"curies":[{"name":"wp","href":"https:\/\/api.w.org\/{rel}","templated":true}]}}