{"id":8587,"date":"2023-12-07T18:41:15","date_gmt":"2023-12-07T17:41:15","guid":{"rendered":"https:\/\/tremunpiercing.com\/?post_type=product&#038;p=8587"},"modified":"2026-04-15T10:38:00","modified_gmt":"2026-04-15T09:38:00","slug":"olimpia-white-gold","status":"publish","type":"product","link":"https:\/\/tremunpiercing.com\/ro\/product\/olimpia-white-gold\/","title":{"rendered":"Olimpia aur alb"},"content":{"rendered":"<p>Topul Olimpia din aur alb este \u00eentruchiparea simplit\u0103\u021bii elegante, cu o aten\u021bie deosebit\u0103 la me\u0219te\u0219ugul bijuteriilor fine. Suprafa\u021ba delicat\u0103 este realizat\u0103 din aur alb adev\u0103rat de 14k \u0219i permite filetarea intern\u0103 pentru siguran\u021b\u0103 \u0219i confort. Cu o dimensiune m\u0103surat\u0103 de 4\u00d79 mm, aceast\u0103 pies\u0103 este conceput\u0103 elegant pentru piercing-uri helix, conch \u0219i urechea superioar\u0103, unde se prefer\u0103 elegan\u021ba minim\u0103.<\/p>\n<p>Finisajul neted cu o lustruire premium face acest top potrivit pentru clien\u021bii care caut\u0103 piese elegante pentru purtarea zilnic\u0103 a bijuteriilor. Acest top va func\u021biona cu filet interior 14G pentru confort \u0219i o potrivire \u0219i o senza\u021bie profesional\u0103. Olimpia White Gold este creat pentru profesioni\u0219tii din domeniul piercingului \u0219i comercian\u021bii cu am\u0103nuntul de bijuterii premium, reprezent\u00e2nd echilibrul perfect \u00eentre durabilitate, biocompatibilitate \u0219i bijuterii de lux, potrivite pentru clien\u021bii interesa\u021bi de frumuse\u021bea subtil\u0103 \u0219i atemporal\u0103.<\/p>","protected":false},"excerpt":{"rendered":"<ul>\n<li>Filetat intern<\/li>\n<li>Material: Aur alb 14k<\/li>\n<li>Gauge: 14G<\/li>\n<li>Dimensiune: 4mm x 9mm<\/li>\n<\/ul>","protected":false},"featured_media":18605,"comment_status":"closed","ping_status":"closed","template":"","meta":{"_acf_changed":false},"product_brand":[],"product_cat":[337,463,400],"product_tag":[187,188,189,205,206,212,190,183,213,184,207],"class_list":{"0":"post-8587","1":"product","2":"type-product","3":"status-publish","4":"has-post-thumbnail","6":"product_cat-gold-jewelry","7":"product_cat-tops-gold-tremun","8":"product_cat-tremun","9":"product_tag-conch","10":"product_tag-ear","11":"product_tag-helix","12":"product_tag-lobe","13":"product_tag-lobulo","14":"product_tag-medusa","15":"product_tag-oreja","16":"product_tag-perforacion","17":"product_tag-philtrum","18":"product_tag-piercing","19":"product_tag-tragus","21":"first","22":"instock","23":"taxable","24":"shipping-taxable","25":"purchasable","26":"product-type-simple"},"acf":[],"gallery_images":[29688,29689],"_links":{"self":[{"href":"https:\/\/tremunpiercing.com\/ro\/wp-json\/wp\/v2\/product\/8587","targetHints":{"allow":["GET"]}}],"collection":[{"href":"https:\/\/tremunpiercing.com\/ro\/wp-json\/wp\/v2\/product"}],"about":[{"href":"https:\/\/tremunpiercing.com\/ro\/wp-json\/wp\/v2\/types\/product"}],"replies":[{"embeddable":true,"href":"https:\/\/tremunpiercing.com\/ro\/wp-json\/wp\/v2\/comments?post=8587"}],"version-history":[{"count":1,"href":"https:\/\/tremunpiercing.com\/ro\/wp-json\/wp\/v2\/product\/8587\/revisions"}],"predecessor-version":[{"id":29690,"href":"https:\/\/tremunpiercing.com\/ro\/wp-json\/wp\/v2\/product\/8587\/revisions\/29690"}],"wp:featuredmedia":[{"embeddable":true,"href":"https:\/\/tremunpiercing.com\/ro\/wp-json\/wp\/v2\/media\/18605"}],"wp:attachment":[{"href":"https:\/\/tremunpiercing.com\/ro\/wp-json\/wp\/v2\/media?parent=8587"}],"wp:term":[{"taxonomy":"product_brand","embeddable":true,"href":"https:\/\/tremunpiercing.com\/ro\/wp-json\/wp\/v2\/product_brand?post=8587"},{"taxonomy":"product_cat","embeddable":true,"href":"https:\/\/tremunpiercing.com\/ro\/wp-json\/wp\/v2\/product_cat?post=8587"},{"taxonomy":"product_tag","embeddable":true,"href":"https:\/\/tremunpiercing.com\/ro\/wp-json\/wp\/v2\/product_tag?post=8587"}],"curies":[{"name":"wp","href":"https:\/\/api.w.org\/{rel}","templated":true}]}}