{"id":9087,"date":"2024-03-12T15:16:21","date_gmt":"2024-03-12T14:16:21","guid":{"rendered":"https:\/\/tremunpiercing.com\/?post_type=product&#038;p=9087"},"modified":"2026-02-14T13:46:38","modified_gmt":"2026-02-14T12:46:38","slug":"pear-chevron","status":"publish","type":"product","link":"https:\/\/tremunpiercing.com\/ro\/product\/pear-chevron\/","title":{"rendered":"Pear Prong"},"content":{"rendered":"<p>Delicat\u0103 \u0219i str\u0103lucitoare, piesa Pear Prong de la Shanga Jewellery este o pies\u0103 clasic\u0103 din aur galben de 18k cu un zirconiu cubic impecabil \u0219i un design tradi\u021bional cu t\u0103ietur\u0103 \u00een form\u0103 de par\u0103. Duo-ul t\u0103iat \u00een form\u0103 de par\u0103 este disponibil \u00een dou\u0103 dimensiuni, concepute pentru varietate atunci c\u00e2nd se creeaz\u0103 un aspect diferit cu piercing-uri. Poate g\u0103zdui monturi labret f\u0103r\u0103 fir, fie 16G, fie 14G, \u0219i poate fi purtat oriunde dori\u021bi un pic de elegan\u021b\u0103, fie c\u0103 este vorba de piercing-uri pentru lobi, helix sau piercing-uri mai plate; ofer\u0103 un pic de str\u0103lucire oriunde, \u00een orice orientare.<\/p>\n<p>Mecanismul pushpin este stabil cu o u\u0219oar\u0103 \u00eempingere \u0219i permite piercerului s\u0103 plaseze prongul pentru o plasare precis\u0103, permi\u021b\u00e2nd \u00een acela\u0219i timp confortul \u0219i luxul clien\u021bilor pentru o perioad\u0103 lung\u0103 de timp. Fiecare piatr\u0103 pre\u021bioas\u0103 este montat\u0103 manual pentru a scoate \u00een eviden\u021b\u0103 str\u0103lucirea pietrei cu o baz\u0103 de aur pentru a men\u021bine str\u0103lucirea ve\u0219nic\u0103. Pear Prong este o op\u021biune fantastic\u0103 pentru studiourile sau comercian\u021bii cu am\u0103nuntul care apreciaz\u0103 op\u021biunile de \u00eenfrumuse\u021bare necomplicate cu calitatea artizanal\u0103 ad\u0103ugat\u0103 \u0219i se va eviden\u021bia \u00een cadrul oric\u0103rei colec\u021bii.<\/p>","protected":false},"excerpt":{"rendered":"<ul>\n<li>Top f\u0103r\u0103 filet - pin inoxidabil 25ga<\/li>\n<li>Material: Aur galben 18k<\/li>\n<li>Gem\u0103: Zirconiu cubic<\/li>\n<li>Compatibil cu st\u00e2lpi labret f\u0103r\u0103 filet 16G \u0219i 14G<\/li>\n<li>Dimensiuni: Mare 3,2mm x 5,7mm - Mic 2,3mm x 4,6mm<\/li>\n<li>Brand: Shanga Bijuterii<\/li>\n<\/ul>","protected":false},"featured_media":10173,"comment_status":"closed","ping_status":"closed","template":"","meta":{"_acf_changed":false},"product_brand":[],"product_cat":[337,398],"product_tag":[187,188,189,205,206,212,190,183,213,184,207],"class_list":{"0":"post-9087","1":"product","2":"type-product","3":"status-publish","4":"has-post-thumbnail","6":"product_cat-gold-jewelry","7":"product_cat-shanga","8":"product_tag-conch","9":"product_tag-ear","10":"product_tag-helix","11":"product_tag-lobe","12":"product_tag-lobulo","13":"product_tag-medusa","14":"product_tag-oreja","15":"product_tag-perforacion","16":"product_tag-philtrum","17":"product_tag-piercing","18":"product_tag-tragus","20":"first","21":"instock","22":"taxable","23":"shipping-taxable","24":"product-type-variable"},"acf":[],"gallery_images":[],"_links":{"self":[{"href":"https:\/\/tremunpiercing.com\/ro\/wp-json\/wp\/v2\/product\/9087","targetHints":{"allow":["GET"]}}],"collection":[{"href":"https:\/\/tremunpiercing.com\/ro\/wp-json\/wp\/v2\/product"}],"about":[{"href":"https:\/\/tremunpiercing.com\/ro\/wp-json\/wp\/v2\/types\/product"}],"replies":[{"embeddable":true,"href":"https:\/\/tremunpiercing.com\/ro\/wp-json\/wp\/v2\/comments?post=9087"}],"version-history":[{"count":0,"href":"https:\/\/tremunpiercing.com\/ro\/wp-json\/wp\/v2\/product\/9087\/revisions"}],"wp:featuredmedia":[{"embeddable":true,"href":"https:\/\/tremunpiercing.com\/ro\/wp-json\/wp\/v2\/media\/10173"}],"wp:attachment":[{"href":"https:\/\/tremunpiercing.com\/ro\/wp-json\/wp\/v2\/media?parent=9087"}],"wp:term":[{"taxonomy":"product_brand","embeddable":true,"href":"https:\/\/tremunpiercing.com\/ro\/wp-json\/wp\/v2\/product_brand?post=9087"},{"taxonomy":"product_cat","embeddable":true,"href":"https:\/\/tremunpiercing.com\/ro\/wp-json\/wp\/v2\/product_cat?post=9087"},{"taxonomy":"product_tag","embeddable":true,"href":"https:\/\/tremunpiercing.com\/ro\/wp-json\/wp\/v2\/product_tag?post=9087"}],"curies":[{"name":"wp","href":"https:\/\/api.w.org\/{rel}","templated":true}]}}