{"id":9123,"date":"2024-03-12T20:56:29","date_gmt":"2024-03-12T19:56:29","guid":{"rendered":"https:\/\/tremunpiercing.com\/?post_type=product&#038;p=9123"},"modified":"2026-04-14T14:09:25","modified_gmt":"2026-04-14T13:09:25","slug":"alisea-1-yellow-gold","status":"publish","type":"product","link":"https:\/\/tremunpiercing.com\/ro\/product\/alisea-1-yellow-gold\/","title":{"rendered":"Alisea 1 Yellow Gold"},"content":{"rendered":"<p>The Alisea 1 by Shanga Jewellery symbolizes modern luxury through its effortless balance of design and sparkle. Crafted from 18k yellow gold, this threadless push-pin top has stunning cubic zirconia stones set in a delicate small-to-large gradient. The smooth polished finish provides comfort while the threadless system keeps the piece secure and easy to wear on both 16G and 14G threadless labret posts.<\/p>\n<p>Suitable for piercers who wish to achieve therapeutic precision and quality with jewelry, Alisea 1, is a luxurious addition to any curated jewelry collection. Perfect for ear stacks, helix and conch piercings, it adds a level of timeless shine and craftsmanship, and guarantees your clients will love their piercing!<\/p>","protected":false},"excerpt":{"rendered":"<ul>\n<li>F\u0103r\u0103 filet - Push pin top<\/li>\n<li>Material: Aur galben 18k<\/li>\n<li>Gem\u0103: Zirconiu cubic<\/li>\n<li>Compatibil cu st\u00e2lpi labret f\u0103r\u0103 filet 16G \u0219i 14G<\/li>\n<li>M\u0103rime: Mare - Mic<\/li>\n<li>Brand: Shanga Bijuterii<\/li>\n<\/ul>","protected":false},"featured_media":9126,"comment_status":"closed","ping_status":"closed","template":"","meta":{"_acf_changed":false},"product_brand":[],"product_cat":[337,398],"product_tag":[187,188,189,205,206,212,190,183,213,184,207],"class_list":{"0":"post-9123","1":"product","2":"type-product","3":"status-publish","4":"has-post-thumbnail","6":"product_cat-gold-jewelry","7":"product_cat-shanga","8":"product_tag-conch","9":"product_tag-ear","10":"product_tag-helix","11":"product_tag-lobe","12":"product_tag-lobulo","13":"product_tag-medusa","14":"product_tag-oreja","15":"product_tag-perforacion","16":"product_tag-philtrum","17":"product_tag-piercing","18":"product_tag-tragus","20":"first","21":"instock","22":"taxable","23":"shipping-taxable","24":"purchasable","25":"product-type-variable"},"acf":[],"gallery_images":[29656,29657],"_links":{"self":[{"href":"https:\/\/tremunpiercing.com\/ro\/wp-json\/wp\/v2\/product\/9123","targetHints":{"allow":["GET"]}}],"collection":[{"href":"https:\/\/tremunpiercing.com\/ro\/wp-json\/wp\/v2\/product"}],"about":[{"href":"https:\/\/tremunpiercing.com\/ro\/wp-json\/wp\/v2\/types\/product"}],"replies":[{"embeddable":true,"href":"https:\/\/tremunpiercing.com\/ro\/wp-json\/wp\/v2\/comments?post=9123"}],"version-history":[{"count":1,"href":"https:\/\/tremunpiercing.com\/ro\/wp-json\/wp\/v2\/product\/9123\/revisions"}],"predecessor-version":[{"id":28968,"href":"https:\/\/tremunpiercing.com\/ro\/wp-json\/wp\/v2\/product\/9123\/revisions\/28968"}],"wp:featuredmedia":[{"embeddable":true,"href":"https:\/\/tremunpiercing.com\/ro\/wp-json\/wp\/v2\/media\/9126"}],"wp:attachment":[{"href":"https:\/\/tremunpiercing.com\/ro\/wp-json\/wp\/v2\/media?parent=9123"}],"wp:term":[{"taxonomy":"product_brand","embeddable":true,"href":"https:\/\/tremunpiercing.com\/ro\/wp-json\/wp\/v2\/product_brand?post=9123"},{"taxonomy":"product_cat","embeddable":true,"href":"https:\/\/tremunpiercing.com\/ro\/wp-json\/wp\/v2\/product_cat?post=9123"},{"taxonomy":"product_tag","embeddable":true,"href":"https:\/\/tremunpiercing.com\/ro\/wp-json\/wp\/v2\/product_tag?post=9123"}],"curies":[{"name":"wp","href":"https:\/\/api.w.org\/{rel}","templated":true}]}}