{"id":9184,"date":"2024-03-13T17:18:55","date_gmt":"2024-03-13T16:18:55","guid":{"rendered":"https:\/\/tremunpiercing.com\/?post_type=product&#038;p=9184"},"modified":"2026-04-14T13:59:00","modified_gmt":"2026-04-14T12:59:00","slug":"marquise-tetris","status":"publish","type":"product","link":"https:\/\/tremunpiercing.com\/ro\/product\/marquise-tetris\/","title":{"rendered":"Marquise Tetris"},"content":{"rendered":"<p>Modelul Marquise Tetris Threaded Top de la Shanga Jewellery permite designului geometric s\u0103 g\u0103seasc\u0103 armonia cu str\u0103lucirea atr\u0103g\u0103toare! Realizat din aur galben de 18k, cu zirconiu cubic t\u0103iat marquis, acest top unic stivuit este proiectat s\u0103 se potriveasc\u0103 confortabil oric\u0103rui piercing helix, conch sau plat din colec\u021bia dvs. de bijuterii pentru corp.<\/p>\n<p>Proiectat pentru filetare intern\u0103 14G, acest top premium este conceput pentru a fi stabil \u0219i confortabil, men\u021bin\u00e2nd \u00een acela\u0219i timp str\u0103lucirea. Finisajul lustruit \u0219i simetria geometric\u0103 \u00eei confer\u0103 un aspect modern, permi\u021b\u00e2ndu-i \u00een acela\u0219i timp s\u0103 ias\u0103 \u00een eviden\u021b\u0103 printre alte piercing-uri. Fiecare bijuterie este fixat\u0103 \u00eentr-un mod care maximizeaz\u0103 str\u0103lucirea, care devine mai evident\u0103 \u00een ureche. Acest top \u00eenc\u00e2nt\u0103tor este cea mai bun\u0103 completare pentru un studio care dore\u0219te s\u0103 ridice calitatea selec\u021biilor sale de topuri, purt\u00e2nd \u00een acela\u0219i timp bijuterii din aur cu un design unic, care fac s\u0103 se \u00eentoarc\u0103 capetele.<\/p>","protected":false},"excerpt":{"rendered":"<ul>\n<li>Partea superioar\u0103 filetat\u0103<\/li>\n<li>Material: Aur galben 18k<\/li>\n<li>Gem\u0103: Zirconiu cubic<\/li>\n<li>Grosime: 14G - 1.6mm<\/li>\n<li>Compatibil cu st\u00e2lpii labret cu filet interior 14G<\/li>\n<li>Brand: Shanga Bijuterii<\/li>\n<\/ul>","protected":false},"featured_media":13277,"comment_status":"closed","ping_status":"closed","template":"","meta":{"_acf_changed":false},"product_brand":[],"product_cat":[337,398],"product_tag":[187,188,189,205,206,212,190,183,213,184,207],"class_list":{"0":"post-9184","1":"product","2":"type-product","3":"status-publish","4":"has-post-thumbnail","6":"product_cat-gold-jewelry","7":"product_cat-shanga","8":"product_tag-conch","9":"product_tag-ear","10":"product_tag-helix","11":"product_tag-lobe","12":"product_tag-lobulo","13":"product_tag-medusa","14":"product_tag-oreja","15":"product_tag-perforacion","16":"product_tag-philtrum","17":"product_tag-piercing","18":"product_tag-tragus","20":"first","21":"instock","22":"taxable","23":"shipping-taxable","24":"purchasable","25":"product-type-simple"},"acf":[],"gallery_images":[29650,29649],"_links":{"self":[{"href":"https:\/\/tremunpiercing.com\/ro\/wp-json\/wp\/v2\/product\/9184","targetHints":{"allow":["GET"]}}],"collection":[{"href":"https:\/\/tremunpiercing.com\/ro\/wp-json\/wp\/v2\/product"}],"about":[{"href":"https:\/\/tremunpiercing.com\/ro\/wp-json\/wp\/v2\/types\/product"}],"replies":[{"embeddable":true,"href":"https:\/\/tremunpiercing.com\/ro\/wp-json\/wp\/v2\/comments?post=9184"}],"version-history":[{"count":2,"href":"https:\/\/tremunpiercing.com\/ro\/wp-json\/wp\/v2\/product\/9184\/revisions"}],"predecessor-version":[{"id":29652,"href":"https:\/\/tremunpiercing.com\/ro\/wp-json\/wp\/v2\/product\/9184\/revisions\/29652"}],"wp:featuredmedia":[{"embeddable":true,"href":"https:\/\/tremunpiercing.com\/ro\/wp-json\/wp\/v2\/media\/13277"}],"wp:attachment":[{"href":"https:\/\/tremunpiercing.com\/ro\/wp-json\/wp\/v2\/media?parent=9184"}],"wp:term":[{"taxonomy":"product_brand","embeddable":true,"href":"https:\/\/tremunpiercing.com\/ro\/wp-json\/wp\/v2\/product_brand?post=9184"},{"taxonomy":"product_cat","embeddable":true,"href":"https:\/\/tremunpiercing.com\/ro\/wp-json\/wp\/v2\/product_cat?post=9184"},{"taxonomy":"product_tag","embeddable":true,"href":"https:\/\/tremunpiercing.com\/ro\/wp-json\/wp\/v2\/product_tag?post=9184"}],"curies":[{"name":"wp","href":"https:\/\/api.w.org\/{rel}","templated":true}]}}