{"id":9194,"date":"2024-03-13T18:56:14","date_gmt":"2024-03-13T17:56:14","guid":{"rendered":"https:\/\/tremunpiercing.com\/?post_type=product&#038;p=9194"},"modified":"2026-04-20T10:14:14","modified_gmt":"2026-04-20T09:14:14","slug":"threadless-prong-set","status":"publish","type":"product","link":"https:\/\/tremunpiercing.com\/ro\/product\/threadless-prong-set\/","title":{"rendered":"Set de v\u00e2rfuri f\u0103r\u0103 filet"},"content":{"rendered":"<p>Setul Threadless Prong de la Shanga Jewellery prezint\u0103 o frumuse\u021be atemporal\u0103 oferit\u0103 \u00een aur galben de 18k sau aur alb de 18k. Setarea cu prong utilizeaz\u0103 un sistem securizat push-pin care se potrive\u0219te fie cu tije de labret f\u0103r\u0103 filet de 16G sau 14G, f\u0103c\u00e2ndu-l perfect pentru piercerii profesioni\u0219ti \u0219i comercian\u021bii de bijuterii deopotriv\u0103. Setul Threadless Prong este oferit cu o gam\u0103 de pietre pre\u021bioase de dimensiuni cuprinse \u00eentre 2 mm \u0219i 3 mm.<\/p>\n<p>Claritatea \u0219i str\u0103lucirea acestor pietre pre\u021bioase sunt asigurate de zirconiul cubic de \u00eenalt\u0103 calitate, ceea ce le face o potrivire perfect\u0103 pentru orice piercing. Set\u0103rile cu prong permit reflectarea luminii \u00een cea mai mare m\u0103sur\u0103, astfel \u00eenc\u00e2t fiecare bijuterie s\u0103 str\u0103luceasc\u0103 \u0219i s\u0103 str\u0103luceasc\u0103 cu claritate \u0219i frumuse\u021be pentru purt\u0103tor.<\/p>\n<p>Setul Threadless Prong este construit pentru precizie \u0219i confort rafinate \u0219i este ideal pentru piercinguri noi \u0219i vindecate. Setul Threadless Prong este preferat pentru durabilitatea sa, configurarea simpl\u0103 \u0219i finisajul superior \u0219i este suficient de versatil pentru piercinguri la n\u0103ri, urechi sau buze.<\/p>","protected":false},"excerpt":{"rendered":"<ul>\n<li>F\u0103r\u0103 filet - Push pin top<\/li>\n<li>Material: Aur galben 18k - Aur alb 18k<\/li>\n<li>Gem\u0103: Zirconiu cubic<\/li>\n<li>Compatibil cu st\u00e2lpi labret f\u0103r\u0103 filet 16G \u0219i 14G<\/li>\n<li>Dimensiuni: 2mm - 2,5mm - 3mm<\/li>\n<li>Brand: Shanga Bijuterii<\/li>\n<\/ul>","protected":false},"featured_media":12802,"comment_status":"closed","ping_status":"closed","template":"","meta":{"_acf_changed":false},"product_brand":[],"product_cat":[337,398],"product_tag":[187,188,189,205,206,212,190,183,213,184,207],"class_list":{"0":"post-9194","1":"product","2":"type-product","3":"status-publish","4":"has-post-thumbnail","6":"product_cat-gold-jewelry","7":"product_cat-shanga","8":"product_tag-conch","9":"product_tag-ear","10":"product_tag-helix","11":"product_tag-lobe","12":"product_tag-lobulo","13":"product_tag-medusa","14":"product_tag-oreja","15":"product_tag-perforacion","16":"product_tag-philtrum","17":"product_tag-piercing","18":"product_tag-tragus","20":"first","21":"instock","22":"taxable","23":"shipping-taxable","24":"purchasable","25":"product-type-variable"},"acf":[],"gallery_images":[12801,12942,12943],"_links":{"self":[{"href":"https:\/\/tremunpiercing.com\/ro\/wp-json\/wp\/v2\/product\/9194","targetHints":{"allow":["GET"]}}],"collection":[{"href":"https:\/\/tremunpiercing.com\/ro\/wp-json\/wp\/v2\/product"}],"about":[{"href":"https:\/\/tremunpiercing.com\/ro\/wp-json\/wp\/v2\/types\/product"}],"replies":[{"embeddable":true,"href":"https:\/\/tremunpiercing.com\/ro\/wp-json\/wp\/v2\/comments?post=9194"}],"version-history":[{"count":0,"href":"https:\/\/tremunpiercing.com\/ro\/wp-json\/wp\/v2\/product\/9194\/revisions"}],"wp:featuredmedia":[{"embeddable":true,"href":"https:\/\/tremunpiercing.com\/ro\/wp-json\/wp\/v2\/media\/12802"}],"wp:attachment":[{"href":"https:\/\/tremunpiercing.com\/ro\/wp-json\/wp\/v2\/media?parent=9194"}],"wp:term":[{"taxonomy":"product_brand","embeddable":true,"href":"https:\/\/tremunpiercing.com\/ro\/wp-json\/wp\/v2\/product_brand?post=9194"},{"taxonomy":"product_cat","embeddable":true,"href":"https:\/\/tremunpiercing.com\/ro\/wp-json\/wp\/v2\/product_cat?post=9194"},{"taxonomy":"product_tag","embeddable":true,"href":"https:\/\/tremunpiercing.com\/ro\/wp-json\/wp\/v2\/product_tag?post=9194"}],"curies":[{"name":"wp","href":"https:\/\/api.w.org\/{rel}","templated":true}]}}