{"id":10119,"date":"2024-08-21T19:10:34","date_gmt":"2024-08-21T18:10:34","guid":{"rendered":"https:\/\/tremunpiercing.com\/?post_type=product&#038;p=10119"},"modified":"2025-12-04T14:10:24","modified_gmt":"2025-12-04T13:10:24","slug":"square-alisea-1","status":"publish","type":"product","link":"https:\/\/tremunpiercing.com\/sk\/product\/square-alisea-1\/","title":{"rendered":"N\u00e1mestie Alisea 1"},"content":{"rendered":"<p>\u0160tvorcov\u00fd n\u00e1ramok Alisea 1 od spolo\u010dnosti Shanga Jewellery je dokonalou kombin\u00e1ciou luxusu a praktickosti pre va\u0161ich ob\u013e\u00faben\u00fdch profesion\u00e1lov v oblasti piercingu. Tento bezvl\u00e1knov\u00fd push-pin je vyroben\u00fd z mas\u00edvneho 18-kar\u00e1tov\u00e9ho \u017elt\u00e9ho zlata a v jeho strede sa nach\u00e1dza \u017eiariv\u00fd zirk\u00f3n, ktor\u00fd p\u00f4sob\u00ed \u010dist\u00fdm a decentn\u00fdm dojmom. \u0160tvorcov\u00fd Alisea 1, ktor\u00fd je kompatibiln\u00fd s bezz\u00e1vitov\u00fdmi kol\u00edkmi 16G a 14G, pon\u00faka piercerom jednoduch\u00fa kompatibilitu a pohodln\u00e9 nosenie pri zabezpe\u010den\u00ed \u0161perku na mieste.<\/p>\n<p>\u0160tvorec Alisea 1 je k dispoz\u00edcii vo ve\u013ek\u00fdch a mal\u00fdch ve\u013ekostn\u00fdch variantoch pre va\u0161ich klientov, ktor\u00ed maj\u00fa radi mo\u017enos\u0165 volania podhodnoten\u00e9 a viac v\u0161etko s vyhl\u00e1sen\u00edm vzh\u013eadu pon\u00faknu\u0165 na\u0161im z\u00e1kazn\u00edkom. Tento \u0161perk m\u00f4\u017ee by\u0165 na mieste pre \u00favodn\u00e9 piercingy a na ka\u017edodenn\u00e9 nosenie. Ako piercingov\u00fd \u0161perk m\u00e1 plusy v tom, \u017ee je \u013eahk\u00fd, ale aj odoln\u00fd na dlhodob\u00e9 nosenie a je navrhnut\u00fd s nad\u010dasov\u00fdm \u0161tvorcov\u00fdm oto\u010den\u00fdm vzh\u013eadom pre klientov, ktor\u00ed h\u013eadaj\u00fa minimalistick\u00fd luxus.<\/p>\n<p>\u0160tvorcov\u00e1 Alisea 1 je skvel\u00fd k\u00fasok pre piercingov\u00e9 \u0161t\u00fadio, tetovacie centrum alebo ve\u013ekoobchod. Square Alisea 1 je skvel\u00fdm predstavite\u013eom kvality a remeseln\u00e9ho spracovania, ako aj modern\u00e9ho dizajnu v l\u00ednii od spolo\u010dnosti Shanga. Z\u00e1sobou Square Alisea 1, modernou zaru\u010d\u00edte, \u017ee va\u0161i klienti bud\u00fa ma\u0165 pr\u00edstup k piercingov\u00fdm \u0161perkom pr\u00e9miovej kvality na ka\u017edodenn\u00e9 nosenie a pr\u00edle\u017eitostn\u00fd kur\u00e1torsk\u00fd \u0161t\u00fdl do priestoru ucha.<\/p>","protected":false},"excerpt":{"rendered":"<ul>\n<li>Bez z\u00e1vitu - Push pin top<\/li>\n<li>Materi\u00e1l: \u017dlt\u00e9 zlato 18k, nerezov\u00fd kol\u00edk<\/li>\n<li>Drahokam: Kubick\u00fd zirk\u00f3n<\/li>\n<li>Kompatibiln\u00fd s bezz\u00e1vitov\u00fdmi st\u013apikmi 16G a 14G<\/li>\n<li>Ve\u013ekos\u0165: Ve\u013ek\u00fd - mal\u00fd<\/li>\n<li>Zna\u010dka: Shanga Jewellery<\/li>\n<\/ul>","protected":false},"featured_media":10122,"comment_status":"closed","ping_status":"closed","template":"","meta":{"_acf_changed":false},"product_brand":[],"product_cat":[337,398],"product_tag":[187,188,189,205,206,212,190,183,213,184,207],"class_list":{"0":"post-10119","1":"product","2":"type-product","3":"status-publish","4":"has-post-thumbnail","6":"product_cat-gold-jewelry","7":"product_cat-shanga","8":"product_tag-conch","9":"product_tag-ear","10":"product_tag-helix","11":"product_tag-lobe","12":"product_tag-lobulo","13":"product_tag-medusa","14":"product_tag-oreja","15":"product_tag-perforacion","16":"product_tag-philtrum","17":"product_tag-piercing","18":"product_tag-tragus","20":"first","21":"instock","22":"taxable","23":"shipping-taxable","24":"product-type-variable"},"acf":[],"gallery_images":[],"_links":{"self":[{"href":"https:\/\/tremunpiercing.com\/sk\/wp-json\/wp\/v2\/product\/10119","targetHints":{"allow":["GET"]}}],"collection":[{"href":"https:\/\/tremunpiercing.com\/sk\/wp-json\/wp\/v2\/product"}],"about":[{"href":"https:\/\/tremunpiercing.com\/sk\/wp-json\/wp\/v2\/types\/product"}],"replies":[{"embeddable":true,"href":"https:\/\/tremunpiercing.com\/sk\/wp-json\/wp\/v2\/comments?post=10119"}],"version-history":[{"count":0,"href":"https:\/\/tremunpiercing.com\/sk\/wp-json\/wp\/v2\/product\/10119\/revisions"}],"wp:featuredmedia":[{"embeddable":true,"href":"https:\/\/tremunpiercing.com\/sk\/wp-json\/wp\/v2\/media\/10122"}],"wp:attachment":[{"href":"https:\/\/tremunpiercing.com\/sk\/wp-json\/wp\/v2\/media?parent=10119"}],"wp:term":[{"taxonomy":"product_brand","embeddable":true,"href":"https:\/\/tremunpiercing.com\/sk\/wp-json\/wp\/v2\/product_brand?post=10119"},{"taxonomy":"product_cat","embeddable":true,"href":"https:\/\/tremunpiercing.com\/sk\/wp-json\/wp\/v2\/product_cat?post=10119"},{"taxonomy":"product_tag","embeddable":true,"href":"https:\/\/tremunpiercing.com\/sk\/wp-json\/wp\/v2\/product_tag?post=10119"}],"curies":[{"name":"wp","href":"https:\/\/api.w.org\/{rel}","templated":true}]}}