{"id":10123,"date":"2024-08-21T19:15:40","date_gmt":"2024-08-21T18:15:40","guid":{"rendered":"https:\/\/tremunpiercing.com\/?post_type=product&#038;p=10123"},"modified":"2025-12-04T14:14:35","modified_gmt":"2025-12-04T13:14:35","slug":"square-alisea-2","status":"publish","type":"product","link":"https:\/\/tremunpiercing.com\/sk\/product\/square-alisea-2\/","title":{"rendered":"N\u00e1mestie Alisea 2"},"content":{"rendered":"<p>\u0160perk Shanga Square Alisea 2 je elegantnou vo\u013ebou na roz\u0161\u00edrenie va\u0161ej profesion\u00e1lnej zbierky piercingov. Tento vrchn\u00fd push-pin bez z\u00e1vitu je vyroben\u00fd z 18-kar\u00e1tov\u00e9ho \u017elt\u00e9ho zlata, tak\u017ee viete, \u017ee pou\u017e\u00edvate t\u00fa najlep\u0161iu kvalitu v \u0161pi\u010dkov\u00fdch piercingov\u00fdch \u0161t\u00fadi\u00e1ch a obchodoch. \u0160tvorcov\u00fd br\u00fasen\u00fd zirk\u00f3n dobre odr\u00e1\u017ea svetlo a poskytuje nad\u010dasov\u00fd lesk pre z\u00e1kazn\u00edkov, ktor\u00ed t\u00fa\u017eia po jemn\u00fdch \u0161perkoch. Tento \u0161tvorcov\u00fd Alisea 2 sa hod\u00ed aj na bezz\u00e1vitov\u00e9 labretov\u00e9 kol\u00edky 16G a 14G, v\u010faka \u010domu ho m\u00f4\u017eete pou\u017ei\u0165 na \u0161irok\u00fa \u0161k\u00e1lu piercingov, ako je helix, tragus a pery.<\/p>\n<p>Vrchn\u00e1k sa dod\u00e1va vo ve\u013ek\u00fdch a mal\u00fdch ve\u013ekostiach, \u010do umo\u017e\u0148uje piercerovi dodato\u010dn\u00e9 prisp\u00f4sobenie pri vytv\u00e1ran\u00ed kone\u010dn\u00e9ho vzh\u013eadu pre klienta. Shanga Jewellery je d\u00f4veryhodn\u00e1 zna\u010dka v oblasti \u0161perkov na telo a profesion\u00e1lneho piercingu a jej k\u00fasky s\u00fa nielen kr\u00e1sne, ale aj dizajnovo bezpe\u010dn\u00e9 a dostato\u010dne pohodln\u00e9 na ka\u017edodenn\u00e9 nosenie. Tento dizajn je ide\u00e1lny pre piercingov\u00e9 \u0161t\u00fadi\u00e1 a dod\u00e1vate\u013eov \u0161perkov na telo, ktor\u00ed chc\u00fa roz\u0161\u00edri\u0165 svoje pr\u00e9miov\u00e9 zlat\u00e9 l\u00ednie o spo\u013eahliv\u00fd a m\u00f3dny zlat\u00fd zvr\u0161ok, ktor\u00fd sa \u013eahko nasadzuje.<\/p>","protected":false},"excerpt":{"rendered":"<ul>\n<li>Bez z\u00e1vitu - Push pin top<\/li>\n<li>Materi\u00e1l: vrchn\u00e1 \u010das\u0165 zo \u017elt\u00e9ho 18-kar\u00e1tov\u00e9ho zlata, nerezov\u00fd kol\u00edk<\/li>\n<li>Drahokam: Kubick\u00fd zirk\u00f3n<\/li>\n<li>Kompatibiln\u00fd s bezz\u00e1vitov\u00fdmi st\u013apikmi 16G a 14G<\/li>\n<li>Ve\u013ekos\u0165: Ve\u013ek\u00fd - mal\u00fd<\/li>\n<li>Zna\u010dka: Shanga Jewellery<\/li>\n<\/ul>","protected":false},"featured_media":10126,"comment_status":"closed","ping_status":"closed","template":"","meta":{"_acf_changed":false},"product_brand":[],"product_cat":[337,398],"product_tag":[187,188,189,205,206,212,190,183,213,184,207],"class_list":{"0":"post-10123","1":"product","2":"type-product","3":"status-publish","4":"has-post-thumbnail","6":"product_cat-gold-jewelry","7":"product_cat-shanga","8":"product_tag-conch","9":"product_tag-ear","10":"product_tag-helix","11":"product_tag-lobe","12":"product_tag-lobulo","13":"product_tag-medusa","14":"product_tag-oreja","15":"product_tag-perforacion","16":"product_tag-philtrum","17":"product_tag-piercing","18":"product_tag-tragus","20":"first","21":"instock","22":"taxable","23":"shipping-taxable","24":"product-type-variable"},"acf":[],"gallery_images":[],"_links":{"self":[{"href":"https:\/\/tremunpiercing.com\/sk\/wp-json\/wp\/v2\/product\/10123","targetHints":{"allow":["GET"]}}],"collection":[{"href":"https:\/\/tremunpiercing.com\/sk\/wp-json\/wp\/v2\/product"}],"about":[{"href":"https:\/\/tremunpiercing.com\/sk\/wp-json\/wp\/v2\/types\/product"}],"replies":[{"embeddable":true,"href":"https:\/\/tremunpiercing.com\/sk\/wp-json\/wp\/v2\/comments?post=10123"}],"version-history":[{"count":0,"href":"https:\/\/tremunpiercing.com\/sk\/wp-json\/wp\/v2\/product\/10123\/revisions"}],"wp:featuredmedia":[{"embeddable":true,"href":"https:\/\/tremunpiercing.com\/sk\/wp-json\/wp\/v2\/media\/10126"}],"wp:attachment":[{"href":"https:\/\/tremunpiercing.com\/sk\/wp-json\/wp\/v2\/media?parent=10123"}],"wp:term":[{"taxonomy":"product_brand","embeddable":true,"href":"https:\/\/tremunpiercing.com\/sk\/wp-json\/wp\/v2\/product_brand?post=10123"},{"taxonomy":"product_cat","embeddable":true,"href":"https:\/\/tremunpiercing.com\/sk\/wp-json\/wp\/v2\/product_cat?post=10123"},{"taxonomy":"product_tag","embeddable":true,"href":"https:\/\/tremunpiercing.com\/sk\/wp-json\/wp\/v2\/product_tag?post=10123"}],"curies":[{"name":"wp","href":"https:\/\/api.w.org\/{rel}","templated":true}]}}