{"id":10146,"date":"2024-08-21T21:37:08","date_gmt":"2024-08-21T20:37:08","guid":{"rendered":"https:\/\/tremunpiercing.com\/?post_type=product&#038;p=10146"},"modified":"2026-02-18T00:55:36","modified_gmt":"2026-02-17T23:55:36","slug":"square-alisea-4-with-bullets","status":"publish","type":"product","link":"https:\/\/tremunpiercing.com\/sk\/product\/square-alisea-4-with-bullets\/","title":{"rendered":"N\u00e1mestie Alisea 4 s gu\u013ekami"},"content":{"rendered":"<p>Combining contemporary design and timeless luxury, the Square Alisea 4 With Bullets from Shanga Jewellery is made from 18k yellow gold. The threadless push-pin top features shimmering cubic zirconia stones set in a square shape with detailed bullet accents. The included sizes enable piercers&#8217; individuality in styling for the piercer&#8217;s personal aesthetic and placement on clients. The threadless fit system, which is secure and provides two options for Jones&#8217; compatibility with 16G and 14G threadless labret posts, comes in handy for desk use.<\/p>\n<p>The Square Alisea 4 is an excellent ear curation, lip, and jewelry piece for anything where larger more outstanding jewelry is desired. The hypoallergenic gold material allows you to take comfort into account along with aesthetics in the design process. A great addition for piercing studios and retailers, the Square Alisea 4 speaks to a modern, elegant option for quality cubic zirconia jewellery. Perfectly suited for any professional collection, it can be worn as a stand-alone piece or layered with other jewellery.<\/p>","protected":false},"excerpt":{"rendered":"<ul>\n<li>Bez z\u00e1vitu - Push pin top<\/li>\n<li>Materi\u00e1l: vrchn\u00e1 \u010das\u0165 zo \u017elt\u00e9ho 18-kar\u00e1tov\u00e9ho zlata, nerezov\u00fd kol\u00edk<\/li>\n<li>Drahokam: Kubick\u00fd zirk\u00f3n<\/li>\n<li>Kompatibiln\u00fd s bezz\u00e1vitov\u00fdmi st\u013apikmi 16G a 14G<\/li>\n<li>Ve\u013ekos\u0165: Ve\u013ek\u00fd - mal\u00fd<\/li>\n<li>Zna\u010dka: Shanga Jewellery<\/li>\n<\/ul>","protected":false},"featured_media":10149,"comment_status":"closed","ping_status":"closed","template":"","meta":{"_acf_changed":false},"product_brand":[],"product_cat":[337,398],"product_tag":[187,188,189,205,206,212,190,183,213,184,207],"class_list":{"0":"post-10146","1":"product","2":"type-product","3":"status-publish","4":"has-post-thumbnail","6":"product_cat-gold-jewelry","7":"product_cat-shanga","8":"product_tag-conch","9":"product_tag-ear","10":"product_tag-helix","11":"product_tag-lobe","12":"product_tag-lobulo","13":"product_tag-medusa","14":"product_tag-oreja","15":"product_tag-perforacion","16":"product_tag-philtrum","17":"product_tag-piercing","18":"product_tag-tragus","20":"first","21":"instock","22":"taxable","23":"shipping-taxable","24":"product-type-variable"},"acf":[],"gallery_images":[],"_links":{"self":[{"href":"https:\/\/tremunpiercing.com\/sk\/wp-json\/wp\/v2\/product\/10146","targetHints":{"allow":["GET"]}}],"collection":[{"href":"https:\/\/tremunpiercing.com\/sk\/wp-json\/wp\/v2\/product"}],"about":[{"href":"https:\/\/tremunpiercing.com\/sk\/wp-json\/wp\/v2\/types\/product"}],"replies":[{"embeddable":true,"href":"https:\/\/tremunpiercing.com\/sk\/wp-json\/wp\/v2\/comments?post=10146"}],"version-history":[{"count":0,"href":"https:\/\/tremunpiercing.com\/sk\/wp-json\/wp\/v2\/product\/10146\/revisions"}],"wp:featuredmedia":[{"embeddable":true,"href":"https:\/\/tremunpiercing.com\/sk\/wp-json\/wp\/v2\/media\/10149"}],"wp:attachment":[{"href":"https:\/\/tremunpiercing.com\/sk\/wp-json\/wp\/v2\/media?parent=10146"}],"wp:term":[{"taxonomy":"product_brand","embeddable":true,"href":"https:\/\/tremunpiercing.com\/sk\/wp-json\/wp\/v2\/product_brand?post=10146"},{"taxonomy":"product_cat","embeddable":true,"href":"https:\/\/tremunpiercing.com\/sk\/wp-json\/wp\/v2\/product_cat?post=10146"},{"taxonomy":"product_tag","embeddable":true,"href":"https:\/\/tremunpiercing.com\/sk\/wp-json\/wp\/v2\/product_tag?post=10146"}],"curies":[{"name":"wp","href":"https:\/\/api.w.org\/{rel}","templated":true}]}}